{"id":972,"date":"2023-09-25T11:16:34","date_gmt":"2023-09-25T08:16:34","guid":{"rendered":"http:\/\/bvg.lv\/?page_id=972"},"modified":"2024-03-22T08:58:18","modified_gmt":"2024-03-22T06:58:18","slug":"parmainu-process-visai-skolai-lideris-mani","status":"publish","type":"page","link":"https:\/\/bvg.lv\/?page_id=972","title":{"rendered":"P\u0101rmai\u0146u process visai skolai &#8220;L\u012bderis man\u012b&#8221;"},"content":{"rendered":"\n<p><em>L\u012bderis man\u012b \u00ae<\/em>&nbsp;(<em>Leader in me \u00ae<\/em>)ir p\u0101rmai\u0146u programma visai skola. T\u0101 att\u012bst\u012bta sadarbojoties ar izgl\u012bt\u012bbas speci\u0101listiem un iedvesmo skol\u0113nus un studentus izv\u0113l\u0113ties l\u012bder\u012bbu un ieg\u016bt prasmes, kas nepiecie\u0161amas, lai g\u016btu pan\u0101kumus 21.gadsimt\u0101. Programma balst\u012bta personisk\u0101s, starppersonu un organiz\u0101cijas efektivit\u0101tes principos un r\u012bc\u012bb\u0101s. T\u0101 sev\u012b nes premisi, ka ikvien\u0101 b\u0113rn\u0101 un jauniet\u012b ir stipr\u0101s puses un sp\u0113ja uz\u0146emties atbild\u012bbu par savu n\u0101kotni jeb b\u016bt l\u012bderim sav\u0101 dz\u012bv\u0113.<\/p>\n\n\n\n<figure class=\"wp-block-image size-full\"><img loading=\"lazy\" decoding=\"async\" width=\"387\" height=\"812\" src=\"https:\/\/bvg.lv\/wp-content\/uploads\/2024\/03\/parmainu-process-LiM_majas-lapai.png\" alt=\"\" class=\"wp-image-1720\" srcset=\"https:\/\/bvg.lv\/wp-content\/uploads\/2024\/03\/parmainu-process-LiM_majas-lapai.png 387w, https:\/\/bvg.lv\/wp-content\/uploads\/2024\/03\/parmainu-process-LiM_majas-lapai-143x300.png 143w\" sizes=\"auto, (max-width: 387px) 100vw, 387px\" \/><\/figure>\n","protected":false},"excerpt":{"rendered":"<p>L\u012bderis man\u012b \u00ae&nbsp;(Leader in me \u00ae)ir p\u0101rmai\u0146u programma visai skola. T\u0101 att\u012bst\u012bta sadarbojoties ar izgl\u012bt\u012bbas speci\u0101listiem un iedvesmo skol\u0113nus un studentus izv\u0113l\u0113ties l\u012bder\u012bbu un ieg\u016bt prasmes, kas nepiecie\u0161amas, lai g\u016btu pan\u0101kumus 21.gadsimt\u0101. Programma balst\u012bta personisk\u0101s, starppersonu un organiz\u0101cijas efektivit\u0101tes principos &hellip; <a href=\"https:\/\/bvg.lv\/?page_id=972\">Turpiniet las\u012bt <span class=\"meta-nav\">&rarr;<\/span><\/a><\/p>\n","protected":false},"author":1,"featured_media":0,"parent":0,"menu_order":0,"comment_status":"closed","ping_status":"closed","template":"","meta":{"ngg_post_thumbnail":0,"footnotes":""},"class_list":["post-972","page","type-page","status-publish","hentry"],"_links":{"self":[{"href":"https:\/\/bvg.lv\/index.php?rest_route=\/wp\/v2\/pages\/972","targetHints":{"allow":["GET"]}}],"collection":[{"href":"https:\/\/bvg.lv\/index.php?rest_route=\/wp\/v2\/pages"}],"about":[{"href":"https:\/\/bvg.lv\/index.php?rest_route=\/wp\/v2\/types\/page"}],"author":[{"embeddable":true,"href":"https:\/\/bvg.lv\/index.php?rest_route=\/wp\/v2\/users\/1"}],"replies":[{"embeddable":true,"href":"https:\/\/bvg.lv\/index.php?rest_route=%2Fwp%2Fv2%2Fcomments&post=972"}],"version-history":[{"count":2,"href":"https:\/\/bvg.lv\/index.php?rest_route=\/wp\/v2\/pages\/972\/revisions"}],"predecessor-version":[{"id":1721,"href":"https:\/\/bvg.lv\/index.php?rest_route=\/wp\/v2\/pages\/972\/revisions\/1721"}],"wp:attachment":[{"href":"https:\/\/bvg.lv\/index.php?rest_route=%2Fwp%2Fv2%2Fmedia&parent=972"}],"curies":[{"name":"wp","href":"https:\/\/api.w.org\/{rel}","templated":true}]}}