{"id":968,"date":"2023-09-25T11:14:32","date_gmt":"2023-09-25T08:14:32","guid":{"rendered":"http:\/\/bvg.lv\/?page_id=968"},"modified":"2023-09-25T11:14:32","modified_gmt":"2023-09-25T08:14:32","slug":"projekts-kiva","status":"publish","type":"page","link":"https:\/\/bvg.lv\/?page_id=968","title":{"rendered":"Projekts &#8220;KIVA&#8221;"},"content":{"rendered":"\n<p><strong>Latvijas skol\u0101s ievies\u012bs starptautisku programmu \u201cKiVa\u201d bulinga un p\u0101ridar\u012bjumu mazin\u0101\u0161anai<\/strong><\/p>\n\n\n\n<p>P\u0101ridar\u012bjumu un bulinga izplat\u012bba Latvijas skolu vid\u0113 ir liel\u0101ka nek\u0101 jebkur\u0101 cit\u0101 Eiropas Savien\u012bbas valst\u012b \u2013 tre\u0161\u0101 da\u013ca skol\u0113nu vismaz p\u0101ris rei\u017eu m\u0113nes\u012b ir cietu\u0161i no vardarb\u012bbas skol\u0101, liecina OECD dati. Pied\u0101v\u0101jot vienotu r\u012bc\u012bbas pl\u0101nu, lai mazin\u0101tu un nov\u0113rstu p\u0101ridar\u012bjumu izplat\u012bbu, Valsts kanceleja sadarb\u012bb\u0101 ar B\u0113rnu un pusaud\u017eu resursu centru, Latvijas SOS B\u0113rnu ciematu asoci\u0101ciju, Latvijas Universit\u0101ti un R\u012bgas Stradi\u0146a universit\u0101ti 10.mart\u0101 atkl\u0101ja\u00a0 starptautiskas profilakses programmas \u201cKiVa\u201d ievie\u0161anas projektu\u00a0 Latvijas skol\u0101s.<\/p>\n","protected":false},"excerpt":{"rendered":"<p>Latvijas skol\u0101s ievies\u012bs starptautisku programmu \u201cKiVa\u201d bulinga un p\u0101ridar\u012bjumu mazin\u0101\u0161anai P\u0101ridar\u012bjumu un bulinga izplat\u012bba Latvijas skolu vid\u0113 ir liel\u0101ka nek\u0101 jebkur\u0101 cit\u0101 Eiropas Savien\u012bbas valst\u012b \u2013 tre\u0161\u0101 da\u013ca skol\u0113nu vismaz p\u0101ris rei\u017eu m\u0113nes\u012b ir cietu\u0161i no vardarb\u012bbas skol\u0101, liecina OECD &hellip; <a href=\"https:\/\/bvg.lv\/?page_id=968\">Turpiniet las\u012bt <span class=\"meta-nav\">&rarr;<\/span><\/a><\/p>\n","protected":false},"author":1,"featured_media":0,"parent":0,"menu_order":0,"comment_status":"closed","ping_status":"closed","template":"","meta":{"ngg_post_thumbnail":0,"footnotes":""},"class_list":["post-968","page","type-page","status-publish","hentry"],"_links":{"self":[{"href":"https:\/\/bvg.lv\/index.php?rest_route=\/wp\/v2\/pages\/968","targetHints":{"allow":["GET"]}}],"collection":[{"href":"https:\/\/bvg.lv\/index.php?rest_route=\/wp\/v2\/pages"}],"about":[{"href":"https:\/\/bvg.lv\/index.php?rest_route=\/wp\/v2\/types\/page"}],"author":[{"embeddable":true,"href":"https:\/\/bvg.lv\/index.php?rest_route=\/wp\/v2\/users\/1"}],"replies":[{"embeddable":true,"href":"https:\/\/bvg.lv\/index.php?rest_route=%2Fwp%2Fv2%2Fcomments&post=968"}],"version-history":[{"count":1,"href":"https:\/\/bvg.lv\/index.php?rest_route=\/wp\/v2\/pages\/968\/revisions"}],"predecessor-version":[{"id":969,"href":"https:\/\/bvg.lv\/index.php?rest_route=\/wp\/v2\/pages\/968\/revisions\/969"}],"wp:attachment":[{"href":"https:\/\/bvg.lv\/index.php?rest_route=%2Fwp%2Fv2%2Fmedia&parent=968"}],"curies":[{"name":"wp","href":"https:\/\/api.w.org\/{rel}","templated":true}]}}