{"id":961,"date":"2023-09-22T13:01:52","date_gmt":"2023-09-22T10:01:52","guid":{"rendered":"http:\/\/bvg.lv\/?page_id=961"},"modified":"2025-08-26T14:02:43","modified_gmt":"2025-08-26T11:02:43","slug":"atbalsta-grup","status":"publish","type":"page","link":"https:\/\/bvg.lv\/?page_id=961","title":{"rendered":"ATBALSTA GRUPA"},"content":{"rendered":"\n<figure class=\"wp-block-table\"><table><tbody><tr><td><strong>V\u0100RDS UZV\u0100RDS<\/strong><\/td><td><strong>SPECIALIT\u0100TE<\/strong><\/td><td><strong>DARBA LAIKI<\/strong><\/td><\/tr><tr><td>Violeta Pu\u0161pure<\/td><td>soci\u0101l\u0101 pedago\u0123e, atbalsta grupas koordinatore<\/td><td>Katru dienu 9:00-15:00<\/td><\/tr><tr><td>Liene Pomere<\/td><td>direktores vietniece audzin\u0101\u0161anas darb\u0101<\/td><td>Katru dienu 8:30-16:30<\/td><\/tr><tr><td>Eva Zu\u010dika- Kuz\u0146ecova<\/td><td>direktores vietniece &#8211; izgl\u012bt\u012bbas metodi\u0137e<\/td><td>Katru dienu 8:30-16:30<\/td><\/tr><tr><td>Inga Jaun\u0101k\u0101<\/td><td>izgl\u012bt\u012bbas iest\u0101des m\u0101sa<\/td><td>Katru dienu 8:00-16:00<\/td><\/tr><tr><td>Guna Dreimane<\/td><td>izgl\u012bt\u012bbas iest\u0101des bibliotek\u0101re<\/td><td>Katru dienu 8:30-16:30<\/td><\/tr><\/tbody><\/table><\/figure>\n","protected":false},"excerpt":{"rendered":"<p>V\u0100RDS UZV\u0100RDS SPECIALIT\u0100TE DARBA LAIKI Violeta Pu\u0161pure soci\u0101l\u0101 pedago\u0123e, atbalsta grupas koordinatore Katru dienu 9:00-15:00 Liene Pomere direktores vietniece audzin\u0101\u0161anas darb\u0101 Katru dienu 8:30-16:30 Eva Zu\u010dika- Kuz\u0146ecova direktores vietniece &#8211; izgl\u012bt\u012bbas metodi\u0137e Katru dienu 8:30-16:30 Inga Jaun\u0101k\u0101 izgl\u012bt\u012bbas iest\u0101des m\u0101sa &hellip; <a href=\"https:\/\/bvg.lv\/?page_id=961\">Turpiniet las\u012bt <span class=\"meta-nav\">&rarr;<\/span><\/a><\/p>\n","protected":false},"author":1,"featured_media":0,"parent":0,"menu_order":0,"comment_status":"closed","ping_status":"closed","template":"","meta":{"ngg_post_thumbnail":0,"footnotes":""},"class_list":["post-961","page","type-page","status-publish","hentry"],"_links":{"self":[{"href":"https:\/\/bvg.lv\/index.php?rest_route=\/wp\/v2\/pages\/961","targetHints":{"allow":["GET"]}}],"collection":[{"href":"https:\/\/bvg.lv\/index.php?rest_route=\/wp\/v2\/pages"}],"about":[{"href":"https:\/\/bvg.lv\/index.php?rest_route=\/wp\/v2\/types\/page"}],"author":[{"embeddable":true,"href":"https:\/\/bvg.lv\/index.php?rest_route=\/wp\/v2\/users\/1"}],"replies":[{"embeddable":true,"href":"https:\/\/bvg.lv\/index.php?rest_route=%2Fwp%2Fv2%2Fcomments&post=961"}],"version-history":[{"count":9,"href":"https:\/\/bvg.lv\/index.php?rest_route=\/wp\/v2\/pages\/961\/revisions"}],"predecessor-version":[{"id":4430,"href":"https:\/\/bvg.lv\/index.php?rest_route=\/wp\/v2\/pages\/961\/revisions\/4430"}],"wp:attachment":[{"href":"https:\/\/bvg.lv\/index.php?rest_route=%2Fwp%2Fv2%2Fmedia&parent=961"}],"curies":[{"name":"wp","href":"https:\/\/api.w.org\/{rel}","templated":true}]}}