{"id":9,"date":"2022-09-22T12:39:04","date_gmt":"2022-09-22T09:39:04","guid":{"rendered":"http:\/\/bvg.lv\/?page_id=9"},"modified":"2025-09-04T11:47:53","modified_gmt":"2025-09-04T08:47:53","slug":"kontakti","status":"publish","type":"page","link":"https:\/\/bvg.lv\/?page_id=9","title":{"rendered":"Kontakti"},"content":{"rendered":"<p><iframe loading=\"lazy\" style=\"border: 0;\" src=\"https:\/\/www.google.com\/maps\/embed?pb=!1m18!1m12!1m3!1d541.3148356679237!2d27.27672312936096!3d57.13262810000001!2m3!1f0!2f0!3f0!3m2!1i1024!2i768!4f13.1!3m3!1m2!1s0x46ea0a31990fff63%3A0x78acf564fa04dd2b!2sBalvu%20Valsts%20%C4%A3imn%C4%81zija!5e0!3m2!1slv!2slv!4v1663843584161!5m2!1slv!2slv\" width=\"600\" height=\"450\" allowfullscreen=\"allowfullscreen\"><span data-mce-type=\"bookmark\" style=\"display: inline-block; width: 0px; overflow: hidden; line-height: 0;\" class=\"mce_SELRES_start\">\ufeff<\/span><\/iframe><br \/>\n<strong>Adrese:<\/strong> D\u0101rza iela 2, Balvi, LV-4501<\/p>\n<p><strong>Skolas e-pasts:<\/strong> bvg@balvi.lv, bpg@balvi.lv<\/p>\n<p><strong>Direktore : <\/strong>Krist\u012bne Lele, e-pasts &#8211; kristine.lele@balvi.lv, telefons &#8211; +37164522727<\/p>\n<p><strong>Lietvede: <\/strong>Lelde Kei\u0161a, e-pasts &#8211; lelde.keisa@balvi.lv, telefons &#8211; +37164522053; +37126419648<\/p>\n<p><strong>Saimniec\u012bbas vad\u012bt\u0101ja:<\/strong> Monika Baikova, e-pasts &#8211; monika.baikova@balvi.lv, telefons &#8211; +37164522053; +37126419648<\/p>\n<p><strong>Direktores vietnieki:<\/strong><\/p>\n<ul>\n<li style=\"list-style-type: none;\">\n<ul>\n<li style=\"list-style-type: none;\">\n<ul>\n<li>Direktores vietniece izgl\u012bt\u012bbas jom\u0101: In\u0101ra Konivale, e-pasts &#8211; inara.konivale@balvi.lv<\/li>\n<li>Direktores vietniece \u2013 izgl\u012bt\u012bbas metodi\u0137e: Eva Zu\u010dika &#8211; Kuz\u0146ecova, e-pasts &#8211; eva.zucika-kuznecova@balvi.lv<\/li>\n<li>Direktores vietniece audzin\u0101\u0161anas jom\u0101: Liene Pomere, e-pasts &#8211; liene.pomere@balvi.lv<\/li>\n<li>Direktores vietnieks IT jom\u0101: Viktors \u0160\u013cakota, e-pasts &#8211; viktors.slakota@balvi.lv<\/li>\n<\/ul>\n<\/li>\n<\/ul>\n<\/li>\n<\/ul>\n<p><strong>Bibliotek\u0101re: <\/strong>Guna Dreimane, e-pasts &#8211; guna.dreimane@balvi.lv<\/p>\n<p><strong>Soci\u0101lais pedagogs:&nbsp;<\/strong>Violeta Pu\u0161pure, e-pasts &#8211; violeta.puspure@balvi.lv<\/p>\n<p><strong>Skolas m\u0101sa: <\/strong>Inga Jaun\u0101k\u0101, e-pasts &#8211; inga.jaunaka@balvi.lv<\/p>\n<p><strong>Balvu Valsts \u0123imn\u0101zijas intern\u0101ta de\u017eurants: <\/strong>26627925<\/p>\n","protected":false},"excerpt":{"rendered":"<p>\ufeff Adrese: D\u0101rza iela 2, Balvi, LV-4501 Skolas e-pasts: bvg@balvi.lv, bpg@balvi.lv Direktore : Krist\u012bne Lele, e-pasts &#8211; kristine.lele@balvi.lv, telefons &#8211; +37164522727 Lietvede: Lelde Kei\u0161a, e-pasts &#8211; lelde.keisa@balvi.lv, telefons &#8211; +37164522053; +37126419648 Saimniec\u012bbas vad\u012bt\u0101ja: Monika Baikova, e-pasts &#8211; monika.baikova@balvi.lv, telefons &#8211; &hellip; <a href=\"https:\/\/bvg.lv\/?page_id=9\">Turpiniet las\u012bt <span class=\"meta-nav\">&rarr;<\/span><\/a><\/p>\n","protected":false},"author":1,"featured_media":0,"parent":0,"menu_order":0,"comment_status":"closed","ping_status":"closed","template":"","meta":{"ngg_post_thumbnail":0,"footnotes":""},"class_list":["post-9","page","type-page","status-publish","hentry"],"_links":{"self":[{"href":"https:\/\/bvg.lv\/index.php?rest_route=\/wp\/v2\/pages\/9","targetHints":{"allow":["GET"]}}],"collection":[{"href":"https:\/\/bvg.lv\/index.php?rest_route=\/wp\/v2\/pages"}],"about":[{"href":"https:\/\/bvg.lv\/index.php?rest_route=\/wp\/v2\/types\/page"}],"author":[{"embeddable":true,"href":"https:\/\/bvg.lv\/index.php?rest_route=\/wp\/v2\/users\/1"}],"replies":[{"embeddable":true,"href":"https:\/\/bvg.lv\/index.php?rest_route=%2Fwp%2Fv2%2Fcomments&post=9"}],"version-history":[{"count":20,"href":"https:\/\/bvg.lv\/index.php?rest_route=\/wp\/v2\/pages\/9\/revisions"}],"predecessor-version":[{"id":4494,"href":"https:\/\/bvg.lv\/index.php?rest_route=\/wp\/v2\/pages\/9\/revisions\/4494"}],"wp:attachment":[{"href":"https:\/\/bvg.lv\/index.php?rest_route=%2Fwp%2Fv2%2Fmedia&parent=9"}],"curies":[{"name":"wp","href":"https:\/\/api.w.org\/{rel}","templated":true}]}}