{"id":5624,"date":"2026-04-09T12:08:48","date_gmt":"2026-04-09T09:08:48","guid":{"rendered":"https:\/\/bvg.lv\/?page_id=5624"},"modified":"2026-04-09T15:41:42","modified_gmt":"2026-04-09T12:41:42","slug":"karjera","status":"publish","type":"page","link":"https:\/\/bvg.lv\/?page_id=5624","title":{"rendered":"Karjerai noder\u012bgi"},"content":{"rendered":"\n<p><strong>K<\/strong><strong>A<\/strong><strong>R<\/strong><strong>J<\/strong><strong>E<\/strong><strong>R<\/strong><strong>A<\/strong><strong>S<\/strong><strong>&nbsp;T<\/strong><strong>E<\/strong><strong>S<\/strong><strong>T<\/strong><strong>I<\/strong><strong>:&nbsp;<\/strong><\/p>\n\n\n\n<p><em><strong>Ja Tevi nodarbina jaut\u0101jumi \u2013 Kas es esmu? Kas man pat\u012bk? K\u0101du profesiju izv\u0113l\u0113ties? Kur m\u0101c\u012bties t\u0101l\u0101k? u.c., tad iel\u016bkojies nor\u0101d\u012btaj\u0101s interneta vietn\u0113s, izzini un iepaz\u012bsti sevi!!!<\/strong><\/em> Ieskaties par un ap karjeru\u00a0\u00a0<a href=\"https:\/\/www.canva.com\/design\/DAFug89aO_o\/LtkHy41NNNmSFXymk9GFlA\/edit?utm_content=DAFug89aO_o&amp;utm_campaign=designshare&amp;utm_medium=link2&amp;utm_source=sharebutton\"><strong>\u0160EIT<\/strong><\/a><img decoding=\"async\" src=\"https:\/\/www.canva.com\/design\/DAFug89aO_o\/LtkHy41NNNmSFXymk9GFlA\/edit?utm_content=DAFug89aO_o&amp;utm_campaign=designshare&amp;utm_medium=link2&amp;utm_source=sharebutton\" alt=\"\">!<\/p>\n\n\n\n<ul class=\"wp-block-list\">\n<li><strong>NIID.LV\u00a0<\/strong>(Nacion\u0101l\u0101 izgl\u012bt\u012bbas iesp\u0113ju datu b\u0101ze)\u00a0<a href=\"https:\/\/testi.niid.lv\/\">https:\/\/testi.niid.lv\/<\/a><\/li>\n\n\n\n<li><strong>NVA.gov.lv<\/strong>\u00a0(Nodarbin\u0101t\u012bbas valsts a\u0123ent\u016bra)\u00a0<a href=\"https:\/\/cvvp.nva.gov.lv\/#\/pub\/pakalpojumi\/karjeras-testi\">https:\/\/cvvp.nva.gov.lv\/#\/pub\/pakalpojumi\/karjeras-testi<\/a><\/li>\n<\/ul>\n\n\n\n<p><strong>IEPAZ\u012aSTI PROFESIJAS, IZGL\u012aT\u012aBAS IESP\u0112JAS, VIRTU\u0100L\u0100S PRAKSES, STUDIJU TOPU:<\/strong><\/p>\n\n\n\n<p><em><strong>Ja esi students, absolvents vai speci\u0101lists, tad Prakse.lv ir lab\u0101k\u0101 vieta, kur atrast darbu vai praksi, \u0161\u012b ir lab\u0101k\u0101 vieta, kur s\u0101kt savu karjeru, iepaz\u012bt profesiju un darbu re\u0101los uz\u0146\u0113mumos un iejusties re\u0101l\u0101s darba situ\u0101cij\u0101s:&nbsp;<\/strong><\/em><\/p>\n\n\n\n<ul class=\"wp-block-list\">\n<li><strong>PRAKSE.lv<\/strong>\u00a0<a href=\"https:\/\/www.prakse.lv\/profession\/list\">https:\/\/www.prakse.lv\/profession\/list<\/a><\/li>\n\n\n\n<li><strong>PROFESIJU PASAULE<\/strong>\u00a0<a href=\"https:\/\/www.profesijupasaule.lv\/\">https:\/\/www.profesijupasaule.lv\/<\/a><\/li>\n<\/ul>\n\n\n\n<p><em><strong>Darba tirgus prognozes:&nbsp;<\/strong><\/em><\/p>\n\n\n\n<ul class=\"wp-block-list\">\n<li><strong>Ekonomikas ministrija &#8211;\u00a0<a href=\"https:\/\/prognozes.em.gov.lv\/lv\">Darba tirgus prognozes<\/a>\u00a0(apskati darba tirgus prognozes, kuras par\u0101da iesp\u0113jam\u0101s darba tirgus att\u012bst\u012bbas tendences un iesp\u0113jamos riskus, saglab\u0101joties eso\u0161ai izgl\u012bt\u012bbas sist\u0113mai un izgl\u012bt\u012bbas pied\u0101v\u0101juma strukt\u016brai.)\u00a0<\/strong><\/li>\n\n\n\n<li><strong>Nodarbin\u0101t\u012bbas valsts a\u0123ent\u016bra &#8211;\u00a0<a href=\"https:\/\/prognozes.nva.gov.lv\/lv\">Darba tirgus prognozes<\/a><\/strong><\/li>\n<\/ul>\n\n\n\n<p><em><strong>Ja dom\u0101 par profesijas mai\u0146u vai mekl\u0113 jaunus izaicin\u0101jumus sav\u0101 karjer\u0101:<\/strong><\/em><\/p>\n\n\n\n<ul class=\"wp-block-list\">\n<li><strong>Biedr\u012bba Riga TechGirls ir izveidojusi jaunu karjeras atbalsta platformu pa\u0161vad\u012btai karjeras iesp\u0113ju izzin\u0101\u0161anai.\u00a0 &#8220;<a href=\"https:\/\/www.digitalasizaugsmesskola.lv\/\">Digit\u0101l\u0101s izaugsmes skola<\/a>&#8220;. Izmanto ar\u012b sada\u013cu &#8220;<a href=\"https:\/\/www.digitalasizaugsmesskola.lv\/pages\/karjeras-vadiba\">Karjeras vad\u012bba<\/a>&#8220;.\u00a0<\/strong><\/li>\n\n\n\n<li><strong><a href=\"https:\/\/stars.gov.lv\/\">Stars.gov.lv<\/a>\u00a0(izstr\u0101d\u0101 Valsts izgl\u012bt\u012bbas att\u012bst\u012bbas a\u0123ent\u016bra sadarb\u012bb\u0101 ar LR Izgl\u012bt\u012bbas un zin\u0101tnes ministriju).\u00a0<\/strong><\/li>\n\n\n\n<li><strong>STARS pied\u0101v\u0101jums jaunie\u0161iem<a href=\"https:\/\/bvg.lv\/wp-content\/uploads\/2026\/04\/Jauniesu_uzrunasana_2025.pdf\" target=\"_blank\" rel=\"noreferrer noopener\">Jauniesu_uzrunasana_2025<\/a><\/strong><\/li>\n\n\n\n<li><strong>K\u0101 Tu vari izmantot STARS iesp\u0113jas<a href=\"https:\/\/bvg.lv\/wp-content\/uploads\/2026\/04\/BUKLETS_stars.gov_.lv_.pdf\" target=\"_blank\" rel=\"noreferrer noopener\">BUKLETS_stars.gov.lv<\/a><\/strong><\/li>\n\n\n\n<li><strong>Karjeras konsult\u0101ciju pieejam\u012bba nodarbin\u0101tajiem<a href=\"https:\/\/bvg.lv\/wp-content\/uploads\/2026\/04\/KK_infografika_061224-1.pdf\" target=\"_blank\" rel=\"noreferrer noopener\">KK_infografika<\/a><br><\/strong><\/li>\n<\/ul>\n\n\n\n<h2 class=\"wp-block-heading\"><strong><a href=\"http:\/\/viaa.gov.lv\/lat\/karjeras_atbalsts\/euroguidance_sadala\/klasu_audzinatajiem\/\">Metodiskie materi\u0101li pedagogiem:<\/a><\/strong><\/h2>\n\n\n\n<p><strong>VIAA<\/strong>&nbsp;(Valsts izgl\u012bt\u012bbas att\u012bst\u012bbas a\u0123ent\u016bra)<\/p>\n\n\n\n<p><a href=\"https:\/\/www.viaa.gov.lv\/lv\/metodiskie-materiali#metodiskie-materiali-klasu-audzinatajiem\">https:\/\/www.viaa.gov.lv\/lv\/metodiskie-materiali#metodiskie-materiali-klasu-audzinatajiem<\/a><\/p>\n\n\n\n<p><a href=\"https:\/\/www.viaa.gov.lv\/lv\/metodiskie-materiali#izglitibas-un-karjeras-specialistiem\">https:\/\/www.viaa.gov.lv\/lv\/metodiskie-materiali#izglitibas-un-karjeras-specialistiem<\/a><\/p>\n\n\n\n<p><a href=\"https:\/\/www.viaa.gov.lv\/lv\/video-informativie-materiali\">https:\/\/www.viaa.gov.lv\/lv\/video-informativie-materiali<\/a><\/p>\n\n\n\n<p><a href=\"https:\/\/www.viaa.gov.lv\/lv\/ilustrativie-materiali\">https:\/\/www.viaa.gov.lv\/lv\/ilustrativie-materiali<\/a><\/p>\n\n\n\n<p><a href=\"https:\/\/www.viaa.gov.lv\/lv\/speles\">https:\/\/www.viaa.gov.lv\/lv\/speles<\/a><\/p>\n\n\n\n<p><a href=\"https:\/\/www.sutori.com\/en\/story\/aktivitates-un-noderigi-materiali-karjeras-attistibas-atbalstam--QkHjTBySwmhqYDrCiChRa9mm\">Aktivit\u0101tes un noder\u012bgi materi\u0101li karjeras&#8230; | Sutori<\/a>&nbsp;<\/p>\n\n\n\n<p><a href=\"https:\/\/www.viaa.gov.lv\/lv\/par-euroguidance\"><strong>EUROGUIDANCE<\/strong><\/a>&nbsp;&#8211; t\u012bkls, kur\u0161 apvieno visas Eiropas Kopienas M\u016b\u017eizgl\u012bt\u012bbas programmas dal\u012bbvalstu karjeras att\u012bst\u012bbas atbalsta sist\u0113mas.&nbsp;<\/p>\n\n\n\n<p>METODIKAS &#8211;&nbsp;<a href=\"https:\/\/euroguidance.viaa.gov.lv\/mod\/book\/view.php?id=64\">https:\/\/euroguidance.viaa.gov.lv\/mod\/book\/view.php?id=64<\/a><\/p>\n\n\n\n<p><strong>Eurydice zi\u0146ojums<\/strong>&nbsp;&#8220;Ir izn\u0101cis jauns&nbsp;<em>Eurydice<\/em>&nbsp;zi\u0146ojums:&nbsp;<a href=\"https:\/\/www.viaa.gov.lv\/lv\/publikacijas\/macisanas-ilgtspejai-eiropa-kompetencu-veidosana-un-atbalsts-skolotajiem-un-skolam\"><strong>M\u0101c\u012bbas ilgtsp\u0113j\u012bbai Eirop\u0101: kompeten\u010du veido\u0161ana un atbalsts skolot\u0101jiem un skol\u0101m&nbsp;(Learning for sustainability in Europe: Building competences and supporting teachers and schools)<\/strong><\/a>.<\/p>\n\n\n\n<p>P\u0113d\u0113j\u0101 laik\u0101 arvien vair\u0101k tiek atz\u012bta izgl\u012bt\u012bbas iz\u0161\u0137iro\u0161\u0101 loma sabiedr\u012bbas viedok\u013ca veido\u0161an\u0101 par ilgtsp\u0113j\u012bbu, vienl\u012bdz\u012bbu un soci\u0101lo taisn\u012bgumu. Izgl\u012bt\u012bbas iest\u0101d\u0113m, risinot ilgtsp\u0113j\u012bbas probl\u0113mas, ir galven\u0101 loma kompeten\u010du att\u012bst\u012b\u0161an\u0101. Lai efekt\u012bvi sagatavotu izgl\u012btojamos za\u013cajai p\u0101rejai un veicin\u0101t ilgtsp\u0113j\u012bgu n\u0101kotni, ir b\u016btiski integr\u0113t ilgtsp\u0113j\u012bbas kompetences m\u0101c\u012bbu programm\u0101 un nodro\u0161in\u0101t skolot\u0101jiem un skolu vad\u012bt\u0101jiem atbilsto\u0161u apm\u0101c\u012bbu un nor\u0101d\u012bjumus.&nbsp;<em>Eurydice<\/em>&nbsp;jaun\u0101kais zi\u0146ojums st\u0101sta k\u0101 tas tiek \u012bstenots Eiropas izgl\u012bt\u012bbas sist\u0113m\u0101s.<\/p>\n\n\n\n<p>Zi\u0146ojum\u0101 ir apskat\u012bta pamatizgl\u012bt\u012bba un visp\u0101r\u0113j\u0101 vid\u0113j\u0101 izgl\u012bt\u012bba 39 Eiropas izgl\u012bt\u012bbas sist\u0113m\u0101s.&#8221; (1. noda\u013ca &#8220;Ilgtsp\u0113jas kompeten\u010du veido\u0161ana&#8221;).&nbsp;<\/p>\n\n\n\n<h2 class=\"wp-block-heading\"><strong>Informat\u012bvi materi\u0101li un resursi vec\u0101kiem:<\/strong><\/h2>\n\n\n\n<p><strong>1.&nbsp;<\/strong><a href=\"https:\/\/lvportals.lv\/norises\/352222-berniem-ir-tiesibas-un-ari-pienakumi-2023\">B\u0113rniem ir ties\u012bbas un ar\u012b pien\u0101kumi.&nbsp;<\/a><\/p>\n\n\n\n<p><strong>2.Valsts izgl\u012bt\u012bbas inform\u0101cijas sist\u0113ma (<a href=\"https:\/\/www.viis.gov.lv\/registri\/iestades\">VIIS<\/a>) &#8211;<\/strong>&nbsp;re\u0123istr\u0101 iesp\u0113jams mekl\u0113t inform\u0101ciju par izgl\u012bt\u012bbas iest\u0101di (akredit\u0101cijas statuss, \u012bstenot\u0101s izgl\u012bt\u012bbas programmas, akt\u012bv\u0101s intere\u0161u izgl\u012bt\u012bbas programmas, uz\u0146em\u0161anas noteikumi)<\/p>\n\n\n\n<ul id=\"catalog000\" class=\"wp-block-list\">\n<li><a href=\"https:\/\/www.viis.gov.lv\/dati\/izglitibas-iestazu-kas-isteno-profesionalas-videjas-izglitibas-un-arodizglitibas-programmas\">Izgl\u012bt\u012bbas iest\u0101\u017eu, kas \u012bsteno profesion\u0101l\u0101s vid\u0113j\u0101s izgl\u012bt\u012bbas un arodizgl\u012bt\u012bbas programmas, kontaktinform\u0101cija<\/a><\/li>\n\n\n\n<li><a href=\"https:\/\/www.viis.gov.lv\/dati\/izglitibas-iestazu-kas-isteno-visparejas-pamata-un-videjas-izgl-programmas-kontaktinformacija\">Izgl\u012bt\u012bbas iest\u0101\u017eu, kas \u012bsteno visp\u0101r\u0113j\u0101s pamata un vid\u0113j\u0101s izgl. programmas, kontaktinform\u0101cija<\/a><\/li>\n\n\n\n<li><a href=\"https:\/\/www.viis.gov.lv\/dati\/pirmsskolas-izglitibas-iestazu-kontaktinformacija\">Pirmsskolas izgl\u012bt\u012bbas iest\u0101\u017eu kontaktinform\u0101cija<\/a><\/li>\n<\/ul>\n\n\n\n<p><strong>3.&nbsp;<\/strong><a href=\"https:\/\/www.latvijaskvalifikacijas.lv\/izglitibas-sistema\/\">Latvijas izgl\u012bt\u012bbas sist\u0113ma un izgl\u012bt\u012bbas pak\u0101pes Latvijas kvalifik\u0101cijas ietvarstrukt\u016bra (LKI)<\/a><\/p>\n\n\n\n<p><strong>4.<\/strong>&nbsp;Gr\u0101mata \u201e<a href=\"https:\/\/www.viaa.gov.lv\/lv\/media\/2652\/download\">Mans b\u0113rns izv\u0113las karjeru<\/a>\u201d&nbsp; (2010) pal\u012bdz\u0113s vec\u0101kiem akt\u012bv\u0101k l\u012bdzdarboties savu b\u0113rnu profesion\u0101l\u0101s karjeras pl\u0101no\u0161an\u0101.&nbsp;<\/p>\n\n\n\n<p><strong>5.<\/strong>&nbsp;Tavai karjerai &#8211;&nbsp;<a href=\"https:\/\/youtu.be\/PNu-2bE1XCM\">Vec\u0101ki &#8211; b\u0113rna karjeras atbalstam<\/a>.&nbsp;<\/p>\n\n\n\n<p><strong>6.<\/strong>&nbsp;VIAA &#8211; &#8220;<a href=\"https:\/\/www.visc.gov.lv\/lv\/jaunums\/ieteikumi-vecakiem-ka-saskatit-jauniesa-specigas-puses-un-veicinat-karjeras-izaugsmi?utm_source=https%3A%2F%2Fwww.google.com%2F\">Ieteikumi vec\u0101kiem: k\u0101 saskat\u012bt jaunie\u0161a sp\u0113c\u012bg\u0101s puses un veicin\u0101t karjeras izaugsmi<\/a>&#8220;.&nbsp;<\/p>\n\n\n\n<p><strong>7.&nbsp;<\/strong>Vec\u0101ku loma b\u0113rna karjeras izv\u0113l\u0113 &#8211;&nbsp;<a href=\"https:\/\/www.uzdevumi.lv\/jaunumi\/2022\/zinas-04l-2022\/vecaku-loma-berna-karjeras-izvele\">Vec\u0101ku loma b\u0113rna karjeras izv\u0113l\u0113 (uzdevumi.lv)<\/a><\/p>\n\n\n\n<p><strong>8.<\/strong>&nbsp;Inta Leme\u0161onoka, &#8220;Vec\u0101ku atbalsts b\u0113rna veiksm\u012bgas karjeras veido\u0161an\u0101. Rokasgr\u0101mata skolot\u0101jiem un vec\u0101kiem&#8221; (2020).&nbsp;<\/p>\n\n\n\n<p><strong>9.&nbsp;<a href=\"https:\/\/www.niid.lv\/parbaudes_darbi_visp_2024\">Valsts p\u0101rbaudes darbu grafiks visp\u0101r\u0113j\u0101s izgl\u012bt\u012bbas iest\u0101d\u0113s&nbsp;<\/a><\/strong><\/p>\n\n\n\n<p><strong>10.\u00a0<\/strong>K\u0101du atbalstu var sniegt vec\u0101ki? (buklets vec\u0101kiem par vid\u0113jo izgl\u012bt\u012bbu)<a href=\"https:\/\/skola2030.lv\/admin\/filemanager\/files\/2\/Skola2030_buklets_Vidusskola.pdf\" target=\"_blank\" rel=\"noreferrer noopener\"><br>Skola2030_buklets_Vidusskola<\/a><a href=\"https:\/\/bvg.lv\/wp-content\/uploads\/2026\/04\/Resurss_KA-IZVELETIES-KARJERU.pdf\" target=\"_blank\" rel=\"noreferrer noopener\">Resurss_K\u0100 IZV\u0112L\u0112TIES KARJERU<\/a><a href=\"https:\/\/bvg.lv\/wp-content\/uploads\/2026\/04\/v2-Resurss_KA-IZVELETIES-KARJERU.pdf\" target=\"_blank\" rel=\"noreferrer noopener\">2. Resurss_K\u0100 IZV\u0112L\u0112TIES KARJERU\u00a0<\/a><\/p>\n\n\n\n<h2 class=\"wp-block-heading\"><strong>Informat\u012bvi materi\u0101li un resursi skol\u0113niem:<\/strong><\/h2>\n\n\n\n<p><strong>TAVAS DZ\u012aVES NAVIGATORS &#8211;&nbsp;<a href=\"https:\/\/www.viaa.gov.lv\/lv\/media\/2555\/download\">Karjeras vad\u012bbas prasmes<\/a><\/strong><\/p>\n\n\n\n<p><strong>1.\u00a0<a href=\"https:\/\/visasiespejas.lv\/\">Visas iesp\u0113jas<\/a>\u00a0&#8211;\u00a0<\/strong>Visas Iesp\u0113jas ir soci\u0101ls uz\u0146\u0113mums, kas apkopo jaunie\u0161u organiz\u0101cijas un to r\u012bkotos projektus gan Latvij\u0101, gan pasaul\u0113 (darba tinderis, br\u012bvpr\u0101t\u012bgasi darbs).\u00a0<\/p>\n\n\n\n<p><strong>2.\u00a0<a href=\"https:\/\/jaunatne.gov.lv\/\">Jaunatnes starptautisko programmu a\u0123ent\u016bra (JSPA)<\/a><\/strong>\u00a0&#8211;\u00a0A\u0123ent\u016bra sniedz jaunie\u0161iem iesp\u0113jas rakst\u012bt projektus, izplata jaunie\u0161iem interesantu un noder\u012bgu inform\u0101ciju par vi\u0146u iesp\u0113j\u0101m Eirop\u0101, veicina pieredzes apmai\u0146u un nodro\u0161ina konsult\u0101cijas par projektu rakst\u012b\u0161anu. A\u0123ent\u016bra administr\u0113 Eiropas Savien\u012bbas programmu \u201cErasmus+\u201d jaunatnes jom\u0101, Eiropas Savien\u012bbas programmu \u201cEiropas Solidarit\u0101tes korpuss\u201d, k\u0101 ar\u012b Eiropas Komisijas inform\u0101cijas t\u012bklu jaunie\u0161iem \u201cEurodesk\u201d, \u201ceTwinning\u201d, Izgl\u012bt\u012bbas un zin\u0101tnes ministrijas Jaunatnes politikas valsts programmu, k\u0101 ar\u012b projektus \u201cDigit\u0101l\u0101 darba ar jaunatni sist\u0113mas att\u012bst\u012bba pa\u0161vald\u012bb\u0101s\u201d un \u201cPROTI un DARI 2.0\u201d.\u00a0<\/p>\n\n\n\n<p><strong>3.\u00a0<a href=\"https:\/\/pasizpete.rtu.lv\/\">D\u017eona Holanda pa\u0161izp\u0113tes tests<\/a>\u00a0<\/strong>&#8211; D\u017eons Holands (psihologs un profesors) ir izstr\u0101d\u0101jis teoriju, kura pal\u012bdz izv\u0113l\u0113ties karjeras vai izgl\u012bt\u012bbas programmu, kas atbilst katra person\u012bbai un interes\u0113m. P\u0113t\u012bjumi liecina, ka, to darot to, kas atbilst katra interes\u0113m un person\u012bbai, tiek sperts b\u016btisks soli uz labsaj\u016btu un pan\u0101kumiem. Pan\u0101kumi noz\u012bm\u0113, ka j\u016bties labi un lab\u0101k veicas gan darb\u0101, gan skol\u0101.\u00a0<a href=\"https:\/\/personalityjunkie.com\/holland-code-riasec-career-interests-myers-briggs-types\/\">D\u017e. Holanda kods (uzskat\u0101ma inform\u0101cija ang\u013cu valod\u0101)<\/a>.\u00a0<\/p>\n\n\n\n<p><strong>4.<\/strong>\u00a0<a href=\"https:\/\/www.nakotnesdarbs.lv\/\"><strong>N\u0101kotnes darbs<\/strong><\/a>\u00a0&#8211; par profesiju piem\u0113rot\u012bbu person\u012bbai, profesij\u0101 nepiecie\u0161am\u0101s kompetences, piepras\u012bjums p\u0113c profesijas Latvij\u0101 un potenci\u0101lais atalgojums.\u00a0<\/p>\n\n\n\n<p><strong>5.\u00a0<a href=\"https:\/\/www.digip.lv\/\">Digit\u0101lo inov\u0101ciju parks<\/a>\u00a0<\/strong>Liep\u0101j\u0101 &#8211; IT iesp\u0113ju platforma, IT jomu profesion\u0101\u013cu kopiena, meistarklases, aktu\u0101l\u0101 inform\u0101cija jaunie\u0161iem un skol\u0113niem (meistarklases un nodarb\u012bbas).\u00a0<\/p>\n\n\n\n<p><strong>6. Br\u012bvpr\u0101t\u012bg\u0101 darba iesp\u0113jas\u00a0<\/strong>&#8211;\u00a0<a href=\"https:\/\/likumi.lv\/ta\/id\/275061-brivpratiga-darba-likums\">Br\u012bvpr\u0101t\u012bg\u0101 darba likums<\/a>,\u00a0<a href=\"https:\/\/www.liepaja.lv\/jauniesu-brivpratigais-darbs\/\">Jaunie\u0161u br\u012bvpr\u0101t\u012bgais darbs Liep\u0101j\u0101<\/a>,\u00a0\u00a0<a href=\"https:\/\/youth.europa.eu\/solidarity\/young-people\/volunteering_lv\">Eiropas Solidarit\u0101tes korpuss\u00a0<\/a><\/p>\n\n\n\n<p><strong>7.<\/strong>\u00a0Nodarbin\u0101t\u012bbas valsts a\u0123ent\u016bras (NVA) pas\u0101kums\u00a0<strong><a href=\"https:\/\/www.nva.gov.lv\/lv\/skolenu-vasaras-nodarbinatiba-skoleniem?utm_source=https%3A%2F%2Fwww.google.com%2F\">Skol\u0113nu vasaras nodarbin\u0101t\u012bba\u00a0<\/a><\/strong><\/p>\n\n\n\n<p><strong>8.\u00a0<a href=\"https:\/\/www.niid.lv\/infodienas\">Atv\u0113rto durvju dienas izgl\u012bt\u012bbas iest\u0101d\u0113s Latvij\u0101\u00a0<\/a><\/strong><\/p>\n\n\n\n<p><strong>9. Stipendijas:\u00a0<\/strong><\/p>\n\n\n\n<p><a href=\"https:\/\/www.fonds.lv\">https:\/\/www.fonds.lv<\/a><\/p>\n\n\n\n<p><a href=\"http:\/\/www.vitolufonds.lv\/sakums\">http:\/\/www.vitolufonds.lv\/sakums<\/a><\/p>\n\n\n\n<p><strong>10.<\/strong>\u00a0Studiju ce\u013cvedis Eirop\u0101 &#8211;\u00a0<a href=\"https:\/\/www.viaa.gov.lv\/lv\/studiju-celvedis-eiropa?utm_source=https%3A%2F%2Fwww.google.com%2F\"><strong>Euroguidance<\/strong><\/a><\/p>\n\n\n\n<p><strong>11.<\/strong>\u00a0Darba iesp\u0113jas Eirop\u0101 &#8211;\u00a0<a href=\"https:\/\/www.nva.gov.lv\/lv\/darbinieku-meklesana-latvija-un-arvalstis\"><strong>EURES\u00a0<\/strong><\/a><\/p>\n\n\n\n<p><strong>12.<\/strong>\u00a0<a href=\"https:\/\/prognozes.em.gov.lv\/lv\"><strong>Ekonomikas ministrijas darba tirgus prognozes<\/strong>\u00a0<\/a>&#8211; viens no instrumentiem, kas \u013cauj priek\u0161laic\u012bgi paredz\u0113t darba tirgus neatbilst\u012bbu veido\u0161anos n\u0101kotn\u0113. T\u0101s par\u0101da iesp\u0113jam\u0101s darba tirgus att\u012bst\u012bbas tendences un iesp\u0113jamos riskus, saglab\u0101joties eso\u0161ai izgl\u012bt\u012bbas sist\u0113mai un izgl\u012bt\u012bbas pied\u0101v\u0101juma strukt\u016brai. Prognozes ir tikai viens no posmiem darbasp\u0113ka pied\u0101v\u0101juma piel\u0101go\u0161anas proces\u0101. T\u0101 ir kvantitat\u012bva b\u0101ze t\u0101l\u0101k\u0101m diskusij\u0101m starp nodarbin\u0101t\u012bbas, izgl\u012bt\u012bbas un strukt\u016brpolitikas veidot\u0101jiem, soci\u0101lajiem partneriem, zin\u0101tniekiem un cit\u0101m iesaist\u012bt\u0101m pus\u0113m, lai savlaic\u012bgi sagatavotos un piel\u0101gotos sagaid\u0101maj\u0101m struktur\u0101laj\u0101m izmai\u0146\u0101m tautsaimniec\u012bb\u0101.<\/p>\n\n\n\n<p><strong>13.<\/strong>\u00a0Dz\u012bves g\u0101juma (Curriculum Vitae) izveide &#8211;\u00a0<a href=\"https:\/\/europa.eu\/europass\/eportfolio\/screen\/cv-editor?lang=lv\"><strong>Europass<\/strong><\/a><\/p>\n\n\n\n<p><strong>14. K\u0101 izveidot Europass CV uz vienas lapas &#8211;<\/strong>\u00a0<a href=\"https:\/\/euroguidance.viaa.gov.lv\/mod\/book\/view.php?id=117&amp;chapterid=1819\" target=\"_blank\" rel=\"noreferrer noopener\">https:\/\/euroguidance.viaa.gov.lv\/mod\/book\/view.php?id=117&amp;chapterid=1819<\/a><\/p>\n\n\n\n<p><strong>15.<\/strong>\u00a0<a href=\"https:\/\/lv.usembassy.gov\/lv\/education-culture-lv\/flex-program-lv\/\">FLEX programma vidusskol\u0113niem<\/a>\u00a0(iesp\u0113ja skol\u0113niem, kuri v\u0113l\u0101s izmantot iesp\u0113ju m\u0101c\u012bties vidusskol\u0101 ASV).\u00a0<\/p>\n","protected":false},"excerpt":{"rendered":"<p>KARJERAS&nbsp;TESTI:&nbsp; Ja Tevi nodarbina jaut\u0101jumi \u2013 Kas es esmu? Kas man pat\u012bk? K\u0101du profesiju izv\u0113l\u0113ties? Kur m\u0101c\u012bties t\u0101l\u0101k? u.c., tad iel\u016bkojies nor\u0101d\u012btaj\u0101s interneta vietn\u0113s, izzini un iepaz\u012bsti sevi!!! Ieskaties par un ap karjeru\u00a0\u00a0\u0160EIT! IEPAZ\u012aSTI PROFESIJAS, IZGL\u012aT\u012aBAS IESP\u0112JAS, VIRTU\u0100L\u0100S PRAKSES, STUDIJU &hellip; <a href=\"https:\/\/bvg.lv\/?page_id=5624\">Turpiniet las\u012bt <span class=\"meta-nav\">&rarr;<\/span><\/a><\/p>\n","protected":false},"author":1,"featured_media":0,"parent":0,"menu_order":0,"comment_status":"closed","ping_status":"closed","template":"","meta":{"ngg_post_thumbnail":0,"footnotes":""},"class_list":["post-5624","page","type-page","status-publish","hentry"],"_links":{"self":[{"href":"https:\/\/bvg.lv\/index.php?rest_route=\/wp\/v2\/pages\/5624","targetHints":{"allow":["GET"]}}],"collection":[{"href":"https:\/\/bvg.lv\/index.php?rest_route=\/wp\/v2\/pages"}],"about":[{"href":"https:\/\/bvg.lv\/index.php?rest_route=\/wp\/v2\/types\/page"}],"author":[{"embeddable":true,"href":"https:\/\/bvg.lv\/index.php?rest_route=\/wp\/v2\/users\/1"}],"replies":[{"embeddable":true,"href":"https:\/\/bvg.lv\/index.php?rest_route=%2Fwp%2Fv2%2Fcomments&post=5624"}],"version-history":[{"count":3,"href":"https:\/\/bvg.lv\/index.php?rest_route=\/wp\/v2\/pages\/5624\/revisions"}],"predecessor-version":[{"id":5633,"href":"https:\/\/bvg.lv\/index.php?rest_route=\/wp\/v2\/pages\/5624\/revisions\/5633"}],"wp:attachment":[{"href":"https:\/\/bvg.lv\/index.php?rest_route=%2Fwp%2Fv2%2Fmedia&parent=5624"}],"curies":[{"name":"wp","href":"https:\/\/api.w.org\/{rel}","templated":true}]}}