{"id":5177,"date":"2026-01-05T11:06:28","date_gmt":"2026-01-05T09:06:28","guid":{"rendered":"https:\/\/bvg.lv\/?page_id=5177"},"modified":"2026-01-05T15:55:50","modified_gmt":"2026-01-05T13:55:50","slug":"regionalas-konferences-efektivs-macibu-process-atslega-ikviena-izaugsmei-pieredzes-stasti-23-10-2025","status":"publish","type":"page","link":"https:\/\/bvg.lv\/?page_id=5177","title":{"rendered":"Re\u0123ion\u0101l\u0101s konferences &#8220;Efekt\u012bvs m\u0101c\u012bbu process atsl\u0113ga ikviena izaugsmei&#8221; pieredzes st\u0101sti (23.10.2025)"},"content":{"rendered":"\n<p><a href=\"https:\/\/bvg.lv\/wp-content\/uploads\/2026\/01\/Spele_Man-ir-Kam-ir.pdf\" target=\"_blank\" rel=\"noreferrer noopener\">Sp\u0113le \u00abMan ir\/ Kam ir\u00bb<\/a><\/p>\n\n\n\n<p><a href=\"https:\/\/bvg.lv\/wp-content\/uploads\/2026\/01\/Spektrofotometrija_kvantitativas-analizes-metode.pdf\" target=\"_blank\" rel=\"noreferrer noopener\">Spektrofotometrija kvantitat\u012bv\u0101s anal\u012bzes metode, Skol\u0113nu p\u0113tniecisko prasmju izkop\u0161ana un pilnveido\u0161ana stund\u0101s un ZPD izstr\u0101d\u0113<\/a><\/p>\n\n\n\n<p><a href=\"https:\/\/bvg.lv\/wp-content\/uploads\/2026\/01\/Tekstpratiba-dizaina-un-tehnologiju-stundas.pdf\" target=\"_blank\" rel=\"noreferrer noopener\">Tekstprat\u012bba m\u0101c\u012bbu priek\u0161met\u0101 Dizains un tehnolo\u0123ijas<\/a><\/p>\n\n\n\n<p><a href=\"https:\/\/bvg.lv\/wp-content\/uploads\/2026\/01\/Macibu-stunda-ka-radosas-domas-telpa.pdf\" target=\"_blank\" rel=\"noreferrer noopener\">M\u0101c\u012bbu stunda k\u0101 rado\u0161\u0101s domas telpa<\/a><\/p>\n\n\n\n<p><a href=\"https:\/\/bvg.lv\/wp-content\/uploads\/2026\/01\/Tekstpratiba.pdf\" target=\"_blank\" rel=\"noreferrer noopener\">Tekstprat\u012bba<\/a><\/p>\n\n\n\n<p><a href=\"https:\/\/bvg.lv\/wp-content\/uploads\/2026\/01\/Skaistuma-un-estetikas-izpratne-senaja-un-antikaja-laikmeta.pdf\">Skaistuma un est\u0113tikas izpratne senaj\u0101 pasaul\u0113 un ant\u012bkaj\u0101 laikmet\u0101 9.klase<\/a><\/p>\n\n\n\n<p><a href=\"https:\/\/bvg.lv\/wp-content\/uploads\/2026\/01\/Vizuala-pratiba-macibu-procesa.pdf\" target=\"_blank\" rel=\"noreferrer noopener\">Vizu\u0101l\u0101 prat\u012bba m\u0101c\u012bbu proces\u0101<\/a><\/p>\n\n\n\n<p><a href=\"https:\/\/bvg.lv\/wp-content\/uploads\/2026\/01\/Sadarbiba-ka-kvalitativa-macibu-procesa-sastavdala.pdf\" target=\"_blank\" rel=\"noreferrer noopener\">Sadarb\u012bba k\u0101 kvalitat\u012bva m\u0101c\u012bbu procesa sast\u0101vda\u013ca<\/a><\/p>\n\n\n\n<p><a href=\"https:\/\/bvg.lv\/wp-content\/uploads\/2026\/01\/Pasvadita-macisanas-ar-digitalajam-platformam.pdf\">Pa\u0161vad\u012bta m\u0101c\u012b\u0161an\u0101s ar digit\u0101laj\u0101m platform\u0101m<\/a><\/p>\n\n\n\n<p><a href=\"https:\/\/bvg.lv\/wp-content\/uploads\/2026\/01\/Atjautigakais_veiklakais-gudrinieks-matematikis.pdf\">Atjaut\u012bg\u0101kais, veikl\u0101kais gudrinieks &#8211; matem\u0101ti\u0137is<\/a><\/p>\n\n\n\n<p><a href=\"https:\/\/bvg.lv\/wp-content\/uploads\/2026\/01\/Darbibas-ar-vektoriem-geometriska-forma-10.klase_.pdf\" target=\"_blank\" rel=\"noreferrer noopener\">Darb\u012bbas ar vektoriem \u0123eometrisk\u0101 form\u0101 Stundas pl\u0101ns 10.klas\u0113<\/a><\/p>\n\n\n\n<p><a href=\"https:\/\/bvg.lv\/wp-content\/uploads\/2026\/01\/Improvizacijas-speles-un-tehnikas.pdf\" target=\"_blank\" rel=\"noreferrer noopener\">Improviz\u0101cijas sp\u0113les un tehnikas<\/a><\/p>\n\n\n\n<p><a href=\"https:\/\/bvg.lv\/wp-content\/uploads\/2026\/01\/Darbs-ar-tekstu_tekspratiba-anglu-valoda.pdf\" target=\"_blank\" rel=\"noreferrer noopener\">Darbs ar tekstu\/ tekstprat\u012bba (Interaction with texts (DARTs))<\/a><\/p>\n\n\n\n<p><a href=\"https:\/\/bvg.lv\/wp-content\/uploads\/2026\/01\/Inzenierzinibas_Energijas-parvertibas.pdf\" target=\"_blank\" rel=\"noreferrer noopener\">In\u017eenierzin\u012bbas 7.klasei Ener\u0123ijas p\u0101rv\u0113rt\u012bbas<\/a><\/p>\n\n\n\n<p><a href=\"https:\/\/bvg.lv\/wp-content\/uploads\/2026\/01\/Idejas-radosai-rakstisanai.pdf\" target=\"_blank\" rel=\"noreferrer noopener\">Idejas rado\u0161ai rakst\u012b\u0161anai<\/a><\/p>\n\n\n\n<p><a href=\"https:\/\/bvg.lv\/wp-content\/uploads\/2026\/01\/Matematiskie-labirinti-ka-radoss-panemiens-macibu-procesa.pdf\" target=\"_blank\" rel=\"noreferrer noopener\">Matem\u0101tiskie labirinti k\u0101 rado\u0161s pa\u0146\u0113miens m\u0101c\u012bbu proces\u0101<\/a><\/p>\n\n\n\n<p><a href=\"https:\/\/bvg.lv\/wp-content\/uploads\/2026\/01\/Kulturas-faktu-izmantosana-macibu-stundas.pdf\" target=\"_blank\" rel=\"noreferrer noopener\">Kult\u016bras faktu izmanto\u0161ana m\u0101c\u012bbu stund\u0101s<\/a><\/p>\n\n\n\n<p><a href=\"https:\/\/bvg.lv\/wp-content\/uploads\/2026\/01\/MI-izmantosana-lasitprasmes-veicinasanai-svesvaloda.pdf\" target=\"_blank\" rel=\"noreferrer noopener\">MI izmanto\u0161ana las\u012btprasmes veicin\u0101\u0161anai sve\u0161valod\u0101<\/a><\/p>\n\n\n\n<p><a href=\"https:\/\/bvg.lv\/wp-content\/uploads\/2026\/01\/Radosie-risinajumi-matematikas-stundam.pdf\" target=\"_blank\" rel=\"noreferrer noopener\">Rado\u0161ie risin\u0101jumi matem\u0101tikas stund\u0101m<\/a><\/p>\n\n\n\n<p><a href=\"https:\/\/bvg.lv\/wp-content\/uploads\/2026\/01\/Maksliga-intelekta-ietekme-uz-macibu-prieksmetu-Datorika-un-Programmesana-apguvi.pdf\" target=\"_blank\" rel=\"noreferrer noopener\">M\u0101ksl\u012bg\u0101 intelekta ietekme uz m\u0101c\u012bbu priek\u0161metu \u201cDatorika\u201d un \u201cProgramm\u0113\u0161ana\u201d apguvi<\/a><\/p>\n\n\n\n<p><a href=\"https:\/\/bvg.lv\/wp-content\/uploads\/2026\/01\/Lielformata-speles-matematika.pdf\" target=\"_blank\" rel=\"noreferrer noopener\">Lielform\u0101ta sp\u0113les matem\u0101tik\u0101<\/a><\/p>\n\n\n\n<p><\/p>\n","protected":false},"excerpt":{"rendered":"<p>Sp\u0113le \u00abMan ir\/ Kam ir\u00bb Spektrofotometrija kvantitat\u012bv\u0101s anal\u012bzes metode, Skol\u0113nu p\u0113tniecisko prasmju izkop\u0161ana un pilnveido\u0161ana stund\u0101s un ZPD izstr\u0101d\u0113 Tekstprat\u012bba m\u0101c\u012bbu priek\u0161met\u0101 Dizains un tehnolo\u0123ijas M\u0101c\u012bbu stunda k\u0101 rado\u0161\u0101s domas telpa Tekstprat\u012bba Skaistuma un est\u0113tikas izpratne senaj\u0101 pasaul\u0113 un ant\u012bkaj\u0101 &hellip; <a href=\"https:\/\/bvg.lv\/?page_id=5177\">Turpiniet las\u012bt <span class=\"meta-nav\">&rarr;<\/span><\/a><\/p>\n","protected":false},"author":1,"featured_media":0,"parent":0,"menu_order":0,"comment_status":"closed","ping_status":"closed","template":"","meta":{"ngg_post_thumbnail":0,"footnotes":""},"class_list":["post-5177","page","type-page","status-publish","hentry"],"_links":{"self":[{"href":"https:\/\/bvg.lv\/index.php?rest_route=\/wp\/v2\/pages\/5177","targetHints":{"allow":["GET"]}}],"collection":[{"href":"https:\/\/bvg.lv\/index.php?rest_route=\/wp\/v2\/pages"}],"about":[{"href":"https:\/\/bvg.lv\/index.php?rest_route=\/wp\/v2\/types\/page"}],"author":[{"embeddable":true,"href":"https:\/\/bvg.lv\/index.php?rest_route=\/wp\/v2\/users\/1"}],"replies":[{"embeddable":true,"href":"https:\/\/bvg.lv\/index.php?rest_route=%2Fwp%2Fv2%2Fcomments&post=5177"}],"version-history":[{"count":5,"href":"https:\/\/bvg.lv\/index.php?rest_route=\/wp\/v2\/pages\/5177\/revisions"}],"predecessor-version":[{"id":5207,"href":"https:\/\/bvg.lv\/index.php?rest_route=\/wp\/v2\/pages\/5177\/revisions\/5207"}],"wp:attachment":[{"href":"https:\/\/bvg.lv\/index.php?rest_route=%2Fwp%2Fv2%2Fmedia&parent=5177"}],"curies":[{"name":"wp","href":"https:\/\/api.w.org\/{rel}","templated":true}]}}