{"id":4901,"date":"2025-10-31T15:51:17","date_gmt":"2025-10-31T13:51:17","guid":{"rendered":"https:\/\/bvg.lv\/?page_id=4901"},"modified":"2025-10-31T16:06:19","modified_gmt":"2025-10-31T14:06:19","slug":"sasniegumi-sporta-sacensibas","status":"publish","type":"page","link":"https:\/\/bvg.lv\/?page_id=4901","title":{"rendered":"Sasniegumi sporta sacens\u012bb\u0101s"},"content":{"rendered":"\n<figure class=\"wp-block-table alignleft is-style-stripes\"><table><tbody><tr><td class=\"has-text-align-left\" data-align=\"left\"><strong>Nr.<\/strong><br><strong>p.k<\/strong>.<\/td><td class=\"has-text-align-left\" data-align=\"left\"><strong>Nomin\u0101cija<\/strong><\/td><\/tr><tr><td class=\"has-text-align-left\" data-align=\"left\">1.<\/td><td class=\"has-text-align-left\" data-align=\"left\">Balvu novada skol\u0113nu kausa izc\u012b\u0146a pludmales volejbol\u0101&nbsp; A grup\u0101 &#8211; 1.vieta.<\/td><\/tr><tr><td class=\"has-text-align-left\" data-align=\"left\">8.<\/td><td class=\"has-text-align-left\" data-align=\"left\">Balvu novada skol\u0113nu kausa izc\u012b\u0146a pludmales volejbol\u0101 B grup\u0101 &#8211; 1.vieta.<\/td><\/tr><tr><td class=\"has-text-align-left\" data-align=\"left\">9.<\/td><td class=\"has-text-align-left\" data-align=\"left\">Balvu novada atkl\u0101t\u0101s skol\u0113nu sporta sp\u0113les volejbol\u0101 A grup\u0101 &#8211; 2.vieta.<strong><\/strong><\/td><\/tr><tr><td class=\"has-text-align-left\" data-align=\"left\">10.<\/td><td class=\"has-text-align-left\" data-align=\"left\">Balvu novada atkl\u0101t\u0101s skol\u0113nu sporta sp\u0113les volejbol\u0101 B grup\u0101 &#8211; 1.vieta.<strong><\/strong><\/td><\/tr><tr><td class=\"has-text-align-left\" data-align=\"left\">11.<\/td><td class=\"has-text-align-left\" data-align=\"left\">Latgales re\u0123iona sacens\u012bbas volejbol\u0101 B grup\u0101 &#8211; 3.vieta.<strong><\/strong><\/td><\/tr><tr><td class=\"has-text-align-left\" data-align=\"left\">12.<\/td><td class=\"has-text-align-left\" data-align=\"left\">Top kausa atlases sacens\u012bbas A grup\u0101 &#8211; 1.vieta.<strong><\/strong><\/td><\/tr><tr><td class=\"has-text-align-left\" data-align=\"left\">13.<\/td><td class=\"has-text-align-left\" data-align=\"left\">Top kausa atlases sacens\u012bbas B grup\u0101 &#8211; 1.vieta.<strong><\/strong><\/td><\/tr><tr><td class=\"has-text-align-left\" data-align=\"left\">14.<\/td><td class=\"has-text-align-left\" data-align=\"left\">Balvu novada skol\u0113nu kausa izc\u012b\u0146a pludmales volejbol\u0101 &#8211; 2.vieta.<strong><\/strong><\/td><\/tr><tr><td class=\"has-text-align-left\" data-align=\"left\">15.<\/td><td class=\"has-text-align-left\" data-align=\"left\">Balvu novada atkl\u0101t\u0101s skol\u0113nu sporta sp\u0113les volejbol\u0101 (z\u0113ni) Baltinav\u0101 &#8211; 2.vieta.<strong><\/strong><\/td><\/tr><tr><td class=\"has-text-align-left\" data-align=\"left\">16.<\/td><td class=\"has-text-align-left\" data-align=\"left\">Top kausa atlases sacens\u012bbas B grup\u0101 Balvos &#8211; 1.vieta.<strong><\/strong><\/td><\/tr><tr><td class=\"has-text-align-left\" data-align=\"left\">17.<\/td><td class=\"has-text-align-left\" data-align=\"left\">Balvu novada skol\u0113nu kausa izc\u012b\u0146a pludmales volejbol\u0101 A grup\u0101 Balvos &#8211; 1.vieta.<strong><\/strong><\/td><\/tr><tr><td class=\"has-text-align-left\" data-align=\"left\">18.<\/td><td class=\"has-text-align-left\" data-align=\"left\">Balvu novada skol\u0113nu kausa izc\u012b\u0146a pludmales volejbol\u0101 B grup\u0101 &#8211; 1.vieta.<strong><\/strong><\/td><\/tr><tr><td class=\"has-text-align-left\" data-align=\"left\">19.<\/td><td class=\"has-text-align-left\" data-align=\"left\">Latgales re\u0123iona sacens\u012bbas volejbol\u0101 A grup\u0101 &#8211; 5.vieta.<strong><\/strong><\/td><\/tr><tr><td class=\"has-text-align-left\" data-align=\"left\">20.<\/td><td class=\"has-text-align-left\" data-align=\"left\">Latgales re\u0123iona sacens\u012bbas volejbol\u0101 B grup\u0101 &#8211; 2.vieta.<strong><\/strong><\/td><\/tr><tr><td class=\"has-text-align-left\" data-align=\"left\">21.<\/td><td class=\"has-text-align-left\" data-align=\"left\">Top kausa atlases sacens\u012bbas A grup\u0101 &#8211; 1.vieta.<strong><\/strong><\/td><\/tr><tr><td class=\"has-text-align-left\" data-align=\"left\">22.<\/td><td class=\"has-text-align-left\" data-align=\"left\">Top kausa atlases sacens\u012bbas B grup\u0101 &#8211; 1.vieta.<strong><\/strong><\/td><\/tr><\/tbody><\/table><\/figure>\n","protected":false},"excerpt":{"rendered":"<p>Nr.p.k. Nomin\u0101cija 1. Balvu novada skol\u0113nu kausa izc\u012b\u0146a pludmales volejbol\u0101&nbsp; A grup\u0101 &#8211; 1.vieta. 8. Balvu novada skol\u0113nu kausa izc\u012b\u0146a pludmales volejbol\u0101 B grup\u0101 &#8211; 1.vieta. 9. Balvu novada atkl\u0101t\u0101s skol\u0113nu sporta sp\u0113les volejbol\u0101 A grup\u0101 &#8211; 2.vieta. 10. Balvu &hellip; <a href=\"https:\/\/bvg.lv\/?page_id=4901\">Turpiniet las\u012bt <span class=\"meta-nav\">&rarr;<\/span><\/a><\/p>\n","protected":false},"author":1,"featured_media":0,"parent":0,"menu_order":0,"comment_status":"closed","ping_status":"closed","template":"","meta":{"ngg_post_thumbnail":0,"footnotes":""},"class_list":["post-4901","page","type-page","status-publish","hentry"],"_links":{"self":[{"href":"https:\/\/bvg.lv\/index.php?rest_route=\/wp\/v2\/pages\/4901","targetHints":{"allow":["GET"]}}],"collection":[{"href":"https:\/\/bvg.lv\/index.php?rest_route=\/wp\/v2\/pages"}],"about":[{"href":"https:\/\/bvg.lv\/index.php?rest_route=\/wp\/v2\/types\/page"}],"author":[{"embeddable":true,"href":"https:\/\/bvg.lv\/index.php?rest_route=\/wp\/v2\/users\/1"}],"replies":[{"embeddable":true,"href":"https:\/\/bvg.lv\/index.php?rest_route=%2Fwp%2Fv2%2Fcomments&post=4901"}],"version-history":[{"count":4,"href":"https:\/\/bvg.lv\/index.php?rest_route=\/wp\/v2\/pages\/4901\/revisions"}],"predecessor-version":[{"id":4911,"href":"https:\/\/bvg.lv\/index.php?rest_route=\/wp\/v2\/pages\/4901\/revisions\/4911"}],"wp:attachment":[{"href":"https:\/\/bvg.lv\/index.php?rest_route=%2Fwp%2Fv2%2Fmedia&parent=4901"}],"curies":[{"name":"wp","href":"https:\/\/api.w.org\/{rel}","templated":true}]}}