{"id":4506,"date":"2025-09-10T15:41:03","date_gmt":"2025-09-10T12:41:03","guid":{"rendered":"https:\/\/bvg.lv\/?page_id=4506"},"modified":"2025-09-10T15:42:13","modified_gmt":"2025-09-10T12:42:13","slug":"macibu-stundu-laiki-balvu-valsts-gimnazija","status":"publish","type":"page","link":"https:\/\/bvg.lv\/?page_id=4506","title":{"rendered":"M\u0101c\u012bbu stundu laiki Balvu Valsts \u0123imn\u0101zij\u0101"},"content":{"rendered":"\n<p>0.stunda \u2013 8.10-8.50<br>1.stunda \u2013 9.00-9.40<br>2.stunda \u2013 9.50-10.30<br>3.stunda \u2013 10.40-11.20<br>Pusdienas 7.-9.kl. \u2013 11.20-11.50<br>4.stunda \u2013 11.50-12.30<br>Pusdienas 10.-12.kl. \u2013 12.30-13.00<br>5.stunda \u2013 13.00-13.40<br>6.stunda \u2013 13.50-14.30<br>7.stunda \u2013 14.40-15.20<br>8.stunda \u2013 15.30-16.10<br>9.stunda \u2013 16.20-17.00<\/p>\n","protected":false},"excerpt":{"rendered":"<p>0.stunda \u2013 8.10-8.501.stunda \u2013 9.00-9.402.stunda \u2013 9.50-10.303.stunda \u2013 10.40-11.20Pusdienas 7.-9.kl. \u2013 11.20-11.504.stunda \u2013 11.50-12.30Pusdienas 10.-12.kl. \u2013 12.30-13.005.stunda \u2013 13.00-13.406.stunda \u2013 13.50-14.307.stunda \u2013 14.40-15.208.stunda \u2013 15.30-16.109.stunda \u2013 16.20-17.00<\/p>\n","protected":false},"author":1,"featured_media":0,"parent":0,"menu_order":0,"comment_status":"closed","ping_status":"closed","template":"","meta":{"ngg_post_thumbnail":0,"footnotes":""},"class_list":["post-4506","page","type-page","status-publish","hentry"],"_links":{"self":[{"href":"https:\/\/bvg.lv\/index.php?rest_route=\/wp\/v2\/pages\/4506","targetHints":{"allow":["GET"]}}],"collection":[{"href":"https:\/\/bvg.lv\/index.php?rest_route=\/wp\/v2\/pages"}],"about":[{"href":"https:\/\/bvg.lv\/index.php?rest_route=\/wp\/v2\/types\/page"}],"author":[{"embeddable":true,"href":"https:\/\/bvg.lv\/index.php?rest_route=\/wp\/v2\/users\/1"}],"replies":[{"embeddable":true,"href":"https:\/\/bvg.lv\/index.php?rest_route=%2Fwp%2Fv2%2Fcomments&post=4506"}],"version-history":[{"count":2,"href":"https:\/\/bvg.lv\/index.php?rest_route=\/wp\/v2\/pages\/4506\/revisions"}],"predecessor-version":[{"id":4509,"href":"https:\/\/bvg.lv\/index.php?rest_route=\/wp\/v2\/pages\/4506\/revisions\/4509"}],"wp:attachment":[{"href":"https:\/\/bvg.lv\/index.php?rest_route=%2Fwp%2Fv2%2Fmedia&parent=4506"}],"curies":[{"name":"wp","href":"https:\/\/api.w.org\/{rel}","templated":true}]}}