{"id":446,"date":"2023-02-27T14:03:32","date_gmt":"2023-02-27T12:03:32","guid":{"rendered":"http:\/\/bvg.lv\/?page_id=446"},"modified":"2023-02-27T14:03:32","modified_gmt":"2023-02-27T12:03:32","slug":"irenas-saicanes-meistarklase","status":"publish","type":"page","link":"https:\/\/bvg.lv\/?page_id=446","title":{"rendered":"Ir\u0113nas \u0160aic\u0101nes meistarklase"},"content":{"rendered":"\n<div data-wp-interactive=\"core\/file\" class=\"wp-block-file\"><object data-wp-bind--hidden=\"!state.hasPdfPreview\" hidden class=\"wp-block-file__embed\" data=\"http:\/\/bvg.lv\/wp-content\/uploads\/2023\/02\/05.04.2022.PieredzeIreenaSReezekne.pdf\" type=\"application\/pdf\" style=\"width:100%;height:600px\" aria-label=\"Iegult 05.04.2022.PieredzeIreenaSReezekne.\"><\/object><a id=\"wp-block-file--media-8c1349e3-4411-4790-b726-5e8330511130\" href=\"http:\/\/bvg.lv\/wp-content\/uploads\/2023\/02\/05.04.2022.PieredzeIreenaSReezekne.pdf\">05.04.2022.PieredzeIreenaSReezekne<\/a><a href=\"http:\/\/bvg.lv\/wp-content\/uploads\/2023\/02\/05.04.2022.PieredzeIreenaSReezekne.pdf\" class=\"wp-block-file__button wp-element-button\" download aria-describedby=\"wp-block-file--media-8c1349e3-4411-4790-b726-5e8330511130\">Lejupiel\u0101d\u0113t<\/a><\/div>\n\n\n\n<div data-wp-interactive=\"core\/file\" class=\"wp-block-file\"><object data-wp-bind--hidden=\"!state.hasPdfPreview\" hidden class=\"wp-block-file__embed\" data=\"http:\/\/bvg.lv\/wp-content\/uploads\/2023\/02\/5.gr_.Veestules.pdf\" type=\"application\/pdf\" style=\"width:100%;height:600px\" aria-label=\"Iegult 5.gr_.Veestules.\"><\/object><a id=\"wp-block-file--media-d35093ac-c686-4077-b856-ee729ad437d7\" href=\"http:\/\/bvg.lv\/wp-content\/uploads\/2023\/02\/5.gr_.Veestules.pdf\">5.gr_.Veestules<\/a><a href=\"http:\/\/bvg.lv\/wp-content\/uploads\/2023\/02\/5.gr_.Veestules.pdf\" class=\"wp-block-file__button wp-element-button\" download aria-describedby=\"wp-block-file--media-d35093ac-c686-4077-b856-ee729ad437d7\">Lejupiel\u0101d\u0113t<\/a><\/div>\n\n\n\n<div data-wp-interactive=\"core\/file\" class=\"wp-block-file\"><object data-wp-bind--hidden=\"!state.hasPdfPreview\" hidden class=\"wp-block-file__embed\" data=\"http:\/\/bvg.lv\/wp-content\/uploads\/2023\/02\/DL_1.gr_._05.04.22._piem._LPP.pdf\" type=\"application\/pdf\" style=\"width:100%;height:600px\" aria-label=\"Iegult DL_1.gr_._05.04.22._piem._LPP.\"><\/object><a id=\"wp-block-file--media-ed4fb89d-1fd4-4d76-baf3-d5057cd237df\" href=\"http:\/\/bvg.lv\/wp-content\/uploads\/2023\/02\/DL_1.gr_._05.04.22._piem._LPP.pdf\">DL_1.gr_._05.04.22._piem._LPP<\/a><a href=\"http:\/\/bvg.lv\/wp-content\/uploads\/2023\/02\/DL_1.gr_._05.04.22._piem._LPP.pdf\" class=\"wp-block-file__button wp-element-button\" download aria-describedby=\"wp-block-file--media-ed4fb89d-1fd4-4d76-baf3-d5057cd237df\">Lejupiel\u0101d\u0113t<\/a><\/div>\n\n\n\n<div data-wp-interactive=\"core\/file\" class=\"wp-block-file\"><object data-wp-bind--hidden=\"!state.hasPdfPreview\" hidden class=\"wp-block-file__embed\" data=\"http:\/\/bvg.lv\/wp-content\/uploads\/2023\/02\/DL_3.grupa_05.04.22._plaaksne_Bvg.pdf\" type=\"application\/pdf\" style=\"width:100%;height:600px\" aria-label=\"Iegult DL_3.grupa_05.04.22._plaaksne_Bvg.\"><\/object><a id=\"wp-block-file--media-74b120d7-fcf3-4146-ad03-97da22dafbc7\" href=\"http:\/\/bvg.lv\/wp-content\/uploads\/2023\/02\/DL_3.grupa_05.04.22._plaaksne_Bvg.pdf\">DL_3.grupa_05.04.22._plaaksne_Bvg<\/a><a href=\"http:\/\/bvg.lv\/wp-content\/uploads\/2023\/02\/DL_3.grupa_05.04.22._plaaksne_Bvg.pdf\" class=\"wp-block-file__button wp-element-button\" download aria-describedby=\"wp-block-file--media-74b120d7-fcf3-4146-ad03-97da22dafbc7\">Lejupiel\u0101d\u0113t<\/a><\/div>\n\n\n\n<div data-wp-interactive=\"core\/file\" class=\"wp-block-file\"><object data-wp-bind--hidden=\"!state.hasPdfPreview\" hidden class=\"wp-block-file__embed\" data=\"http:\/\/bvg.lv\/wp-content\/uploads\/2023\/02\/DL_4.gr_._05.04.22._Vecaa-kofera-staasts.pdf\" type=\"application\/pdf\" style=\"width:100%;height:600px\" aria-label=\"Iegult DL_4.gr_._05.04.22._Vecaa-kofera-staasts.\"><\/object><a id=\"wp-block-file--media-12315159-fab7-425b-9c48-0ffee9d5837d\" href=\"http:\/\/bvg.lv\/wp-content\/uploads\/2023\/02\/DL_4.gr_._05.04.22._Vecaa-kofera-staasts.pdf\">DL_4.gr_._05.04.22._Vecaa-kofera-staasts<\/a><a href=\"http:\/\/bvg.lv\/wp-content\/uploads\/2023\/02\/DL_4.gr_._05.04.22._Vecaa-kofera-staasts.pdf\" class=\"wp-block-file__button wp-element-button\" download aria-describedby=\"wp-block-file--media-12315159-fab7-425b-9c48-0ffee9d5837d\">Lejupiel\u0101d\u0113t<\/a><\/div>\n\n\n\n<div data-wp-interactive=\"core\/file\" class=\"wp-block-file\"><object data-wp-bind--hidden=\"!state.hasPdfPreview\" hidden class=\"wp-block-file__embed\" data=\"http:\/\/bvg.lv\/wp-content\/uploads\/2023\/02\/Piem.Leninam.pdf\" type=\"application\/pdf\" style=\"width:100%;height:600px\" aria-label=\"Iegult Piem.Leninam.\"><\/object><a id=\"wp-block-file--media-2d786ee9-57b4-4b3c-be4b-57d6adbe8886\" href=\"http:\/\/bvg.lv\/wp-content\/uploads\/2023\/02\/Piem.Leninam.pdf\">Piem.Leninam<\/a><a href=\"http:\/\/bvg.lv\/wp-content\/uploads\/2023\/02\/Piem.Leninam.pdf\" class=\"wp-block-file__button wp-element-button\" download aria-describedby=\"wp-block-file--media-2d786ee9-57b4-4b3c-be4b-57d6adbe8886\">Lejupiel\u0101d\u0113t<\/a><\/div>\n","protected":false},"excerpt":{"rendered":"","protected":false},"author":1,"featured_media":0,"parent":0,"menu_order":0,"comment_status":"closed","ping_status":"closed","template":"","meta":{"ngg_post_thumbnail":0,"footnotes":""},"class_list":["post-446","page","type-page","status-publish","hentry"],"_links":{"self":[{"href":"https:\/\/bvg.lv\/index.php?rest_route=\/wp\/v2\/pages\/446","targetHints":{"allow":["GET"]}}],"collection":[{"href":"https:\/\/bvg.lv\/index.php?rest_route=\/wp\/v2\/pages"}],"about":[{"href":"https:\/\/bvg.lv\/index.php?rest_route=\/wp\/v2\/types\/page"}],"author":[{"embeddable":true,"href":"https:\/\/bvg.lv\/index.php?rest_route=\/wp\/v2\/users\/1"}],"replies":[{"embeddable":true,"href":"https:\/\/bvg.lv\/index.php?rest_route=%2Fwp%2Fv2%2Fcomments&post=446"}],"version-history":[{"count":1,"href":"https:\/\/bvg.lv\/index.php?rest_route=\/wp\/v2\/pages\/446\/revisions"}],"predecessor-version":[{"id":455,"href":"https:\/\/bvg.lv\/index.php?rest_route=\/wp\/v2\/pages\/446\/revisions\/455"}],"wp:attachment":[{"href":"https:\/\/bvg.lv\/index.php?rest_route=%2Fwp%2Fv2%2Fmedia&parent=446"}],"curies":[{"name":"wp","href":"https:\/\/api.w.org\/{rel}","templated":true}]}}