{"id":437,"date":"2023-02-27T13:21:15","date_gmt":"2023-02-27T11:21:15","guid":{"rendered":"http:\/\/bvg.lv\/?page_id=437"},"modified":"2025-11-08T09:41:58","modified_gmt":"2025-11-08T07:41:58","slug":"bvg-metodiskas-padomes-sastavs","status":"publish","type":"page","link":"https:\/\/bvg.lv\/?page_id=437","title":{"rendered":"BV\u0122 metodisk\u0101s padomes sast\u0101vs"},"content":{"rendered":"\n<p id=\"E71\"><strong>Eva Zu\u010dika &#8211; Kuz\u0146ecova<\/strong> &#8211; <em>direktores vietniece- <\/em>izgl\u012bt\u012bbas metodi\u0137e <\/p>\n\n\n\n<p id=\"E94\"><strong><em>In\u0101ra<\/em><\/strong><strong><em> <\/em><\/strong><strong><em>Konivale<\/em><\/strong><strong><em> \u2013 <\/em><\/strong><em>direktores<\/em><em> <\/em><em>vietniece<\/em><em> <\/em><em>izgl\u012bt\u012bbas<\/em><em> <\/em><em>jom\u0101<\/em><\/p>\n\n\n\n<p id=\"E118\"><strong><em>Liene Pomere \u2013 <\/em><\/strong><em>direktores<\/em><em> <\/em><em>vietniece<\/em><em> <\/em><em>audzin\u0101\u0161anas<\/em><em> <\/em><em>jom\u0101<\/em><\/p>\n\n\n\n<p id=\"E142\"><strong><em>Starpdisciplin\u0101r\u0101<\/em><\/strong><strong><em> <\/em><\/strong><strong><em>metodisk\u0101<\/em><\/strong><strong><em> <\/em><\/strong><strong><em>darba<\/em><\/strong><strong><em> <\/em><\/strong><strong><em>grupu<\/em><\/strong><strong><em> <\/em><\/strong><strong><em>vad\u012bt\u0101jas<\/em><\/strong><strong><em>:<\/em><\/strong><\/p>\n\n\n\n<p id=\"E163\"><strong><em>Laura <\/em><\/strong><strong><em>Saul\u012bte<\/em><\/strong><strong><em> \u2013 <\/em><\/strong><em>kult\u016bras<\/em><em> <\/em><em>un<\/em><em> <\/em><em>m\u0101kslas<\/em><em>, <\/em><em>pilsonisko<\/em><em> un <\/em><em>soci\u0101lo<\/em><em> <\/em><em>zin\u0101t\u0146u<\/em><em>, <\/em><em>joma<\/em><\/p>\n\n\n\n<p id=\"E196\"><strong><em>Sandra <\/em><\/strong><strong><em>Mozule<\/em><\/strong><strong><em> \u2013 <\/em><\/strong><em>dabas<\/em><em> <\/em><em>zin\u012bbu<\/em><em>, <\/em><em>sporta<\/em><em> <\/em><em>un<\/em><em> <\/em><em>vesel\u012bbas<\/em><em> <\/em><em>joma<\/em><\/p>\n\n\n\n<p id=\"E225\"><strong><em>Ludmila<\/em><\/strong><strong><em> <\/em><\/strong><strong><em>Uglovska<\/em><\/strong><strong><em> \u2013 <\/em><\/strong><em>matem\u0101tikas<\/em><em> <\/em><em>un<\/em><em> <\/em><em>tehnolo\u0123iju<\/em><em> <\/em><em>joma<\/em><\/p>\n\n\n\n<p id=\"E249\"><strong><em>Inga <\/em><\/strong><strong><em>Vanaga<\/em><\/strong><strong><em> \u2013 <\/em><\/strong><em>valodu<\/em><em> <\/em><em>joma<\/em><\/p>\n\n\n\n<figure class=\"wp-block-image size-large is-resized\"><img loading=\"lazy\" decoding=\"async\" width=\"1024\" height=\"724\" src=\"http:\/\/bvg.lv\/wp-content\/uploads\/2023\/02\/Metodiska-darba-attistibas-struktura-1024x724.jpg\" alt=\"\" class=\"wp-image-441\" srcset=\"https:\/\/bvg.lv\/wp-content\/uploads\/2023\/02\/Metodiska-darba-attistibas-struktura-1024x724.jpg 1024w, https:\/\/bvg.lv\/wp-content\/uploads\/2023\/02\/Metodiska-darba-attistibas-struktura-300x212.jpg 300w, https:\/\/bvg.lv\/wp-content\/uploads\/2023\/02\/Metodiska-darba-attistibas-struktura-768x543.jpg 768w, https:\/\/bvg.lv\/wp-content\/uploads\/2023\/02\/Metodiska-darba-attistibas-struktura-1536x1086.jpg 1536w, https:\/\/bvg.lv\/wp-content\/uploads\/2023\/02\/Metodiska-darba-attistibas-struktura-2048x1448.jpg 2048w\" sizes=\"auto, (max-width: 1024px) 100vw, 1024px\" \/><\/figure>\n","protected":false},"excerpt":{"rendered":"<p>Eva Zu\u010dika &#8211; Kuz\u0146ecova &#8211; direktores vietniece- izgl\u012bt\u012bbas metodi\u0137e In\u0101ra Konivale \u2013 direktores vietniece izgl\u012bt\u012bbas jom\u0101 Liene Pomere \u2013 direktores vietniece audzin\u0101\u0161anas jom\u0101 Starpdisciplin\u0101r\u0101 metodisk\u0101 darba grupu vad\u012bt\u0101jas: Laura Saul\u012bte \u2013 kult\u016bras un m\u0101kslas, pilsonisko un soci\u0101lo zin\u0101t\u0146u, joma Sandra &hellip; <a href=\"https:\/\/bvg.lv\/?page_id=437\">Turpiniet las\u012bt <span class=\"meta-nav\">&rarr;<\/span><\/a><\/p>\n","protected":false},"author":1,"featured_media":0,"parent":0,"menu_order":0,"comment_status":"closed","ping_status":"closed","template":"","meta":{"ngg_post_thumbnail":0,"footnotes":""},"class_list":["post-437","page","type-page","status-publish","hentry"],"_links":{"self":[{"href":"https:\/\/bvg.lv\/index.php?rest_route=\/wp\/v2\/pages\/437","targetHints":{"allow":["GET"]}}],"collection":[{"href":"https:\/\/bvg.lv\/index.php?rest_route=\/wp\/v2\/pages"}],"about":[{"href":"https:\/\/bvg.lv\/index.php?rest_route=\/wp\/v2\/types\/page"}],"author":[{"embeddable":true,"href":"https:\/\/bvg.lv\/index.php?rest_route=\/wp\/v2\/users\/1"}],"replies":[{"embeddable":true,"href":"https:\/\/bvg.lv\/index.php?rest_route=%2Fwp%2Fv2%2Fcomments&post=437"}],"version-history":[{"count":7,"href":"https:\/\/bvg.lv\/index.php?rest_route=\/wp\/v2\/pages\/437\/revisions"}],"predecessor-version":[{"id":4964,"href":"https:\/\/bvg.lv\/index.php?rest_route=\/wp\/v2\/pages\/437\/revisions\/4964"}],"wp:attachment":[{"href":"https:\/\/bvg.lv\/index.php?rest_route=%2Fwp%2Fv2%2Fmedia&parent=437"}],"curies":[{"name":"wp","href":"https:\/\/api.w.org\/{rel}","templated":true}]}}