{"id":4329,"date":"2025-06-04T13:09:50","date_gmt":"2025-06-04T10:09:50","guid":{"rendered":"https:\/\/bvg.lv\/?page_id=4329"},"modified":"2025-06-04T13:09:50","modified_gmt":"2025-06-04T10:09:50","slug":"balvu-valsts-gimnazijas-skolenu-sasniegumi-macibu-prieksmetu-olimpiades-2024-2025-m-g","status":"publish","type":"page","link":"https:\/\/bvg.lv\/?page_id=4329","title":{"rendered":"Balvu Valsts \u0123imn\u0101zijas skol\u0113nu sasniegumi m\u0101c\u012bbu priek\u0161metu olimpi\u0101d\u0113s 2024.\/2025.m.g."},"content":{"rendered":"<div class=\"wp-block-image\">\n<figure class=\"aligncenter size-large is-resized\"><img loading=\"lazy\" decoding=\"async\" width=\"520\" height=\"1024\" src=\"https:\/\/bvg.lv\/wp-content\/uploads\/2024\/10\/puce-bez-fona-520x1024.png\" alt=\"\" class=\"wp-image-2591\" style=\"width:102px;height:auto\" srcset=\"https:\/\/bvg.lv\/wp-content\/uploads\/2024\/10\/puce-bez-fona-520x1024.png 520w, https:\/\/bvg.lv\/wp-content\/uploads\/2024\/10\/puce-bez-fona-152x300.png 152w, https:\/\/bvg.lv\/wp-content\/uploads\/2024\/10\/puce-bez-fona-768x1512.png 768w, https:\/\/bvg.lv\/wp-content\/uploads\/2024\/10\/puce-bez-fona-780x1536.png 780w, https:\/\/bvg.lv\/wp-content\/uploads\/2024\/10\/puce-bez-fona-1040x2048.png 1040w, https:\/\/bvg.lv\/wp-content\/uploads\/2024\/10\/puce-bez-fona.png 1358w\" sizes=\"auto, (max-width: 520px) 100vw, 520px\" \/><\/figure>\n<\/div>\n\n\n<p><strong><em>Novada posms.<\/em><\/strong><\/p>\n\n\n\n<figure class=\"wp-block-table\"><table class=\"has-fixed-layout\"><tbody><tr><td colspan=\"4\"><strong>Ang\u013cu valoda<\/strong><\/td><\/tr><tr><td>Art\u016brs Pu\u0161purs<\/td><td>11a<\/td><td>2.vieta<\/td><td>Eva Zu\u010dika \u2013 Kuz\u0146ecova<\/td><\/tr><tr><td>Matvejs Valujevs<\/td><td>1a<\/td><td>3.vieta<\/td><td>Eva Zu\u010dika \u2013 Kuz\u0146ecova<\/td><\/tr><tr><td>Keita Zahar\u0101ne<\/td><td>9c<\/td><td>2.vieta<\/td><td>Inga Vanaga<\/td><\/tr><tr><td>Sintija Trupovniece<\/td><td>9c<\/td><td>1.vieta<\/td><td>Inga Vanaga<\/td><\/tr><tr><td>Madara Gr\u017eibovska<\/td><td>9c<\/td><td>atzin\u012bba<\/td><td>Inga Vanaga<\/td><\/tr><tr><td>Anastasija Garku\u0161a<\/td><td>9b<\/td><td>atzin\u012bba<\/td><td>Gaida Feng\u0101ne<\/td><\/tr><tr><td>Martijs Krakops<\/td><td>8c<\/td><td>atzin\u012bba<\/td><td>Inga Vanaga<\/td><\/tr><tr><td colspan=\"4\"><strong>V\u0113sture&nbsp; <\/strong><strong><\/strong><\/td><\/tr><tr><td>Sanija V\u012bcupa<\/td><td>11b<\/td><td>atzin\u012bba<\/td><td>Ir\u0113na \u0160aic\u0101ne<\/td><\/tr><tr><td>Edgars Bold\u0101ns<\/td><td>9a<\/td><td>3.vieta<\/td><td>Mud\u012bte Stepanova<\/td><\/tr><tr><td>Keita Zahar\u0101ne<\/td><td>9c<\/td><td>atzin\u012bba<\/td><td>Mud\u012bte Stepanova<\/td><\/tr><tr><td colspan=\"4\"><strong>V\u0101cu valoda<\/strong><\/td><\/tr><tr><td>Sofia Buzijana<\/td><td>12b<\/td><td>1.vieta<\/td><td>Irina Kov\u0161ova<\/td><\/tr><tr><td>J\u0101nis Jermac\u0101ns<\/td><td>11b<\/td><td>atzin\u012bba<\/td><td>Irina Kov\u0161ova<\/td><\/tr><tr><td>Patr\u012bcija \u0136irsone<\/td><td>8a<\/td><td>atzin\u012bba<\/td><td>Irina Kov\u0161ova<\/td><\/tr><tr><td>El\u012bza An\u010da<\/td><td>8a<\/td><td>1.vieta<\/td><td>Irina Kov\u0161ova<\/td><\/tr><tr><td>R\u0113zija Ozola<\/td><td>8a<\/td><td>2.vieta<\/td><td>Irina Kov\u0161ova<\/td><\/tr><tr><td colspan=\"4\"><strong>Biolo\u0123ija<\/strong><\/td><\/tr><tr><td>Enija Bord\u0101ne<\/td><td>12b<\/td><td>atzin\u012bba<\/td><td>Anna Barbani\u0161ka<\/td><\/tr><tr><td>Nad\u012bna L\u012bva Logina<\/td><td>11c<\/td><td>1.vieta<\/td><td>Anna Barbani\u0161ka<\/td><\/tr><tr><td>Patr\u012bcija Ivanova<\/td><td>10b<\/td><td>atzin\u012bba<\/td><td>Anna Barbani\u0161ka<\/td><\/tr><tr><td>Keita Zahar\u0101ne<\/td><td>9c<\/td><td>1.vieta<\/td><td>Sandra Mozule<\/td><\/tr><tr><td>Sintija Trupovniece<\/td><td>9c<\/td><td>atzin\u012bba<\/td><td>Sandra Mozule<\/td><\/tr><tr><td colspan=\"4\"><strong>Matem\u0101tika<\/strong><\/td><\/tr><tr><td>Armands Noviks<\/td><td>10a<\/td><td>3.vieta<\/td><td>Ludmila Uglovska<\/td><\/tr><tr><td>Sindija Pauli\u0146a<\/td><td>11a<\/td><td>atzin\u012bba<\/td><td>Ludmila Uglovska<\/td><\/tr><tr><td>Ketrina Sidorovi\u010da<\/td><td>12a<\/td><td>2.vieta<\/td><td>Ludmila Uglovska<\/td><\/tr><tr><td>Ilva Kataja-Paegle<\/td><td>12a<\/td><td>atzin\u012bba<\/td><td>Ludmila Uglovska<\/td><\/tr><tr><td>Sanija \u0100boli\u0146a<\/td><td>9b<\/td><td>3.vieta<\/td><td>Di\u0101na Boj\u0101re<\/td><\/tr><tr><td>Rojs Kravalis<\/td><td>11c<\/td><td>atzin\u012bba<\/td><td>Lilita Bizune<\/td><\/tr><tr><td>Martijs Krakops<\/td><td>8c<\/td><td>1.vieta<\/td><td>Ligita Krieva<\/td><\/tr><tr><td>Artjoms Kov\u0161ovs<\/td><td>8c<\/td><td>atzin\u012bba<\/td><td>Ligita Krieva<\/td><\/tr><tr><td>El\u012bza An\u010da<\/td><td>8a<\/td><td>3.vieta<\/td><td>Rita Kluce<\/td><\/tr><tr><td>Daniels Priedeslaipa<\/td><td>8a<\/td><td>atzin\u012bba<\/td><td>Rita Kluce<\/td><\/tr><tr><td colspan=\"4\"><strong>Inform\u0101tika (programm\u0113\u0161ana)<\/strong><\/td><\/tr><tr><td>Matvejs Valujevs<\/td><td>11a<\/td><td>1.vieta<\/td><td>Kirils Logins<\/td><\/tr><tr><td>\u0145ikita Petrovs<\/td><td>11a<\/td><td>2.vieta<\/td><td>Kirils Logins<\/td><\/tr><tr><td colspan=\"4\"><strong>Fizika<\/strong><\/td><\/tr><tr><td>Keita Zahar\u0101ne<\/td><td>9c<\/td><td>3.vieta<\/td><td>\u0100rita Andrejeva<\/td><\/tr><tr><td>Rojs Kravalis<\/td><td>11c<\/td><td>atzin\u012bba<\/td><td>\u0100rita Andrejeva<\/td><\/tr><tr><td>Mairis Vizulis<\/td><td>9c<\/td><td>1.vieta<\/td><td>\u0100rita Andrejeva<\/td><\/tr><tr><td colspan=\"4\"><strong>\u0136\u012bmija<\/strong><\/td><\/tr><tr><td>Keita Zahar\u0101ne<\/td><td>9c<\/td><td>3.vieta<\/td><td>Anita Balantajeva<\/td><\/tr><tr><td>Rojs Kravalis<\/td><td>11c<\/td><td>1.vieta<\/td><td>Anita Balantajeva<\/td><\/tr><tr><td>Mairis Vizulis<\/td><td>9c<\/td><td>1.vieta<\/td><td>Anita Balantajeva<\/td><\/tr><tr><td>Sintija Trupovniece<\/td><td>9c<\/td><td>2.vieta<\/td><td>Anita Balantajeva<\/td><\/tr><tr><td>Patr\u012bcija Ivanova<\/td><td>10b<\/td><td>atzin\u012bba<\/td><td>Anita Balantajeva<\/td><\/tr><tr><td colspan=\"4\"><strong>Latvie\u0161u valoda un literat\u016bra<\/strong><\/td><\/tr><tr><td>Sindija Raibekaze<\/td><td>12b<\/td><td>3.vieta<\/td><td>Rud\u012bte Priedeslaipa<\/td><\/tr><tr><td>Sindija Pauli\u0146a<\/td><td>11a<\/td><td>atzin\u012bba<\/td><td>Rud\u012bte Priedeslaipa<\/td><\/tr><tr><td>El\u012bza An\u010da<\/td><td>8a<\/td><td>atzin\u012bba<\/td><td>Aija Dvinska<\/td><\/tr><\/tbody><\/table><\/figure>\n\n\n\n<p><strong><em>Valsts olimpi\u0101des.<\/em><\/strong><\/p>\n\n\n\n<figure class=\"wp-block-table\"><table class=\"has-fixed-layout\"><tbody><tr><td colspan=\"4\"><strong>V\u0101cu valodas valsts 55.olimpi\u0101de<\/strong><\/td><\/tr><tr><td>Sofia Buzijana<\/td><td>12b<\/td><td>atzin\u012bba<\/td><td>Irina Kov\u0161ova<\/td><\/tr><tr><td colspan=\"4\"><strong>Inform\u0101tikas (programm\u0113\u0161anas) valsts 38.olimpi\u0101de<\/strong><\/td><\/tr><tr><td>Matvejs Valujevs<\/td><td>10a<\/td><td>dal\u012bba<\/td><td>Kirils Logins<\/td><\/tr><tr><td>\u0145ikita Petrovs<\/td><td>11a<\/td><td>dal\u012bba<\/td><td>Kirils Logins<\/td><\/tr><tr><td colspan=\"4\"><strong>Matem\u0101tikas valsts 75.olimpi\u0101de<\/strong><\/td><\/tr><tr><td>Ketrina Sidorovi\u010da<\/td><td>12a<\/td><td>dal\u012bba<\/td><td>Ludmila Uglovska<\/td><\/tr><tr><td colspan=\"4\"><strong>Biolo\u0123ijas valsts 47.olimpi\u0101de<\/strong><\/td><\/tr><tr><td>Keita Zahar\u0101ne<\/td><td>9c<\/td><td>dal\u012bba<\/td><td>Sandra Mozule<\/td><\/tr><\/tbody><\/table><\/figure>\n\n\n\n<p><strong><em>Atkl\u0101t\u0101s valsts olimpi\u0101des<\/em><\/strong><\/p>\n\n\n\n<figure class=\"wp-block-table\"><table class=\"has-fixed-layout\"><tbody><tr><td colspan=\"4\"><strong>Matem\u0101tika<\/strong><\/td><\/tr><tr><td>Ilva Kataja \u2013 Paegle<\/td><td>12a<\/td><td>dal\u012bba<\/td><td>Ludmila Uglovska<\/td><\/tr><tr><td>Markuss Kozlovskis<\/td><td>12a<\/td><td>dal\u012bba<\/td><td>Ludmila Uglovska<\/td><\/tr><tr><td>Art\u016brs Pu\u0161purs<\/td><td>11a<\/td><td>dal\u012bba<\/td><td>Ludmila Uglovska<\/td><\/tr><tr><td>Matvejs Valujevs<\/td><td>11a<\/td><td>dal\u012bba<\/td><td>Ludmila Uglovska<\/td><\/tr><tr><td>Sindija Pauli\u0146a<\/td><td>11a<\/td><td>dal\u012bba<\/td><td>Ludmila Uglovska<\/td><\/tr><tr><td>El\u012bza An\u010da<\/td><td>8a<\/td><td>dal\u012bba<\/td><td>Ligita Krieva<\/td><\/tr><tr><td>Daniels Priedeslaipa<\/td><td>8a<\/td><td>dal\u012bba<\/td><td>Ligita Krieva<\/td><\/tr><tr><td>Martijs Krakops<\/td><td>8c<\/td><td>dal\u012bba<\/td><td>Ligita Krieva<\/td><\/tr><tr><td>Kristers Liepi\u0146\u0161<\/td><td>8b<\/td><td>dal\u012bba<\/td><td>Ligita Krieva<\/td><\/tr><tr><td>Artjoms Kov\u0161ovs<\/td><td>8b<\/td><td>dal\u012bba<\/td><td>Ligita Krieva<\/td><\/tr><tr><td>Guntra Gibala<\/td><td>10b<\/td><td>dal\u012bba<\/td><td>Lilita Bizune<\/td><\/tr><tr><td>Nauris St\u0101mers<\/td><td>10a<\/td><td>dal\u012bba<\/td><td>Ludmila Uglovska<\/td><\/tr><tr><td>Al\u012bna \u0160aic\u0101ne<\/td><td>10a<\/td><td>dal\u012bba<\/td><td>Ludmila Uglovska<\/td><\/tr><tr><td>Rojs Kravalis<\/td><td>11c<\/td><td>dal\u012bba<\/td><td>Lilita Bizune<\/td><\/tr><tr><td>Sindija Saide<\/td><td>11a<\/td><td>dal\u012bba<\/td><td>Ludmila Uglovska<\/td><\/tr><tr><td>Anastasija Uglovska<\/td><td>11a<\/td><td>dal\u012bba<\/td><td>Ludmila Uglovska<\/td><\/tr><tr><td>Patr\u012bcija \u0136irsone<\/td><td>9a<\/td><td>dal\u012bba<\/td><td>Di\u0101na Boj\u0101re<\/td><\/tr><tr><td>Sanija \u0100boli\u0146a<\/td><td>9b<\/td><td>dal\u012bba<\/td><td>Di\u0101na Boj\u0101re<\/td><\/tr><tr><td>Armands Trub\u0146iks<\/td><td>9b<\/td><td>dal\u012bba<\/td><td>Di\u0101na Boj\u0101re<\/td><\/tr><tr><td>Keita Zahar\u0101ne<\/td><td>9c<\/td><td>dal\u012bba<\/td><td>Di\u0101na Boj\u0101re<\/td><\/tr><tr><td>Madara Gr\u017eibovska<\/td><td>9c<\/td><td>dal\u012bba<\/td><td>Di\u0101na Boj\u0101re<\/td><\/tr><tr><td>Luisa Marija \u016azuli\u0146a<\/td><td>8c<\/td><td>dal\u012bba<\/td><td>Ligita Krieva<\/td><\/tr><tr><td>Anabella Andrijevi\u010da<\/td><td>7b<\/td><td>dal\u012bba<\/td><td>Ligita Krieva<\/td><\/tr><tr><td>Raivis Borisans<\/td><td>7b<\/td><td>dal\u012bba<\/td><td>Ligita Krieva<\/td><\/tr><tr><td>Ivo Frolovs<\/td><td>7b<\/td><td>dal\u012bba<\/td><td>Ligita Krieva<\/td><\/tr><tr><td>Marija Maslovska<\/td><td>7a<\/td><td>dal\u012bba<\/td><td>Ludmila Uglovska<\/td><\/tr><tr><td>Din\u0101rs Olehnovi\u010ds<\/td><td>7b<\/td><td>dal\u012bba<\/td><td>Rita Kluce<\/td><\/tr><tr><td>Sofia Paula Timo\u0161enko<\/td><td>7a<\/td><td>dal\u012bba<\/td><td>Ludmila Uglovska<\/td><\/tr><tr><td>J\u0101nis Zakss<\/td><td>7a<\/td><td>dal\u012bba<\/td><td>Ludmila Uglovska<\/td><\/tr><\/tbody><\/table><\/figure>\n\n\n\n<p><strong><em>Zin\u0101tnisk\u0101s p\u0113tniec\u012bbas darbu konference<\/em><\/strong><\/p>\n\n\n\n<p><strong><em>Re\u0123ions<\/em><\/strong><\/p>\n\n\n\n<figure class=\"wp-block-table\"><table class=\"has-fixed-layout\"><tbody><tr><td>Nad\u012bna L\u012bva Logina<\/td><td>11c<\/td><td>II pak\u0101pe<\/td><td>Ir\u0113na \u0160aic\u0101ne<\/td><\/tr><tr><td>Enija Bord\u0101ne<\/td><td>12b<\/td><td>III pak\u0101pe<\/td><td>Anna Barbani\u0161ka<\/td><\/tr><\/tbody><\/table><\/figure>\n\n\n\n<p><strong><em>Valsts<\/em><\/strong><\/p>\n\n\n\n<figure class=\"wp-block-table\"><table class=\"has-fixed-layout\"><tbody><tr><td>Nad\u012bna L\u012bva Logina<\/td><td>11c<\/td><td>dal\u012bba<\/td><td>Ir\u0113na \u0160aic\u0101ne<\/td><\/tr><\/tbody><\/table><\/figure>\n","protected":false},"excerpt":{"rendered":"<p>Novada posms. Ang\u013cu valoda Art\u016brs Pu\u0161purs 11a 2.vieta Eva Zu\u010dika \u2013 Kuz\u0146ecova Matvejs Valujevs 1a 3.vieta Eva Zu\u010dika \u2013 Kuz\u0146ecova Keita Zahar\u0101ne 9c 2.vieta Inga Vanaga Sintija Trupovniece 9c 1.vieta Inga Vanaga Madara Gr\u017eibovska 9c atzin\u012bba Inga Vanaga Anastasija Garku\u0161a &hellip; <a href=\"https:\/\/bvg.lv\/?page_id=4329\">Turpiniet las\u012bt <span class=\"meta-nav\">&rarr;<\/span><\/a><\/p>\n","protected":false},"author":1,"featured_media":0,"parent":0,"menu_order":0,"comment_status":"closed","ping_status":"closed","template":"","meta":{"ngg_post_thumbnail":0,"footnotes":""},"class_list":["post-4329","page","type-page","status-publish","hentry"],"_links":{"self":[{"href":"https:\/\/bvg.lv\/index.php?rest_route=\/wp\/v2\/pages\/4329","targetHints":{"allow":["GET"]}}],"collection":[{"href":"https:\/\/bvg.lv\/index.php?rest_route=\/wp\/v2\/pages"}],"about":[{"href":"https:\/\/bvg.lv\/index.php?rest_route=\/wp\/v2\/types\/page"}],"author":[{"embeddable":true,"href":"https:\/\/bvg.lv\/index.php?rest_route=\/wp\/v2\/users\/1"}],"replies":[{"embeddable":true,"href":"https:\/\/bvg.lv\/index.php?rest_route=%2Fwp%2Fv2%2Fcomments&post=4329"}],"version-history":[{"count":1,"href":"https:\/\/bvg.lv\/index.php?rest_route=\/wp\/v2\/pages\/4329\/revisions"}],"predecessor-version":[{"id":4330,"href":"https:\/\/bvg.lv\/index.php?rest_route=\/wp\/v2\/pages\/4329\/revisions\/4330"}],"wp:attachment":[{"href":"https:\/\/bvg.lv\/index.php?rest_route=%2Fwp%2Fv2%2Fmedia&parent=4329"}],"curies":[{"name":"wp","href":"https:\/\/api.w.org\/{rel}","templated":true}]}}