{"id":4325,"date":"2025-06-04T13:03:50","date_gmt":"2025-06-04T10:03:50","guid":{"rendered":"https:\/\/bvg.lv\/?page_id=4325"},"modified":"2025-06-04T13:03:50","modified_gmt":"2025-06-04T10:03:50","slug":"2024-2025-m-g-macijas-augsta-limeni","status":"publish","type":"page","link":"https:\/\/bvg.lv\/?page_id=4325","title":{"rendered":"2024.\/2025.m.g. m\u0101c\u012bj\u0101s augst\u0101 l\u012bmen\u012b"},"content":{"rendered":"\n<figure class=\"wp-block-table\"><table class=\"has-fixed-layout\"><tbody><tr><td>7.a klas\u0113<\/td><td>Marija Maslovska, Marta Pennere, Sofija Paula Timo\u0161enko<\/td><\/tr><tr><td>7.b klas\u0113<\/td><td>Din\u0101rs Olehnovi\u010ds, Natalija Teodorovi\u010da<\/td><\/tr><tr><td>8.a klas\u0113<\/td><td>El\u012bza An\u010da<\/td><\/tr><tr><td>8.b klas\u0113<\/td><td>T\u012bna Trupovniece<\/td><\/tr><tr><td>9.a klas\u0113<\/td><td>Edgars Bold\u0101ns, Patr\u012bcija \u0136irsone, Nad\u012bna Strupka<\/td><\/tr><tr><td>9.b klas\u0113<\/td><td>Armands Trub\u0146iks<\/td><\/tr><tr><td>9.c klas\u0113<\/td><td>Keita Zahar\u0101ne, Sintija Trupovniece, Madara Gr\u017eibovska<\/td><\/tr><tr><td>10.b klas\u0113<\/td><td>Patr\u012bcija Ivanova<\/td><\/tr><tr><td>11.a klas\u0113<\/td><td>Leo Eliass Morozs, Matvejs Valujevs<\/td><\/tr><tr><td>11.b klas\u0113<\/td><td>J\u0101nisJermac\u0101ns<\/td><\/tr><tr><td>11.c klas\u0113<\/td><td>Nad\u012bna L\u012bva Logina<\/td><\/tr><tr><td>12.b klas\u0113<\/td><td>Sindija Raibekaze, Enija Bord\u0101ne, Sofia Buzijana, Let\u012bcija Gr\u012bsle, Egija D\u017eigure<\/td><\/tr><\/tbody><\/table><\/figure>\n","protected":false},"excerpt":{"rendered":"<p>7.a klas\u0113 Marija Maslovska, Marta Pennere, Sofija Paula Timo\u0161enko 7.b klas\u0113 Din\u0101rs Olehnovi\u010ds, Natalija Teodorovi\u010da 8.a klas\u0113 El\u012bza An\u010da 8.b klas\u0113 T\u012bna Trupovniece 9.a klas\u0113 Edgars Bold\u0101ns, Patr\u012bcija \u0136irsone, Nad\u012bna Strupka 9.b klas\u0113 Armands Trub\u0146iks 9.c klas\u0113 Keita Zahar\u0101ne, Sintija &hellip; <a href=\"https:\/\/bvg.lv\/?page_id=4325\">Turpiniet las\u012bt <span class=\"meta-nav\">&rarr;<\/span><\/a><\/p>\n","protected":false},"author":1,"featured_media":0,"parent":0,"menu_order":0,"comment_status":"closed","ping_status":"closed","template":"","meta":{"ngg_post_thumbnail":0,"footnotes":""},"class_list":["post-4325","page","type-page","status-publish","hentry"],"_links":{"self":[{"href":"https:\/\/bvg.lv\/index.php?rest_route=\/wp\/v2\/pages\/4325","targetHints":{"allow":["GET"]}}],"collection":[{"href":"https:\/\/bvg.lv\/index.php?rest_route=\/wp\/v2\/pages"}],"about":[{"href":"https:\/\/bvg.lv\/index.php?rest_route=\/wp\/v2\/types\/page"}],"author":[{"embeddable":true,"href":"https:\/\/bvg.lv\/index.php?rest_route=\/wp\/v2\/users\/1"}],"replies":[{"embeddable":true,"href":"https:\/\/bvg.lv\/index.php?rest_route=%2Fwp%2Fv2%2Fcomments&post=4325"}],"version-history":[{"count":1,"href":"https:\/\/bvg.lv\/index.php?rest_route=\/wp\/v2\/pages\/4325\/revisions"}],"predecessor-version":[{"id":4326,"href":"https:\/\/bvg.lv\/index.php?rest_route=\/wp\/v2\/pages\/4325\/revisions\/4326"}],"wp:attachment":[{"href":"https:\/\/bvg.lv\/index.php?rest_route=%2Fwp%2Fv2%2Fmedia&parent=4325"}],"curies":[{"name":"wp","href":"https:\/\/api.w.org\/{rel}","templated":true}]}}