{"id":4323,"date":"2025-06-04T13:03:16","date_gmt":"2025-06-04T10:03:16","guid":{"rendered":"https:\/\/bvg.lv\/?page_id=4323"},"modified":"2025-10-31T15:54:50","modified_gmt":"2025-10-31T13:54:50","slug":"mes-lepojamies","status":"publish","type":"page","link":"https:\/\/bvg.lv\/?page_id=4323","title":{"rendered":"M\u0113s lepojamies"},"content":{"rendered":"\n<p><a href=\"https:\/\/bvg.lv\/?page_id=4329\" data-type=\"page\" data-id=\"4329\">Balvu Valsts \u0123imn\u0101zijas skol\u0113nu sasniegumi m\u0101c\u012bbu priek\u0161metu olimpi\u0101d\u0113s 2024.\/2025.m.g.<\/a><\/p>\n\n\n\n<p><a href=\"https:\/\/bvg.lv\/?page_id=4325\" data-type=\"page\" data-id=\"4325\">2024.\/2025.m.g. m\u0101c\u012bj\u0101s augst\u0101 l\u012bmen\u012b<\/a><\/p>\n\n\n\n<p><a href=\"https:\/\/bvg.lv\/?page_id=4327\" data-type=\"page\" data-id=\"4327\">\u201cGada skol\u0113ns klas\u0113 &#8211; 2025\u201d<\/a><\/p>\n\n\n\n<p><a href=\"https:\/\/bvg.lv\/?page_id=4343\" data-type=\"page\" data-id=\"4343\">Mecen\u0101tu stipendiju sa\u0146\u0113m\u0113ji<\/a><\/p>\n\n\n\n<p><a href=\"https:\/\/bvg.lv\/?page_id=4904\" target=\"_blank\" rel=\"noreferrer noopener\">Sasniegumi novada un re\u0123iona inici\u0113tajos konkursos<\/a><\/p>\n\n\n\n<p><a href=\"https:\/\/bvg.lv\/?page_id=4901\" target=\"_blank\" rel=\"noreferrer noopener\">Sasniegumi sporta sacens\u012bb\u0101s<\/a><\/p>\n\n\n\n<p><\/p>\n","protected":false},"excerpt":{"rendered":"<p>Balvu Valsts \u0123imn\u0101zijas skol\u0113nu sasniegumi m\u0101c\u012bbu priek\u0161metu olimpi\u0101d\u0113s 2024.\/2025.m.g. 2024.\/2025.m.g. m\u0101c\u012bj\u0101s augst\u0101 l\u012bmen\u012b \u201cGada skol\u0113ns klas\u0113 &#8211; 2025\u201d Mecen\u0101tu stipendiju sa\u0146\u0113m\u0113ji Sasniegumi novada un re\u0123iona inici\u0113tajos konkursos Sasniegumi sporta sacens\u012bb\u0101s<\/p>\n","protected":false},"author":1,"featured_media":0,"parent":0,"menu_order":0,"comment_status":"closed","ping_status":"closed","template":"","meta":{"ngg_post_thumbnail":0,"footnotes":""},"class_list":["post-4323","page","type-page","status-publish","hentry"],"_links":{"self":[{"href":"https:\/\/bvg.lv\/index.php?rest_route=\/wp\/v2\/pages\/4323","targetHints":{"allow":["GET"]}}],"collection":[{"href":"https:\/\/bvg.lv\/index.php?rest_route=\/wp\/v2\/pages"}],"about":[{"href":"https:\/\/bvg.lv\/index.php?rest_route=\/wp\/v2\/types\/page"}],"author":[{"embeddable":true,"href":"https:\/\/bvg.lv\/index.php?rest_route=\/wp\/v2\/users\/1"}],"replies":[{"embeddable":true,"href":"https:\/\/bvg.lv\/index.php?rest_route=%2Fwp%2Fv2%2Fcomments&post=4323"}],"version-history":[{"count":4,"href":"https:\/\/bvg.lv\/index.php?rest_route=\/wp\/v2\/pages\/4323\/revisions"}],"predecessor-version":[{"id":4908,"href":"https:\/\/bvg.lv\/index.php?rest_route=\/wp\/v2\/pages\/4323\/revisions\/4908"}],"wp:attachment":[{"href":"https:\/\/bvg.lv\/index.php?rest_route=%2Fwp%2Fv2%2Fmedia&parent=4323"}],"curies":[{"name":"wp","href":"https:\/\/api.w.org\/{rel}","templated":true}]}}