{"id":420,"date":"2023-02-27T12:43:16","date_gmt":"2023-02-27T10:43:16","guid":{"rendered":"http:\/\/bvg.lv\/?page_id=420"},"modified":"2024-02-12T11:23:14","modified_gmt":"2024-02-12T09:23:14","slug":"metodiskais-darbs","status":"publish","type":"page","link":"https:\/\/bvg.lv\/?page_id=420","title":{"rendered":"Metodiskais centrs"},"content":{"rendered":"\n<p id=\"E90\"><strong>Metodisk\u0101 centra funkciju veik\u0161ana<\/strong><\/p>\n\n\n\n<p id=\"E92\"><strong>M\u0113r\u0137is:<\/strong><\/p>\n\n\n\n<p id=\"E94\">Veidot m\u016bsdien\u012bgu izgl\u012bt\u012bbas vidi pedagogu un skol\u0113nu rado\u0161ai darb\u012bbai, nodro\u0161in\u0101t atbalstu m\u0101c\u012bbu, p\u0113tnieciskajam un izzi\u0146as darbam, veicin\u0101t inov\u0101ciju ievie\u0161anu izgl\u012bt\u012bbas proces\u0101, pedagogu t\u0101l\u0101kizgl\u012bt\u012bbu, profesion\u0101l\u0101s meistar\u012bbas pilnveidi, sadarb\u012bbu un pieredzes populariz\u0113\u0161anu, virz\u012bbu uz kvalitat\u012bvu un iek\u013caujo\u0161u izgl\u012bt\u012bbu person\u012bbas att\u012bst\u012bbai, ilgtsp\u0113j\u012bgai izaugsmei.<\/p>\n\n\n\n<p id=\"E96\"><strong>U<\/strong><strong>zdevumi:<\/strong><\/p>\n\n\n\n<p id=\"E99\">sniegt Balvu novada visp\u0101r\u0113jas izgl\u012bt\u012bbas iest\u0101\u017eu pedagogiem metodisko atbalstu izgl\u012bt\u012bbas procesa organiz\u0113\u0161an\u0101.<\/p>\n\n\n\n<p id=\"E103\">nodro\u0161in\u0101t \u0123imn\u0101zijas bibliot\u0113k\u0101 eso\u0161\u0101s inform\u0101cijas un literat\u016bras pieejam\u012bbu re\u0123iona skol\u0113niem un pedagogiem;<\/p>\n\n\n\n<p id=\"E108\">atbalst\u012bt izgl\u012btojamo sadarb\u012bbu zin\u0101tnisk\u0101s p\u0113tniec\u012bbas jom\u0101;<\/p>\n\n\n\n<p id=\"E111\">organiz\u0113t Balvu novada visp\u0101r\u0113jas izgl\u012bt\u012bbas iest\u0101\u017eu pedagogu t\u0101l\u0101kizgl\u012bt\u012bbu un profesion\u0101l\u0101s kompetences pilnveidi.<\/p>\n\n\n\n<h3 class=\"wp-block-heading\"><strong>Priorit\u0101tes<\/strong>:<\/h3>\n\n\n\n<p id=\"block-6d7cac22-0f57-496f-bf48-dd377e9d472c\"><strong>Balvu Valsts \u0123imn\u0101zijas<\/strong> <strong>metodisk\u0101 centra att\u012bst\u012bbas priorit\u0101tes 2022.-2025.m\u0101c\u012bbu gadam<br><\/strong>\ufeff<\/p>\n\n\n\n<div class=\"wp-block-group\"><div class=\"wp-block-group__inner-container is-layout-constrained wp-block-group-is-layout-constrained\">\n<p id=\"block-1c8d24eb-9ea4-4f48-94cd-23872ecda10f\">Sniegt metodisko atbalstu Balvu novada pedagogiem izgl\u012bt\u012bbas procesa organiz\u0113\u0161an\u0101.<\/p>\n\n\n\n<p id=\"block-929a9433-4832-491d-a5b2-426c3915cd2c\">Organiz\u0113t un nodro\u0161in\u0101t pedagogu t\u0101l\u0101kizgl\u012bt\u012bbu.<\/p>\n\n\n\n<p id=\"block-90a08f51-61e2-42a7-acd7-bd71e61ab98d\">Veicin\u0101t skolot\u0101ju rado\u0161o darb\u012bbu, inov\u0101ciju ievie\u0161anu izgl\u012bt\u012bbas proces\u0101, att\u012bstot sadarb\u012bbu novada un re\u0123iona m\u0113rog\u0101.<\/p>\n\n\n\n<p id=\"block-67460b3e-b9f8-4fd0-9f68-87153e9bde6b\">Nodro\u0161in\u0101t \u0123imn\u0101zijas bibliot\u0113k\u0101 eso\u0161\u0101s inform\u0101cijas un literat\u016bras pieejam\u012bbu Balvu novada skol\u0113niem un skolot\u0101jiem.<\/p>\n\n\n\n<p id=\"block-0d1216a2-1d10-4680-86ce-a3174b4f10de\">Atbalst\u012bt, organiz\u0113t un koordin\u0113t Balvu novada izgl\u012bt\u012bbas iest\u0101\u017eu skol\u0113nu darb\u012bbu zin\u0101tniski p\u0113tnieciskaj\u0101 jom\u0101.<\/p>\n\n\n\n<p id=\"block-8c231994-6c56-4f16-988b-c5a3ac1bc123\">Pilnveidot darbu ar talant\u012bgajiem skol\u0113niem.<\/p>\n<\/div><\/div>\n\n\n\n<p><\/p>\n","protected":false},"excerpt":{"rendered":"<p>Metodisk\u0101 centra funkciju veik\u0161ana M\u0113r\u0137is: Veidot m\u016bsdien\u012bgu izgl\u012bt\u012bbas vidi pedagogu un skol\u0113nu rado\u0161ai darb\u012bbai, nodro\u0161in\u0101t atbalstu m\u0101c\u012bbu, p\u0113tnieciskajam un izzi\u0146as darbam, veicin\u0101t inov\u0101ciju ievie\u0161anu izgl\u012bt\u012bbas proces\u0101, pedagogu t\u0101l\u0101kizgl\u012bt\u012bbu, profesion\u0101l\u0101s meistar\u012bbas pilnveidi, sadarb\u012bbu un pieredzes populariz\u0113\u0161anu, virz\u012bbu uz kvalitat\u012bvu un iek\u013caujo\u0161u &hellip; <a href=\"https:\/\/bvg.lv\/?page_id=420\">Turpiniet las\u012bt <span class=\"meta-nav\">&rarr;<\/span><\/a><\/p>\n","protected":false},"author":1,"featured_media":0,"parent":0,"menu_order":0,"comment_status":"closed","ping_status":"closed","template":"","meta":{"ngg_post_thumbnail":0,"footnotes":""},"class_list":["post-420","page","type-page","status-publish","hentry"],"_links":{"self":[{"href":"https:\/\/bvg.lv\/index.php?rest_route=\/wp\/v2\/pages\/420","targetHints":{"allow":["GET"]}}],"collection":[{"href":"https:\/\/bvg.lv\/index.php?rest_route=\/wp\/v2\/pages"}],"about":[{"href":"https:\/\/bvg.lv\/index.php?rest_route=\/wp\/v2\/types\/page"}],"author":[{"embeddable":true,"href":"https:\/\/bvg.lv\/index.php?rest_route=\/wp\/v2\/users\/1"}],"replies":[{"embeddable":true,"href":"https:\/\/bvg.lv\/index.php?rest_route=%2Fwp%2Fv2%2Fcomments&post=420"}],"version-history":[{"count":5,"href":"https:\/\/bvg.lv\/index.php?rest_route=\/wp\/v2\/pages\/420\/revisions"}],"predecessor-version":[{"id":1571,"href":"https:\/\/bvg.lv\/index.php?rest_route=\/wp\/v2\/pages\/420\/revisions\/1571"}],"wp:attachment":[{"href":"https:\/\/bvg.lv\/index.php?rest_route=%2Fwp%2Fv2%2Fmedia&parent=420"}],"curies":[{"name":"wp","href":"https:\/\/api.w.org\/{rel}","templated":true}]}}