{"id":413,"date":"2023-02-27T12:38:13","date_gmt":"2023-02-27T10:38:13","guid":{"rendered":"http:\/\/bvg.lv\/?page_id=413"},"modified":"2024-09-24T12:34:11","modified_gmt":"2024-09-24T09:34:11","slug":"metodika-4","status":"publish","type":"page","link":"https:\/\/bvg.lv\/?page_id=413","title":{"rendered":"M\u0101c\u012bbu jomu koordinatori &#8211; BV\u0122 skolot\u0101ji"},"content":{"rendered":"\n<p id=\"E54\"><\/p>\n\n\n\n<figure id=\"E56\" class=\"wp-block-table\"><table><tbody><tr><td><strong>M\u0101c\u012bbu joma<\/strong><\/td><td><strong>Koordinators<\/strong><\/td><\/tr><tr><td>Soci\u0101l\u0101 un pilsonisk\u0101<\/td><td>Mud\u012bte Stepanova<\/td><\/tr><tr><td>Tehnolo\u0123iju<\/td><td>Aigars Kei\u0161s<\/td><\/tr><tr><td>Vesel\u012bbas un fizisk\u0101s aktivit\u0101tes<\/td><td>J\u0101nis Zakar\u012bts<\/td><\/tr><tr><td><span lang=\"LV\" style=\"font-size:11.0pt;line-height:\n115%;font-family:&quot;Times New Roman&quot;,serif;mso-fareast-font-family:Calibri;\nmso-ansi-language:LV;mso-fareast-language:EN-US;mso-bidi-language:LAO\"><\/span>Pla\u0161\u0101ka skol\u0113na izgl\u012bt\u012bbas pieredze<\/td><td>Eva Zu\u010dika-Kuz\u0146ecova<\/td><\/tr><tr><td>Dabaszin\u0101t\u0146u<\/td><td>\u0100rita Andrejeva<\/td><\/tr><tr><td>Vizu\u0101l\u0101 m\u0101ksla<\/td><td>Indra Kei\u0161a<\/td><\/tr><tr><td>Fizika<\/td><td>\u0100rita Andrejeva<\/td><\/tr><tr><td>\u0122eogr\u0101fija<\/td><td>Laura Saul\u012bte<\/td><\/tr><tr><td>Direktoru v. izgl. jom\u0101<\/td><td>In\u0101ra Konivale<\/td><\/tr><tr><td>Skolu bibliotek\u0101ri<\/td><td>Guna Dreimane<\/td><\/tr><tr><td>Izgl\u012bt\u012bbas tehnolo\u0123iju mentors<\/td><td>Viktors \u0160\u013cakota<\/td><\/tr><\/tbody><\/table><\/figure>\n","protected":false},"excerpt":{"rendered":"<p>M\u0101c\u012bbu joma Koordinators Soci\u0101l\u0101 un pilsonisk\u0101 Mud\u012bte Stepanova Tehnolo\u0123iju Aigars Kei\u0161s Vesel\u012bbas un fizisk\u0101s aktivit\u0101tes J\u0101nis Zakar\u012bts Pla\u0161\u0101ka skol\u0113na izgl\u012bt\u012bbas pieredze Eva Zu\u010dika-Kuz\u0146ecova Dabaszin\u0101t\u0146u \u0100rita Andrejeva Vizu\u0101l\u0101 m\u0101ksla Indra Kei\u0161a Fizika \u0100rita Andrejeva \u0122eogr\u0101fija Laura Saul\u012bte Direktoru v. izgl. jom\u0101 &hellip; <a href=\"https:\/\/bvg.lv\/?page_id=413\">Turpiniet las\u012bt <span class=\"meta-nav\">&rarr;<\/span><\/a><\/p>\n","protected":false},"author":1,"featured_media":0,"parent":0,"menu_order":0,"comment_status":"closed","ping_status":"closed","template":"","meta":{"ngg_post_thumbnail":0,"footnotes":""},"class_list":["post-413","page","type-page","status-publish","hentry"],"_links":{"self":[{"href":"https:\/\/bvg.lv\/index.php?rest_route=\/wp\/v2\/pages\/413","targetHints":{"allow":["GET"]}}],"collection":[{"href":"https:\/\/bvg.lv\/index.php?rest_route=\/wp\/v2\/pages"}],"about":[{"href":"https:\/\/bvg.lv\/index.php?rest_route=\/wp\/v2\/types\/page"}],"author":[{"embeddable":true,"href":"https:\/\/bvg.lv\/index.php?rest_route=\/wp\/v2\/users\/1"}],"replies":[{"embeddable":true,"href":"https:\/\/bvg.lv\/index.php?rest_route=%2Fwp%2Fv2%2Fcomments&post=413"}],"version-history":[{"count":4,"href":"https:\/\/bvg.lv\/index.php?rest_route=\/wp\/v2\/pages\/413\/revisions"}],"predecessor-version":[{"id":2525,"href":"https:\/\/bvg.lv\/index.php?rest_route=\/wp\/v2\/pages\/413\/revisions\/2525"}],"wp:attachment":[{"href":"https:\/\/bvg.lv\/index.php?rest_route=%2Fwp%2Fv2%2Fmedia&parent=413"}],"curies":[{"name":"wp","href":"https:\/\/api.w.org\/{rel}","templated":true}]}}