{"id":411,"date":"2023-02-27T12:37:56","date_gmt":"2023-02-27T10:37:56","guid":{"rendered":"http:\/\/bvg.lv\/?page_id=411"},"modified":"2026-03-18T11:14:19","modified_gmt":"2026-03-18T09:14:19","slug":"metodika-3","status":"publish","type":"page","link":"https:\/\/bvg.lv\/?page_id=411","title":{"rendered":"Profesion\u0101l\u0101s pilnveides pas\u0101kumi"},"content":{"rendered":"\n<p><strong>2025.g. BV\u0122 organiz\u0113tie pedagogu profesion\u0101l\u0101s pilnveides kursi Balvu novada un re\u0123iona skolu skolot\u0101jiem<\/strong><\/p>\n\n\n\n<figure class=\"wp-block-table\"><table class=\"has-fixed-layout\"><tbody><tr><td>Kursu nosaukums<\/td><td>Lektors<\/td><\/tr><tr><td>&#8220;M\u0101ksl\u012bg\u0101 intelekta r\u012bki &#8211; skolot\u0101ju jaunie pal\u012bgi m\u016bsdien\u012bg\u0101 izgl\u012bt\u012bbas proces\u0101&#8221;<\/td><td>An\u017eela D\u017eafarova<\/td><\/tr><tr><td>&#8220;Tekstprat\u012bba digit\u0101laj\u0101 laikmet\u0101: no las\u012btprasmes l\u012bdz pluritekstprat\u012bbai&#8221;<\/td><td>Laura Katkevi\u010da<\/td><\/tr><tr><td>&#8220;Efekt\u012bvas m\u0101c\u012bbu prakses Matem\u0101tika II kurs\u0101&#8221;. Padzi\u013cin\u0101to kursu \u012bsteno\u0161ana.<\/td><td>Ludmila Uglovska<br><\/td><\/tr><tr><td>&#8220;Diferenc\u0113ta pieeja darb\u0101 ar talant\u012bgajiem skol\u0113niem sve\u0161valodas stund\u0101s&#8221;<\/td><td>Ir\u012bna Krivo\u0161ejeva<\/td><\/tr><\/tbody><\/table><\/figure>\n\n\n\n<p><strong>2024.g. BV\u0122 organiz\u0113tie pedagogu profesion\u0101l\u0101s pilnveides kursi Balvu novada un re\u0123iona skolu skolot\u0101jiem<\/strong><\/p>\n\n\n\n<figure class=\"wp-block-table\"><table><tbody><tr><td>Kursu nosaukums<\/td><td>Lektors<\/td><\/tr><tr><td>&#8220;Soci\u0101li emocion\u0101l\u0101 m\u0101c\u012b\u0161an\u0101s, k\u0101 pamats pa\u0161vad\u012btam, motiv\u0113tam un uz labb\u016bt\u012bbas principiem balst\u012btam m\u0101c\u012bbu procesam&#8221;<\/td><td>Ginta Kei\u0161a<br><\/td><\/tr><tr><td>&#8220;M\u016bsdien\u012bgas m\u0101c\u012bbu stundas pl\u0101no\u0161ana un vad\u012b\u0161ana: strat\u0113\u0123ijas, r\u012bki un tehnolo\u0123ijas&#8221;<\/td><td>Laura Saul\u012bte un <br>Eva Zu\u010dika-Kuz\u0146ecova<\/td><\/tr><tr><td>&#8220;Labb\u016bt\u012bbas veicin\u0101\u0161ana izgl\u012bt\u012bbas proces\u0101 vardarb\u012bbas risku nov\u0113r\u0161an\u0101 un mazin\u0101\u0161an\u0101&#8221;<\/td><td>G. Salmane<\/td><\/tr><tr><td>&#8220;Las\u012btprasmju att\u012bst\u012b\u0161anas strat\u0113\u0123ija un las\u012b\u0161anas veicin\u0101\u0161ana&#8221;<\/td><td>R.Priedeslaipa<\/td><\/tr><tr><td>&#8220;Tekstprat\u012bba matem\u0101tikas un fizikas stund\u0101s&#8221;<\/td><td>L.Uglovska<\/td><\/tr><\/tbody><\/table><\/figure>\n\n\n\n<p><strong>2023.g. BV\u0122 organiz\u0113tie pedagogu profesion\u0101l\u0101s pilnveides kursi Balvu novada un re\u0123iona skolu skolot\u0101jiem<\/strong><\/p>\n\n\n\n<figure class=\"wp-block-table\"><table><tbody><tr><td>Kursu nosaukums<\/td><td>Lektors<\/td><\/tr><tr><td>\u201cAudiovizu\u0101lo materi\u0101lu sagatavo\u0161ana un lieto\u0161ana digit\u0101lai m\u0101c\u012bbu stundai\u201d<\/td><td>A. Stucka<\/td><\/tr><tr><td>\u201cIT r\u012bku izmanto\u0161anas iesp\u0113jas matem\u0101tik\u0101 izvirz\u012bt\u0101 SR apguvei\u201d<\/td><td>L. Uglovska<\/td><\/tr><tr><td>\u201cIT r\u012bki interakt\u012bvas, diferenc\u0113tas un individualiz\u0113tas stundas izveidei\u201d<\/td><td>A. Stucka<\/td><\/tr><tr><td>&#8220;Tekstprat\u012bba pamatizgl\u012bt\u012bbas ieguves proces\u0101&#8221;<\/td><td>A. Krie\u0137is<\/td><\/tr><tr><td>\u201cM\u0101ksl\u012bgais intelekts skol\u0101\u201d<\/td><td>F. Sarcevi\u010ds, G. \u0160er\u0161\u0146evs<\/td><\/tr><tr><td>\u201cKritisk\u0101s dom\u0101\u0161anas pieejas un strat\u0113\u0123ijas m\u0101c\u012bbu procesa efektivit\u0101tei un aktu\u0101lu sabiedrisko nori\u0161u izpratnei\u201d<\/td><td>I. Irb\u012bte, D. &nbsp;Zelmene<\/td><\/tr><tr><td>\u201cSoci\u0101li emocion\u0101l\u0101s audzin\u0101\u0161anas process negat\u012bvas uzved\u012bbas risku mazin\u0101\u0161an\u0101\u201d &nbsp;<\/td><td>K. Beinarovi\u010da<\/td><\/tr><\/tbody><\/table><\/figure>\n\n\n\n<p id=\"E269\"><strong>2022.g. BV\u0122 organiz\u0113tie pedagogu profesion\u0101l\u0101s pilnveides kursi Balvu novada skolu skolot\u0101jiem:<\/strong><\/p>\n\n\n\n<figure id=\"E271\" class=\"wp-block-table\"><table><tbody><tr><td>IT r\u012bku izmanto\u0161ana interakt\u012bvas stundas izveidei un m\u0101c\u012bbu procesa da\u017e\u0101do\u0161anai.<\/td><td>A.Stucka<\/td><\/tr><tr><td>IT r\u012bku izmanto\u0161anas iesp\u0113jas matem\u0101tik\u0101 dev\u012bto kla\u0161u skol\u0113niem izvirz\u012bt\u0101 sasniedzam\u0101 rezult\u0101ta apguvei.<\/td><td>L.Uglovska<\/td><\/tr><tr><td>Skol\u0113nu pa\u0161vad\u012btas m\u0101c\u012b\u0161an\u0101s veicin\u0101\u0161ana ikdienas m\u0101c\u012bbu un audzin\u0101\u0161anas proces\u0101.<\/td><td>A.Sokolova, M.\u0160\u0101v\u0113js<\/td><\/tr><\/tbody><\/table><\/figure>\n\n\n\n<p id=\"E190\"><strong>2021.g. BV\u0122 organiz\u0113tie pedagogu profesion\u0101l\u0101s pilnveides kursi Balvu novada skolu skolot\u0101jiem:<\/strong><\/p>\n\n\n\n<figure id=\"E193\" class=\"wp-block-table\"><table><tbody><tr><td><strong>Kursu t\u0113ma<\/strong><\/td><td><strong>Kursu vad\u012bt\u0101js<\/strong><\/td><\/tr><tr><td>Individualiz\u0113t\u0101s m\u0101c\u012bbu pieejas \u012bsteno\u0161ana m\u0101c\u012bbu proces\u0101 izgl\u012btojamo talantu un sp\u0113ju att\u012bst\u012b\u0161anai.<\/td><td>K.Oganisjana<\/td><\/tr><tr><td>IT r\u012bku izmanto\u0161ana aprob\u0101cijas programmas\u201dMatem\u0101tika 8.klasei\u201dapguvei<\/td><td>L.Uglovska<\/td><\/tr><tr><td>&#8220;Matem\u0101tika astotai klasei&#8221;<\/td><td>L.Uglovska<\/td><\/tr><tr><td>Rado\u0161ums k\u0101 izaicin\u0101jums: praktiski pa\u0146\u0113mieni rado\u0161uma veicin\u0101\u0161anai m\u0101c\u012bbu un audzin\u0101\u0161anas darb\u0101.<\/td><td>I.Kalni\u0146a<\/td><\/tr><tr><td>&#8220;Izgl\u012btojamo m\u0101c\u012bbu sasniegumu v\u0113rt\u0113\u0161ana un atgriezenisk\u0101 saite skol\u0113na m\u0101c\u012b\u0161an\u0101s atbalstam un izaugsmei\u201d<\/td><td>A.Sokolova<\/td><\/tr><tr><td>&#8220;Metodiskie pa\u0146\u0113mieni darb\u0101 ar talant\u012bgajiem izgl\u012btojamajiem matem\u0101tik\u0101 un dabas zin\u012bb\u0101s.&#8221;<\/td><td>K.Oganisjana<\/td><\/tr><\/tbody><\/table><\/figure>\n\n\n\n<p id=\"E268\"><strong><br><\/strong><\/p>\n\n\n\n<p id=\"E60\"><strong>2020g. BV\u0122 organiz\u0113tie pedagogu profesion\u0101l\u0101s pilnveides kursi Balvu novada skolu skolot\u0101jiem:<\/strong><\/p>\n\n\n\n<figure id=\"E62\" class=\"wp-block-table\"><table><tbody><tr><td><strong>Kursu t\u0113ma<\/strong><\/td><td><strong>Kursu vad\u012bt\u0101js<\/strong><\/td><\/tr><tr><td>&nbsp;\u201eNoder\u012bga personaliz\u0113ta atgriezenisk\u0101 saite skol\u0113nu individu\u0101lo kompeten\u010du att\u012bst\u012bbai un m\u0101c\u012bbu snieguma uzlabo\u0161anai\u201d<\/td><td>A.Sokolova<\/td><\/tr><tr><td>\u201eM\u0101c\u012bbu procesa diferenci\u0101cija, individualiz\u0101cija un \u201cpersonaliz\u0101cija\u201d A.S<br><\/td><td>A.Sokolova<\/td><\/tr><tr><td>\u201eMetakognitivit\u0101te m\u0101c\u012bbu proces\u0101\u201d<\/td><td>Arelkevi\u010da<\/td><\/tr><tr><td>Pilnveidot\u0101 satura latvie\u0161u valod\u0101 un literat\u016br\u0101 ievie\u0161ana m\u0101c\u012bbu proces\u0101\u201d<\/td><td>V.Muldi\u0146a I.Konivale<\/td><\/tr><tr><td>\u201eM\u0101c\u012b\u0161an\u0101s lietprat\u012bbai kult\u016bras izpratnes un pa\u0161izpausmes m\u0101kslas m\u0101c\u012bbu jom\u0101\u201d<\/td><td><br><\/td><\/tr><tr><td>\u201e M\u0101c\u012b\u0161an\u0101s lietprat\u012bbai soci\u0101laj\u0101 un pilsoniskaj\u0101 m\u0101c\u012bbu jom\u0101\u201d<\/td><td>I.\u0160aic\u0101ne<\/td><\/tr><tr><td>\u201eZieme\u013clatgale Latvijas neatkar\u012bbai (1918-1920)\u201d<\/td><td>I.\u0160aic\u0101ne<\/td><\/tr><tr><td>\u201eM\u0101c\u012bbu satura un pieejas pl\u0101no\u0161ana vesel\u012bbas un fizisko aktivit\u0101\u0161u m\u0101c\u012bbu jom\u0101\u201d<\/td><td>J.Zakar\u012bts<\/td><\/tr><tr><td>\u201eM\u0101c\u012bbu satura pl\u0101no\u0161ana un \u012bsteno\u0161ana sve\u0161valod\u0101\u201d<\/td><td>E.Zu\u010dika &#8211; Kuz\u0146ecova<\/td><\/tr><tr><td>\u201eKompeten\u010du pieeja te\u0101tra m\u0101kslas m\u0101c\u012bbu satur\u0101\u201d<\/td><td>A.Dvinska<\/td><\/tr><\/tbody><\/table><\/figure>\n\n\n\n<p id=\"E187\"><br><\/p>\n\n\n\n<p id=\"E188\"><strong><br><\/strong><\/p>\n\n\n\n<p id=\"E189\"><strong><br><\/strong><\/p>\n","protected":false},"excerpt":{"rendered":"<p>2025.g. BV\u0122 organiz\u0113tie pedagogu profesion\u0101l\u0101s pilnveides kursi Balvu novada un re\u0123iona skolu skolot\u0101jiem Kursu nosaukums Lektors &#8220;M\u0101ksl\u012bg\u0101 intelekta r\u012bki &#8211; skolot\u0101ju jaunie pal\u012bgi m\u016bsdien\u012bg\u0101 izgl\u012bt\u012bbas proces\u0101&#8221; An\u017eela D\u017eafarova &#8220;Tekstprat\u012bba digit\u0101laj\u0101 laikmet\u0101: no las\u012btprasmes l\u012bdz pluritekstprat\u012bbai&#8221; Laura Katkevi\u010da &#8220;Efekt\u012bvas m\u0101c\u012bbu prakses &hellip; <a href=\"https:\/\/bvg.lv\/?page_id=411\">Turpiniet las\u012bt <span class=\"meta-nav\">&rarr;<\/span><\/a><\/p>\n","protected":false},"author":1,"featured_media":0,"parent":0,"menu_order":0,"comment_status":"closed","ping_status":"closed","template":"","meta":{"ngg_post_thumbnail":0,"footnotes":""},"class_list":["post-411","page","type-page","status-publish","hentry"],"_links":{"self":[{"href":"https:\/\/bvg.lv\/index.php?rest_route=\/wp\/v2\/pages\/411","targetHints":{"allow":["GET"]}}],"collection":[{"href":"https:\/\/bvg.lv\/index.php?rest_route=\/wp\/v2\/pages"}],"about":[{"href":"https:\/\/bvg.lv\/index.php?rest_route=\/wp\/v2\/types\/page"}],"author":[{"embeddable":true,"href":"https:\/\/bvg.lv\/index.php?rest_route=\/wp\/v2\/users\/1"}],"replies":[{"embeddable":true,"href":"https:\/\/bvg.lv\/index.php?rest_route=%2Fwp%2Fv2%2Fcomments&post=411"}],"version-history":[{"count":12,"href":"https:\/\/bvg.lv\/index.php?rest_route=\/wp\/v2\/pages\/411\/revisions"}],"predecessor-version":[{"id":5490,"href":"https:\/\/bvg.lv\/index.php?rest_route=\/wp\/v2\/pages\/411\/revisions\/5490"}],"wp:attachment":[{"href":"https:\/\/bvg.lv\/index.php?rest_route=%2Fwp%2Fv2%2Fmedia&parent=411"}],"curies":[{"name":"wp","href":"https:\/\/api.w.org\/{rel}","templated":true}]}}