{"id":407,"date":"2023-02-27T12:37:32","date_gmt":"2023-02-27T10:37:32","guid":{"rendered":"http:\/\/bvg.lv\/?page_id=407"},"modified":"2026-01-05T15:56:59","modified_gmt":"2026-01-05T13:56:59","slug":"metodika-1","status":"publish","type":"page","link":"https:\/\/bvg.lv\/?page_id=407","title":{"rendered":"Metodisko materi\u0101lu digit\u0101l\u0101 kr\u0101tuve (meistarklases)"},"content":{"rendered":"\n<p><a href=\"https:\/\/bvg.lv\/?page_id=5177\" data-type=\"page\" data-id=\"5177\" target=\"_blank\" rel=\"noreferrer noopener\">Re\u0123ion\u0101l\u0101s konferences &#8220;Efekt\u012bvs m\u0101c\u012bbu process atsl\u0113ga ikviena izaugsmei&#8221; pieredzes st\u0101sti (23.10.2025)<\/a><\/p>\n\n\n\n<p><a href=\"https:\/\/bvg.lv\/?page_id=2761\" data-type=\"page\" data-id=\"2761\">Re\u0123ion\u0101l\u0101s konferences \u201cStarpdisciplinarit\u0101te m\u0101c\u012bbu proces\u0101: rado\u0161ums un sadarb\u012bba\u201d starpdisciplin\u0101r\u0101s stundas (25.10.2024.)<\/a><\/p>\n\n\n\n<p><a href=\"https:\/\/bvg.lv\/?page_id=3757\" data-type=\"page\" data-id=\"3757\">Re\u0123ion\u0101l\u0101 konference \u201cProfesion\u0101l\u0101s pilnveides meistarklases k\u0101 atbalsts kvalitat\u012bva m\u0101c\u012bbu procesa \u012bsteno\u0161anai visp\u0101r\u0113j\u0101 izgl\u012bt\u012bb\u0101\u201d (21.10.2024.)<\/a><\/p>\n\n\n\n<p><a href=\"https:\/\/bvg.lv\/?page_id=3763\" data-type=\"page\" data-id=\"3763\">Pedagogu profesion\u0101l\u0101s pilnveides forums 2025 \u201cKatram sava virsotne\u201d (11.03.2025.)<\/a><\/p>\n\n\n\n<p><a href=\"https:\/\/bvg.lv\/?page_id=3771\" data-type=\"page\" data-id=\"3771\">Pedagogu profesion\u0101l\u0101s pilnveides forums \u201cAugam kop\u0101\u201d (12.03.2024.)<\/a><\/p>\n\n\n\n<p><a href=\"https:\/\/bvg.lv\/?page_id=3774\" data-type=\"page\" data-id=\"3774\">Pedagogu profesion\u0101l\u0101s kompetences pilnveides pas\u0101kums \u2013 meistarklases skolot\u0101jiem \u201cM\u0101c\u012b\u0161anas saturs, metodika, \u012bsteno\u0161ana un darba pieredze\u201d (23.10.2023.)<\/a><\/p>\n\n\n\n<p><a href=\"https:\/\/bvg.lv\/?page_id=3780\" data-type=\"page\" data-id=\"3780\">Lab\u0101s prakses piem\u0113ri (2023. gads)<\/a><\/p>\n\n\n\n<p><a href=\"https:\/\/bvg.lv\/?page_id=3784\" data-type=\"page\" data-id=\"3784\">Re\u0123ion\u0101l\u0101 konference \u201cPraktiski. Lietprat\u012bbai. Latgale.\u201d (05.04.2022.)<\/a><\/p>\n\n\n\n<p><a href=\"https:\/\/bvg.lv\/?page_id=3789\" data-type=\"page\" data-id=\"3789\">2022.gads<\/a><\/p>\n\n\n\n<p><a href=\"https:\/\/bvg.lv\/?page_id=3792\" data-type=\"page\" data-id=\"3792\">2021.gads<\/a><\/p>\n\n\n\n<p>\n<a href=\"http:\/\/bvg.lv\/?page_id=446\">Ir\u0113nas \u0160aic\u0101nes meistarklases materi\u0101li<\/a>\n<\/p>\n","protected":false},"excerpt":{"rendered":"<p>Re\u0123ion\u0101l\u0101s konferences &#8220;Efekt\u012bvs m\u0101c\u012bbu process atsl\u0113ga ikviena izaugsmei&#8221; pieredzes st\u0101sti (23.10.2025) Re\u0123ion\u0101l\u0101s konferences \u201cStarpdisciplinarit\u0101te m\u0101c\u012bbu proces\u0101: rado\u0161ums un sadarb\u012bba\u201d starpdisciplin\u0101r\u0101s stundas (25.10.2024.) Re\u0123ion\u0101l\u0101 konference \u201cProfesion\u0101l\u0101s pilnveides meistarklases k\u0101 atbalsts kvalitat\u012bva m\u0101c\u012bbu procesa \u012bsteno\u0161anai visp\u0101r\u0113j\u0101 izgl\u012bt\u012bb\u0101\u201d (21.10.2024.) Pedagogu profesion\u0101l\u0101s pilnveides forums &hellip; <a href=\"https:\/\/bvg.lv\/?page_id=407\">Turpiniet las\u012bt <span class=\"meta-nav\">&rarr;<\/span><\/a><\/p>\n","protected":false},"author":1,"featured_media":0,"parent":0,"menu_order":0,"comment_status":"closed","ping_status":"closed","template":"","meta":{"ngg_post_thumbnail":0,"footnotes":""},"class_list":["post-407","page","type-page","status-publish","hentry"],"_links":{"self":[{"href":"https:\/\/bvg.lv\/index.php?rest_route=\/wp\/v2\/pages\/407","targetHints":{"allow":["GET"]}}],"collection":[{"href":"https:\/\/bvg.lv\/index.php?rest_route=\/wp\/v2\/pages"}],"about":[{"href":"https:\/\/bvg.lv\/index.php?rest_route=\/wp\/v2\/types\/page"}],"author":[{"embeddable":true,"href":"https:\/\/bvg.lv\/index.php?rest_route=\/wp\/v2\/users\/1"}],"replies":[{"embeddable":true,"href":"https:\/\/bvg.lv\/index.php?rest_route=%2Fwp%2Fv2%2Fcomments&post=407"}],"version-history":[{"count":23,"href":"https:\/\/bvg.lv\/index.php?rest_route=\/wp\/v2\/pages\/407\/revisions"}],"predecessor-version":[{"id":5208,"href":"https:\/\/bvg.lv\/index.php?rest_route=\/wp\/v2\/pages\/407\/revisions\/5208"}],"wp:attachment":[{"href":"https:\/\/bvg.lv\/index.php?rest_route=%2Fwp%2Fv2%2Fmedia&parent=407"}],"curies":[{"name":"wp","href":"https:\/\/api.w.org\/{rel}","templated":true}]}}