{"id":3792,"date":"2025-03-31T10:09:52","date_gmt":"2025-03-31T07:09:52","guid":{"rendered":"https:\/\/bvg.lv\/?page_id=3792"},"modified":"2025-03-31T10:09:52","modified_gmt":"2025-03-31T07:09:52","slug":"2021-gads","status":"publish","type":"page","link":"https:\/\/bvg.lv\/?page_id=3792","title":{"rendered":"2021.gads"},"content":{"rendered":"\n<p><a href=\"https:\/\/bvg.lv\/wp-content\/uploads\/2024\/02\/Meistarklase-1-1.pdf\" target=\"_blank\" rel=\"noreferrer noopener\">Diferenci\u0101cija m\u0101c\u012bbu proces\u0101<\/a><\/p>\n\n\n\n<p><\/p>\n","protected":false},"excerpt":{"rendered":"<p>Diferenci\u0101cija m\u0101c\u012bbu proces\u0101<\/p>\n","protected":false},"author":1,"featured_media":0,"parent":0,"menu_order":0,"comment_status":"closed","ping_status":"closed","template":"","meta":{"ngg_post_thumbnail":0,"footnotes":""},"class_list":["post-3792","page","type-page","status-publish","hentry"],"_links":{"self":[{"href":"https:\/\/bvg.lv\/index.php?rest_route=\/wp\/v2\/pages\/3792","targetHints":{"allow":["GET"]}}],"collection":[{"href":"https:\/\/bvg.lv\/index.php?rest_route=\/wp\/v2\/pages"}],"about":[{"href":"https:\/\/bvg.lv\/index.php?rest_route=\/wp\/v2\/types\/page"}],"author":[{"embeddable":true,"href":"https:\/\/bvg.lv\/index.php?rest_route=\/wp\/v2\/users\/1"}],"replies":[{"embeddable":true,"href":"https:\/\/bvg.lv\/index.php?rest_route=%2Fwp%2Fv2%2Fcomments&post=3792"}],"version-history":[{"count":1,"href":"https:\/\/bvg.lv\/index.php?rest_route=\/wp\/v2\/pages\/3792\/revisions"}],"predecessor-version":[{"id":3794,"href":"https:\/\/bvg.lv\/index.php?rest_route=\/wp\/v2\/pages\/3792\/revisions\/3794"}],"wp:attachment":[{"href":"https:\/\/bvg.lv\/index.php?rest_route=%2Fwp%2Fv2%2Fmedia&parent=3792"}],"curies":[{"name":"wp","href":"https:\/\/api.w.org\/{rel}","templated":true}]}}