{"id":3789,"date":"2025-03-31T10:08:06","date_gmt":"2025-03-31T07:08:06","guid":{"rendered":"https:\/\/bvg.lv\/?page_id=3789"},"modified":"2025-03-31T10:08:06","modified_gmt":"2025-03-31T07:08:06","slug":"2022-gads","status":"publish","type":"page","link":"https:\/\/bvg.lv\/?page_id=3789","title":{"rendered":"2022.gads"},"content":{"rendered":"\n<p><a href=\"https:\/\/bvg.lv\/wp-content\/uploads\/2024\/02\/Stundu-verosana.pdf\" target=\"_blank\" rel=\"noreferrer noopener\">Stundu v\u0113ro\u0161ana Balvu Valsts \u0123imn\u0101zij\u0101<\/a><\/p>\n\n\n\n<p><\/p>\n","protected":false},"excerpt":{"rendered":"<p>Stundu v\u0113ro\u0161ana Balvu Valsts \u0123imn\u0101zij\u0101<\/p>\n","protected":false},"author":1,"featured_media":0,"parent":0,"menu_order":0,"comment_status":"closed","ping_status":"closed","template":"","meta":{"ngg_post_thumbnail":0,"footnotes":""},"class_list":["post-3789","page","type-page","status-publish","hentry"],"_links":{"self":[{"href":"https:\/\/bvg.lv\/index.php?rest_route=\/wp\/v2\/pages\/3789","targetHints":{"allow":["GET"]}}],"collection":[{"href":"https:\/\/bvg.lv\/index.php?rest_route=\/wp\/v2\/pages"}],"about":[{"href":"https:\/\/bvg.lv\/index.php?rest_route=\/wp\/v2\/types\/page"}],"author":[{"embeddable":true,"href":"https:\/\/bvg.lv\/index.php?rest_route=\/wp\/v2\/users\/1"}],"replies":[{"embeddable":true,"href":"https:\/\/bvg.lv\/index.php?rest_route=%2Fwp%2Fv2%2Fcomments&post=3789"}],"version-history":[{"count":1,"href":"https:\/\/bvg.lv\/index.php?rest_route=\/wp\/v2\/pages\/3789\/revisions"}],"predecessor-version":[{"id":3790,"href":"https:\/\/bvg.lv\/index.php?rest_route=\/wp\/v2\/pages\/3789\/revisions\/3790"}],"wp:attachment":[{"href":"https:\/\/bvg.lv\/index.php?rest_route=%2Fwp%2Fv2%2Fmedia&parent=3789"}],"curies":[{"name":"wp","href":"https:\/\/api.w.org\/{rel}","templated":true}]}}