{"id":3784,"date":"2025-03-31T10:05:24","date_gmt":"2025-03-31T07:05:24","guid":{"rendered":"https:\/\/bvg.lv\/?page_id=3784"},"modified":"2025-03-31T10:11:23","modified_gmt":"2025-03-31T07:11:23","slug":"regionala-konference-praktiski-lietpratibai-latgale-05-04-2022","status":"publish","type":"page","link":"https:\/\/bvg.lv\/?page_id=3784","title":{"rendered":"Re\u0123ion\u0101l\u0101 konference \u201cPraktiski. Lietprat\u012bbai. Latgale.\u201d (05.04.2022.)"},"content":{"rendered":"\n<p><a href=\"https:\/\/bvg.lv\/wp-content\/uploads\/2024\/02\/Meistarklase-2.pdf\" target=\"_blank\" rel=\"noreferrer noopener\">Funkcijas? Funkcijas? Funkcijas!<\/a><\/p>\n\n\n\n<p><a href=\"https:\/\/bvg.lv\/wp-content\/uploads\/2024\/02\/Meistarklase-3.pdf\" target=\"_blank\" rel=\"noreferrer noopener\">K\u0101 m\u0113r\u0137tiec\u012bgi izmantot IKT r\u012bkus m\u0101c\u012bbu proces\u0101<\/a><\/p>\n\n\n\n<p><a href=\"https:\/\/bvg.lv\/wp-content\/uploads\/2024\/02\/Meistarklase-4.pdf\" target=\"_blank\" rel=\"noreferrer noopener\">Starpdisciplin\u0101r\u0101 m\u0101c\u012bbu stunda \u00abMana ce\u013cojuma soma\u00bb k\u0101 l\u012bdzeklis m\u0101c\u012bbu procesa organiz\u0101cijai, veicinot sadarb\u012bbu, kas v\u0113rsta uz kvalitat\u012bvu izgl\u012bt\u012bbu.<\/a><\/p>\n\n\n\n<p><\/p>\n","protected":false},"excerpt":{"rendered":"<p>Funkcijas? Funkcijas? Funkcijas! K\u0101 m\u0113r\u0137tiec\u012bgi izmantot IKT r\u012bkus m\u0101c\u012bbu proces\u0101 Starpdisciplin\u0101r\u0101 m\u0101c\u012bbu stunda \u00abMana ce\u013cojuma soma\u00bb k\u0101 l\u012bdzeklis m\u0101c\u012bbu procesa organiz\u0101cijai, veicinot sadarb\u012bbu, kas v\u0113rsta uz kvalitat\u012bvu izgl\u012bt\u012bbu.<\/p>\n","protected":false},"author":1,"featured_media":0,"parent":0,"menu_order":0,"comment_status":"closed","ping_status":"closed","template":"","meta":{"ngg_post_thumbnail":0,"footnotes":""},"class_list":["post-3784","page","type-page","status-publish","hentry"],"_links":{"self":[{"href":"https:\/\/bvg.lv\/index.php?rest_route=\/wp\/v2\/pages\/3784","targetHints":{"allow":["GET"]}}],"collection":[{"href":"https:\/\/bvg.lv\/index.php?rest_route=\/wp\/v2\/pages"}],"about":[{"href":"https:\/\/bvg.lv\/index.php?rest_route=\/wp\/v2\/types\/page"}],"author":[{"embeddable":true,"href":"https:\/\/bvg.lv\/index.php?rest_route=\/wp\/v2\/users\/1"}],"replies":[{"embeddable":true,"href":"https:\/\/bvg.lv\/index.php?rest_route=%2Fwp%2Fv2%2Fcomments&post=3784"}],"version-history":[{"count":2,"href":"https:\/\/bvg.lv\/index.php?rest_route=\/wp\/v2\/pages\/3784\/revisions"}],"predecessor-version":[{"id":3797,"href":"https:\/\/bvg.lv\/index.php?rest_route=\/wp\/v2\/pages\/3784\/revisions\/3797"}],"wp:attachment":[{"href":"https:\/\/bvg.lv\/index.php?rest_route=%2Fwp%2Fv2%2Fmedia&parent=3784"}],"curies":[{"name":"wp","href":"https:\/\/api.w.org\/{rel}","templated":true}]}}