{"id":3780,"date":"2025-03-31T10:02:07","date_gmt":"2025-03-31T07:02:07","guid":{"rendered":"https:\/\/bvg.lv\/?page_id=3780"},"modified":"2025-03-31T10:02:07","modified_gmt":"2025-03-31T07:02:07","slug":"labas-prakses-piemeri-2023-gads","status":"publish","type":"page","link":"https:\/\/bvg.lv\/?page_id=3780","title":{"rendered":"Lab\u0101s prakses piem\u0113ri (2023. gads)"},"content":{"rendered":"\n<p><a href=\"https:\/\/bvg.lv\/wp-content\/uploads\/2024\/02\/Gaisma-maksla-2I.Keisa_-1.pdf\" target=\"_blank\" rel=\"noreferrer noopener\">Sadarb\u012bbas att\u012bst\u012b\u0161ana 7. klas\u0113 apg\u016bstot t\u0113mu vizu\u0101laj\u0101 m\u0101ksl\u0101 \u201cGaisma m\u0101ksl\u0101\u201d<\/a><\/p>\n\n\n\n<p><a href=\"https:\/\/bvg.lv\/wp-content\/uploads\/2024\/02\/geografija-vizuala-maksla_putni.pdf\" target=\"_blank\" rel=\"noreferrer noopener\">Lab\u0101s prakses piem\u0113rs \u0122eogr\u0101fija \u2013 Vizu\u0101l\u0101 m\u0101ksla<\/a><\/p>\n\n\n\n<p><a href=\"https:\/\/bvg.lv\/wp-content\/uploads\/2024\/02\/Starpdisc.st_._2023.gads_22.03.23-1.pdf\" target=\"_blank\" rel=\"noreferrer noopener\">Starpdisciplin\u0101r\u0101 stunda: 21. gadsimts sadarb\u012bbas laiks<\/a><\/p>\n\n\n\n<p><a href=\"https:\/\/bvg.lv\/wp-content\/uploads\/2024\/02\/Jaunrade-un-radosums.pdf\" target=\"_blank\" rel=\"noreferrer noopener\">Caurviju prasme \u2013 jaunrade un rado\u0161ums<\/a><\/p>\n\n\n\n<p><a href=\"https:\/\/bvg.lv\/wp-content\/uploads\/2024\/02\/Statistika-10b_-2023_-L.-Bizune_-L.Uglovska.pdf\" target=\"_blank\" rel=\"noreferrer noopener\">Starpdisciplin\u0101r\u0101s stundas pl\u0101no\u0161ana 10. klas\u0113 (matem\u0101tika un inform\u0101tika)<\/a><\/p>\n","protected":false},"excerpt":{"rendered":"<p>Sadarb\u012bbas att\u012bst\u012b\u0161ana 7. klas\u0113 apg\u016bstot t\u0113mu vizu\u0101laj\u0101 m\u0101ksl\u0101 \u201cGaisma m\u0101ksl\u0101\u201d Lab\u0101s prakses piem\u0113rs \u0122eogr\u0101fija \u2013 Vizu\u0101l\u0101 m\u0101ksla Starpdisciplin\u0101r\u0101 stunda: 21. gadsimts sadarb\u012bbas laiks Caurviju prasme \u2013 jaunrade un rado\u0161ums Starpdisciplin\u0101r\u0101s stundas pl\u0101no\u0161ana 10. klas\u0113 (matem\u0101tika un inform\u0101tika)<\/p>\n","protected":false},"author":1,"featured_media":0,"parent":0,"menu_order":0,"comment_status":"closed","ping_status":"closed","template":"","meta":{"ngg_post_thumbnail":0,"footnotes":""},"class_list":["post-3780","page","type-page","status-publish","hentry"],"_links":{"self":[{"href":"https:\/\/bvg.lv\/index.php?rest_route=\/wp\/v2\/pages\/3780","targetHints":{"allow":["GET"]}}],"collection":[{"href":"https:\/\/bvg.lv\/index.php?rest_route=\/wp\/v2\/pages"}],"about":[{"href":"https:\/\/bvg.lv\/index.php?rest_route=\/wp\/v2\/types\/page"}],"author":[{"embeddable":true,"href":"https:\/\/bvg.lv\/index.php?rest_route=\/wp\/v2\/users\/1"}],"replies":[{"embeddable":true,"href":"https:\/\/bvg.lv\/index.php?rest_route=%2Fwp%2Fv2%2Fcomments&post=3780"}],"version-history":[{"count":1,"href":"https:\/\/bvg.lv\/index.php?rest_route=\/wp\/v2\/pages\/3780\/revisions"}],"predecessor-version":[{"id":3782,"href":"https:\/\/bvg.lv\/index.php?rest_route=\/wp\/v2\/pages\/3780\/revisions\/3782"}],"wp:attachment":[{"href":"https:\/\/bvg.lv\/index.php?rest_route=%2Fwp%2Fv2%2Fmedia&parent=3780"}],"curies":[{"name":"wp","href":"https:\/\/api.w.org\/{rel}","templated":true}]}}