{"id":3771,"date":"2025-03-31T09:35:46","date_gmt":"2025-03-31T06:35:46","guid":{"rendered":"https:\/\/bvg.lv\/?page_id=3771"},"modified":"2025-03-31T09:35:46","modified_gmt":"2025-03-31T06:35:46","slug":"pedagogu-profesionalas-pilnveides-forums-augam-kopa-12-03-2024","status":"publish","type":"page","link":"https:\/\/bvg.lv\/?page_id=3771","title":{"rendered":"Pedagogu profesion\u0101l\u0101s pilnveides forums \u201cAugam kop\u0101\u201d (12.03.2024.)"},"content":{"rendered":"\n<p><a href=\"https:\/\/bvg.lv\/wp-content\/uploads\/2024\/09\/Vertibas-darba-ar-tekstu-anglu-valodas-stundas.pdf\" target=\"_blank\" rel=\"noreferrer noopener\">V\u0113rt\u012bbas k\u0101 m\u0101c\u012bbu satura sast\u0101vda\u013ca darb\u0101 ar tekstu<\/a><\/p>\n\n\n\n<p><a href=\"https:\/\/bvg.lv\/wp-content\/uploads\/2024\/09\/Audzinasana-ka-integreta-izglitibas-procesa-dala-dizaina-un-tehnologijas.pdf\" target=\"_blank\" rel=\"noreferrer noopener\">Uzskaites l\u012bdzek\u013ca \u201cV\u0113rt\u012bbas\u201d\u201d izveide dizaina un tehnolo\u0123iju stund\u0101s<\/a><\/p>\n\n\n\n<p><\/p>\n","protected":false},"excerpt":{"rendered":"<p>V\u0113rt\u012bbas k\u0101 m\u0101c\u012bbu satura sast\u0101vda\u013ca darb\u0101 ar tekstu Uzskaites l\u012bdzek\u013ca \u201cV\u0113rt\u012bbas\u201d\u201d izveide dizaina un tehnolo\u0123iju stund\u0101s<\/p>\n","protected":false},"author":1,"featured_media":0,"parent":0,"menu_order":0,"comment_status":"closed","ping_status":"closed","template":"","meta":{"ngg_post_thumbnail":0,"footnotes":""},"class_list":["post-3771","page","type-page","status-publish","hentry"],"_links":{"self":[{"href":"https:\/\/bvg.lv\/index.php?rest_route=\/wp\/v2\/pages\/3771","targetHints":{"allow":["GET"]}}],"collection":[{"href":"https:\/\/bvg.lv\/index.php?rest_route=\/wp\/v2\/pages"}],"about":[{"href":"https:\/\/bvg.lv\/index.php?rest_route=\/wp\/v2\/types\/page"}],"author":[{"embeddable":true,"href":"https:\/\/bvg.lv\/index.php?rest_route=\/wp\/v2\/users\/1"}],"replies":[{"embeddable":true,"href":"https:\/\/bvg.lv\/index.php?rest_route=%2Fwp%2Fv2%2Fcomments&post=3771"}],"version-history":[{"count":1,"href":"https:\/\/bvg.lv\/index.php?rest_route=\/wp\/v2\/pages\/3771\/revisions"}],"predecessor-version":[{"id":3772,"href":"https:\/\/bvg.lv\/index.php?rest_route=\/wp\/v2\/pages\/3771\/revisions\/3772"}],"wp:attachment":[{"href":"https:\/\/bvg.lv\/index.php?rest_route=%2Fwp%2Fv2%2Fmedia&parent=3771"}],"curies":[{"name":"wp","href":"https:\/\/api.w.org\/{rel}","templated":true}]}}