{"id":3763,"date":"2025-03-31T09:30:21","date_gmt":"2025-03-31T06:30:21","guid":{"rendered":"https:\/\/bvg.lv\/?page_id=3763"},"modified":"2025-04-09T12:08:23","modified_gmt":"2025-04-09T09:08:23","slug":"pedagogu-profesionalas-pilnveides-forums-2025-katram-sava-virsotne-11-03-2025","status":"publish","type":"page","link":"https:\/\/bvg.lv\/?page_id=3763","title":{"rendered":"Pedagogu profesion\u0101l\u0101s pilnveides forums 2025 \u201cKatram sava virsotne\u201d (11.03.2025.)"},"content":{"rendered":"\n<p><a href=\"https:\/\/bvg.lv\/wp-content\/uploads\/2025\/03\/Kulturizglitiba_Ja-vai-Ne.pdf\" target=\"_blank\" rel=\"noreferrer noopener\">Kult\u016brizgl\u012bt\u012bba &#8211; J\u0101 vai N\u0113?!<\/a><\/p>\n\n\n\n<p><a href=\"https:\/\/bvg.lv\/wp-content\/uploads\/2025\/03\/Labas-prakses-piemeri-vides-un-resursu-dazadosana-geografijas-stundas.pdf\" target=\"_blank\" rel=\"noreferrer noopener\">Lab\u0101s prakses piem\u0113ri vides un resursu da\u017e\u0101do\u0161an\u0101 \u0123eogr\u0101fijas m\u0101c\u012bbu stund\u0101s<\/a><\/p>\n\n\n\n<p><a href=\"https:\/\/bvg.lv\/wp-content\/uploads\/2025\/04\/Prezentacija_karjera_BVG_gulbenei.pdf\" target=\"_blank\" rel=\"noreferrer noopener\">Karjeras izgl\u012bt\u012bbas aktivit\u0101tes Balvu Valsts \u0123imn\u0101zij\u0101<\/a><\/p>\n","protected":false},"excerpt":{"rendered":"<p>Kult\u016brizgl\u012bt\u012bba &#8211; J\u0101 vai N\u0113?! Lab\u0101s prakses piem\u0113ri vides un resursu da\u017e\u0101do\u0161an\u0101 \u0123eogr\u0101fijas m\u0101c\u012bbu stund\u0101s Karjeras izgl\u012bt\u012bbas aktivit\u0101tes Balvu Valsts \u0123imn\u0101zij\u0101<\/p>\n","protected":false},"author":1,"featured_media":0,"parent":0,"menu_order":0,"comment_status":"closed","ping_status":"closed","template":"","meta":{"ngg_post_thumbnail":0,"footnotes":""},"class_list":["post-3763","page","type-page","status-publish","hentry"],"_links":{"self":[{"href":"https:\/\/bvg.lv\/index.php?rest_route=\/wp\/v2\/pages\/3763","targetHints":{"allow":["GET"]}}],"collection":[{"href":"https:\/\/bvg.lv\/index.php?rest_route=\/wp\/v2\/pages"}],"about":[{"href":"https:\/\/bvg.lv\/index.php?rest_route=\/wp\/v2\/types\/page"}],"author":[{"embeddable":true,"href":"https:\/\/bvg.lv\/index.php?rest_route=\/wp\/v2\/users\/1"}],"replies":[{"embeddable":true,"href":"https:\/\/bvg.lv\/index.php?rest_route=%2Fwp%2Fv2%2Fcomments&post=3763"}],"version-history":[{"count":3,"href":"https:\/\/bvg.lv\/index.php?rest_route=\/wp\/v2\/pages\/3763\/revisions"}],"predecessor-version":[{"id":3925,"href":"https:\/\/bvg.lv\/index.php?rest_route=\/wp\/v2\/pages\/3763\/revisions\/3925"}],"wp:attachment":[{"href":"https:\/\/bvg.lv\/index.php?rest_route=%2Fwp%2Fv2%2Fmedia&parent=3763"}],"curies":[{"name":"wp","href":"https:\/\/api.w.org\/{rel}","templated":true}]}}