{"id":3757,"date":"2025-03-31T09:23:00","date_gmt":"2025-03-31T06:23:00","guid":{"rendered":"https:\/\/bvg.lv\/?page_id=3757"},"modified":"2025-04-09T12:08:12","modified_gmt":"2025-04-09T09:08:12","slug":"regionala-konference-profesionalas-pilnveides-meistarklases-ka-atbalsts-kvalitativa-macibu-procesa-istenosanai-vispareja-izglitiba-21-10-2024","status":"publish","type":"page","link":"https:\/\/bvg.lv\/?page_id=3757","title":{"rendered":"Re\u0123ion\u0101l\u0101 konference \u201cProfesion\u0101l\u0101s pilnveides meistarklases k\u0101 atbalsts kvalitat\u012bva m\u0101c\u012bbu procesa \u012bsteno\u0161anai visp\u0101r\u0113j\u0101 izgl\u012bt\u012bb\u0101\u201d (21.10.2024.)"},"content":{"rendered":"\n<p><a href=\"https:\/\/bvg.lv\/wp-content\/uploads\/2025\/03\/Digitalo-riku-izmantosana-vacu-valodas-stunda_Mans-kermenis.pdf\" target=\"_blank\" rel=\"noreferrer noopener\">Digit\u0101lo r\u012bku izmanto\u0161ana v\u0101cu valodas stund\u0101 \u201cMans \u0137ermenis\u201d 7.klas\u0113<\/a><\/p>\n\n\n\n<p><a href=\"https:\/\/bvg.lv\/wp-content\/uploads\/2025\/03\/Ka-pilnveidot-savu-personibu_socialas-zinibas_7.klase_.pdf\" target=\"_blank\" rel=\"noreferrer noopener\">\u201cK\u0101 pilnveidot savu person\u012bbu?\u201d Soci\u0101l\u0101s zin\u012bbas 7.klasei 1. temats<\/a><\/p>\n\n\n\n<p><a href=\"https:\/\/bvg.lv\/wp-content\/uploads\/2025\/03\/Profesionalas-pilnveides-meistarklases-ka-atbalsts-kvalitativa-macibu.pdf\" target=\"_blank\" rel=\"noreferrer noopener\">Profesion\u0101l\u0101s pilnveides meistarklases k\u0101 atbalsts kvalitat\u012bva m\u0101c\u012bbu procesa \u012bsteno\u0161anai visp\u0101r\u0113j\u0101 izgl\u012bt\u012bb\u0101<\/a><\/p>\n\n\n\n<p><\/p>\n","protected":false},"excerpt":{"rendered":"<p>Digit\u0101lo r\u012bku izmanto\u0161ana v\u0101cu valodas stund\u0101 \u201cMans \u0137ermenis\u201d 7.klas\u0113 \u201cK\u0101 pilnveidot savu person\u012bbu?\u201d Soci\u0101l\u0101s zin\u012bbas 7.klasei 1. temats Profesion\u0101l\u0101s pilnveides meistarklases k\u0101 atbalsts kvalitat\u012bva m\u0101c\u012bbu procesa \u012bsteno\u0161anai visp\u0101r\u0113j\u0101 izgl\u012bt\u012bb\u0101<\/p>\n","protected":false},"author":1,"featured_media":0,"parent":0,"menu_order":0,"comment_status":"closed","ping_status":"closed","template":"","meta":{"ngg_post_thumbnail":0,"footnotes":""},"class_list":["post-3757","page","type-page","status-publish","hentry"],"_links":{"self":[{"href":"https:\/\/bvg.lv\/index.php?rest_route=\/wp\/v2\/pages\/3757","targetHints":{"allow":["GET"]}}],"collection":[{"href":"https:\/\/bvg.lv\/index.php?rest_route=\/wp\/v2\/pages"}],"about":[{"href":"https:\/\/bvg.lv\/index.php?rest_route=\/wp\/v2\/types\/page"}],"author":[{"embeddable":true,"href":"https:\/\/bvg.lv\/index.php?rest_route=\/wp\/v2\/users\/1"}],"replies":[{"embeddable":true,"href":"https:\/\/bvg.lv\/index.php?rest_route=%2Fwp%2Fv2%2Fcomments&post=3757"}],"version-history":[{"count":5,"href":"https:\/\/bvg.lv\/index.php?rest_route=\/wp\/v2\/pages\/3757\/revisions"}],"predecessor-version":[{"id":3924,"href":"https:\/\/bvg.lv\/index.php?rest_route=\/wp\/v2\/pages\/3757\/revisions\/3924"}],"wp:attachment":[{"href":"https:\/\/bvg.lv\/index.php?rest_route=%2Fwp%2Fv2%2Fmedia&parent=3757"}],"curies":[{"name":"wp","href":"https:\/\/api.w.org\/{rel}","templated":true}]}}