{"id":36,"date":"2022-09-22T13:23:09","date_gmt":"2022-09-22T10:23:09","guid":{"rendered":"http:\/\/bvg.lv\/?page_id=36"},"modified":"2024-10-08T08:51:48","modified_gmt":"2024-10-08T05:51:48","slug":"par-skolu","status":"publish","type":"page","link":"https:\/\/bvg.lv\/?page_id=36","title":{"rendered":"Par skolu"},"content":{"rendered":"<p><img loading=\"lazy\" decoding=\"async\" class=\"aligncenter\" src=\"http:\/\/bvg.lv\/wp-content\/uploads\/2022\/09\/puce-scaled.jpg\" width=\"209\" height=\"412\"><\/p>\n<h1 style=\"text-align: center;\"><strong>Misija<\/strong><\/h1>\n<p style=\"text-align: center;\">Balvu Valsts \u0123imn\u0101zija \u2013 izgl\u012bt\u012bbas kvalit\u0101tes centrs, v\u0113rsts uz v\u0113rt\u012bbizgl\u012bt\u012bbu un person\u012bbas att\u012bst\u012bbu dro\u0161\u0101 un progres\u012bv\u0101 vid\u0113. \u012astenojot personisko l\u012bder\u012bbu k\u0101 v\u0113rt\u012bbu izgl\u012bt\u012bbas iest\u0101des organiz\u0101cijas kult\u016br\u0101, kompetentu, uz izcil\u012bbu tend\u0113tu pedagogu vad\u012bb\u0101 tiek nodro\u0161in\u0101ts m\u016bsdien\u012bgs, kvalitat\u012bvs, prat\u012bb\u0101s balst\u012bts un darba tirg\u016b augsti nov\u0113rt\u0113ts izgl\u012bt\u012bbas pied\u0101v\u0101jums ikvienam izgl\u012btojamajam.<\/p>\n<h1 style=\"text-align: center;\"><strong>V\u012bzija<\/strong><\/h1>\n<p>Balvu Valsts \u0123imn\u0101zija ir moderna, dro\u0161a, uz izcil\u012bbu v\u0113rsta 21. gadsimta skola, kur\u0101 izgl\u012btojamais realiz\u0113 savu potenci\u0101lu, m\u0101coties un att\u012bstot da\u017e\u0101das dz\u012bvesprasmes un kur\u0101 pedagogi \u012bsteno lietprat\u012bbas pieeju un sniedz atbalstu ikviena izgl\u012btojam\u0101 izaugsmei.<\/p>\n<h1 style=\"text-align: center;\"><strong>V\u0113rt\u012bbas<\/strong><\/h1>\n<h2 style=\"text-align: center;\">ATBILD\u012aBA<\/h2>\n<ul style=\"text-align: center;\">\n<li style=\"text-align: left;\">M\u0113s veicin\u0101m emocion\u0101lo un fizisko labb\u016bt\u012bbu un&nbsp; dro\u0161\u012bbu \u0123imn\u0101zij\u0101.<\/li>\n<li style=\"text-align: left;\">M\u0113s turam dotos sol\u012bjumus, un mums var uztic\u0113ties.<\/li>\n<li style=\"text-align: left;\">M\u0113s j\u016btamies pieder\u012bgi savai valstij, novadam, pils\u0113tai un \u0123imn\u0101zijai<\/li>\n<\/ul>\n<h2 style=\"text-align: center;\">CIE\u0145A<\/h2>\n<ul style=\"text-align: center;\">\n<li style=\"text-align: left;\">M\u0113s s\u0101kum\u0101 cen\u0161amies saprast un tad tikt saprasti.<\/li>\n<li style=\"text-align: left;\">M\u0113s v\u0101rdos un darbos izr\u0101d\u0101m cie\u0146u viens otram, pie\u0146emot da\u017e\u0101dus viedok\u013cus un rodot kompromisus.<\/li>\n<li style=\"text-align: left;\">M\u0113s cie\u0146pilni izturamies pret valsts, novada, pils\u0113tas un \u0123imn\u0101zijas simboliem<\/li>\n<\/ul>\n<h2 style=\"text-align: center;\">SADARB\u012aBA<\/h2>\n<ul style=\"text-align: center;\">\n<li style=\"text-align: left;\">M\u0113s iesaist\u0101mies un izpild\u0101m to, par ko kop\u0101 esam vienoju\u0161ies.<\/li>\n<li style=\"text-align: left;\">M\u0113s sadarbojamies, m\u0101cot un m\u0101coties kop\u0101.<\/li>\n<li style=\"text-align: left;\">M\u0113s pl\u0101nojam, dar\u0101m, izv\u0113rt\u0113jam un pilnveidojam.<\/li>\n<\/ul>\n<h2 style=\"text-align: center;\">M\u0112R\u0136TIEC\u012aBA<\/h2>\n<ul>\n<li style=\"text-align: left;\">M\u0113s past\u0101v\u012bgi att\u012bst\u0101m sevi, izv\u0113rt\u0113jam savas stipr\u0101s un v\u0101j\u0101s puses, pilnveidojam talantus.<\/li>\n<li style=\"text-align: left;\">M\u0113s protam pl\u0101not savu laiku, izv\u0113rt\u0113t m\u0113r\u0137us un reflekt\u0113t par tiem.<\/li>\n<li style=\"text-align: left;\">M\u0113s esam proakt\u012bvi un realiz\u0113jam ies\u0101kt\u0101s iniciat\u012bvas.<\/li>\n<\/ul>\n","protected":false},"excerpt":{"rendered":"<p>Misija Balvu Valsts \u0123imn\u0101zija \u2013 izgl\u012bt\u012bbas kvalit\u0101tes centrs, v\u0113rsts uz v\u0113rt\u012bbizgl\u012bt\u012bbu un person\u012bbas att\u012bst\u012bbu dro\u0161\u0101 un progres\u012bv\u0101 vid\u0113. \u012astenojot personisko l\u012bder\u012bbu k\u0101 v\u0113rt\u012bbu izgl\u012bt\u012bbas iest\u0101des organiz\u0101cijas kult\u016br\u0101, kompetentu, uz izcil\u012bbu tend\u0113tu pedagogu vad\u012bb\u0101 tiek nodro\u0161in\u0101ts m\u016bsdien\u012bgs, kvalitat\u012bvs, prat\u012bb\u0101s balst\u012bts un &hellip; <a href=\"https:\/\/bvg.lv\/?page_id=36\">Turpiniet las\u012bt <span class=\"meta-nav\">&rarr;<\/span><\/a><\/p>\n","protected":false},"author":1,"featured_media":0,"parent":0,"menu_order":0,"comment_status":"closed","ping_status":"closed","template":"","meta":{"ngg_post_thumbnail":0,"footnotes":""},"class_list":["post-36","page","type-page","status-publish","hentry"],"_links":{"self":[{"href":"https:\/\/bvg.lv\/index.php?rest_route=\/wp\/v2\/pages\/36","targetHints":{"allow":["GET"]}}],"collection":[{"href":"https:\/\/bvg.lv\/index.php?rest_route=\/wp\/v2\/pages"}],"about":[{"href":"https:\/\/bvg.lv\/index.php?rest_route=\/wp\/v2\/types\/page"}],"author":[{"embeddable":true,"href":"https:\/\/bvg.lv\/index.php?rest_route=\/wp\/v2\/users\/1"}],"replies":[{"embeddable":true,"href":"https:\/\/bvg.lv\/index.php?rest_route=%2Fwp%2Fv2%2Fcomments&post=36"}],"version-history":[{"count":4,"href":"https:\/\/bvg.lv\/index.php?rest_route=\/wp\/v2\/pages\/36\/revisions"}],"predecessor-version":[{"id":2584,"href":"https:\/\/bvg.lv\/index.php?rest_route=\/wp\/v2\/pages\/36\/revisions\/2584"}],"wp:attachment":[{"href":"https:\/\/bvg.lv\/index.php?rest_route=%2Fwp%2Fv2%2Fmedia&parent=36"}],"curies":[{"name":"wp","href":"https:\/\/api.w.org\/{rel}","templated":true}]}}