{"id":3,"date":"2022-09-22T12:02:59","date_gmt":"2022-09-22T09:02:59","guid":{"rendered":"http:\/\/bvg.lv\/?page_id=3"},"modified":"2022-09-22T14:35:36","modified_gmt":"2022-09-22T11:35:36","slug":"privatuma-politika","status":"publish","type":"page","link":"https:\/\/bvg.lv\/?page_id=3","title":{"rendered":"Datu priv\u0101tuma politika"},"content":{"rendered":"\r\n<p><strong>Datu priv\u0101tuma politika<\/strong><\/p>\r\n<p>Balvu Valsts \u0123imn\u0101zija sav\u0101 darb\u012bb\u0101 iev\u0113ro Visp\u0101r\u012bg\u0101s datu aizsardz\u012bbas regulas, Fizisko personu datu apstr\u0101des likuma un citos normat\u012bvajos aktos noteikt\u0101s pras\u012bbas attiec\u012bb\u0101 uz personas datu apstr\u0101des likum\u012bgumu un aizsardz\u012bbu.<\/p>\r\n<p>&nbsp;<\/p>\r\n<p>Datu priv\u0101tuma politikas m\u0113r\u0137is ir sniegt inform\u0101ciju par galvenajiem m\u016bsu veiktajiem personas datu apstr\u0101des nol\u016bkiem, to tiesisko pamatojumu un citu inform\u0101ciju saska\u0146\u0101 ar Eiropas Parlamenta un Padomes regulai Nr. 2016\/679 par fizisku personu aizsardz\u012bbu attiec\u012bb\u0101 uz personas datu apstr\u0101di un \u0161\u0101du datu br\u012bvu apriti un ar ko atce\u013c Direkt\u012bvu 95\/46\/EK (Visp\u0101r\u012bg\u0101 datu aizsardz\u012bbas regula) 13.panta nosac\u012bjumiem:<\/p>\r\n<p><strong>\u00a0<\/strong><\/p>\r\n<p><strong>P\u0101rzinis:<\/strong> Balvu novada pa\u0161vald\u012bba. Adrese: B\u0113rzpils iel\u0101 1A, Balvi, Balvu novads, LV-4501, re\u0123istr\u0101cijas Nr. 90009115622, T\u0101lr. 64522453, epasts: dome@balvi.lv<\/p>\r\n<p>&nbsp;<\/p>\r\n<p><strong>Datu aizsardz\u012bbas speci\u0101lists:<\/strong> Raivis Gr\u016bbe, t\u0101lr.: +371 67419000, e-pasts: raivis@grubesbirojs.lv.<\/p>\r\n<p><strong>\u00a0<\/strong><\/p>\r\n<p><strong>Personas datu apstr\u0101des pamatnol\u016bki:<\/strong><\/p>\r\n<ul>\r\n<li>Izgl\u012bt\u012bbas iest\u0101\u017eu audz\u0113k\u0146u uzskaite;<\/li>\r\n<li>Gr\u0101matved\u012bbas uzskaite;<\/li>\r\n<li>Person\u0101llietu uzskaite;<\/li>\r\n<li>Pretendentu uzskaite;<\/li>\r\n<li>Lietved\u012bbas dokumentu uzskaite;<\/li>\r\n<li>Video nov\u0113ro\u0161ana.<\/li>\r\n<\/ul>\r\n<p>&nbsp;<\/p>\r\n<p><strong>Personas datu apstr\u0101des juridiskais pamatojums:<\/strong><\/p>\r\n<p>M\u016bsu veikt\u0101s personas datu apstr\u0101des likum\u012bgumu nosaka vismaz viens no \u0161\u0101diem pamatojumiem:<\/p>\r\n<ul>\r\n<li>Datu subjekts ir devis piekri\u0161anu savu personas datu apstr\u0101dei vienam vai vair\u0101kiem konkr\u0113tiem nol\u016bkiem.<\/li>\r\n<li>Apstr\u0101de ir vajadz\u012bga l\u012bguma, kura l\u012bgumsl\u0113dz\u0113ja puse ir datu subjekts, izpildei vai pas\u0101kumu veik\u0161anai p\u0113c datu subjekta piepras\u012bjuma pirms l\u012bguma nosl\u0113g\u0161anas;<\/li>\r\n<li>Apstr\u0101de ir vajadz\u012bga, lai izpild\u012btu uz p\u0101rzini attiecin\u0101mu Latvijas Republik\u0101 sp\u0113k\u0101 eso\u0161o ties\u012bbu aktos noteikto pien\u0101kumu izpildei;<\/li>\r\n<li>Apstr\u0101de ir vajadz\u012bga, lai aizsarg\u0101tu datu subjekta vai citas fiziskas personas vit\u0101las intereses;<\/li>\r\n<li>Apstr\u0101de ir vajadz\u012bga p\u0101rzi\u0146a vai tre\u0161\u0101s personas le\u0123it\u012bmo intere\u0161u iev\u0113ro\u0161anai, iz\u0146emot, ja datu subjekta intereses vai pamatties\u012bbas un pamatbr\u012bv\u012bbas, kur\u0101m nepiecie\u0161ama personas datu aizsardz\u012bba, ir svar\u012bg\u0101kas par \u0161\u0101d\u0101m interes\u0113m, jo \u012bpa\u0161i, ja datu subjekts ir b\u0113rns.<\/li>\r\n<\/ul>\r\n<p><strong>\u00a0<\/strong><\/p>\r\n<p><strong>Personas datu papildus ieguves avoti:<\/strong> Datu subjekta sniegt\u0101 inform\u0101cija. Atsevi\u0161\u0137iem nol\u016bkiem personas dati tiek ieg\u016bti ar\u012b no valsts inform\u0101ciju sist\u0113m\u0101m.<\/p>\r\n<p>&nbsp;<\/p>\r\n<p><strong>Personas datu kategorijas:<\/strong> Tikai personas, kuras ir iesaist\u012btas attiec\u012bg\u0101 personas datu nol\u016bka \u012bsteno\u0161anai.<\/p>\r\n<p>&nbsp;<\/p>\r\n<p><strong>Personas datu glab\u0101\u0161anas ilgums:<\/strong> glab\u0101\u0161anas ilgums ir atkar\u012bgs no attiec\u012bg\u0101 personas datu apstr\u0101des nol\u016bka, nep\u0101rsniedzot termi\u0146u, kas ir noteikts Latvijas Republikas ties\u012bbu aktos.<\/p>\r\n<p><strong>\u00a0<\/strong><\/p>\r\n<p><strong>Personas datu sa\u0146\u0113m\u0113ji: <\/strong>Datu subjekts par sevi; Gulbenes novada pa\u0161vald\u012bbas pilnvaroti darbinieki; Apstr\u0101d\u0101t\u0101js tikai t\u0101d\u0101 apjom\u0101, lai apstr\u0101d\u0101t\u0101js var\u0113tu nodro\u0161in\u0101t un sniegt pakalpojumu Gulbenes novada pa\u0161vald\u012bbai atbilsto\u0161i savstarp\u0113ji nosl\u0113gtajam l\u012bgumam; Valsts kontrol\u0113jo\u0161\u0101s instit\u016bcijas (ja t\u0101m ir atbilsto\u0161s pilnvarojums). Personas dati netiek nos\u016bt\u012bti uz tre\u0161aj\u0101m valst\u012bm vai starptautisk\u0101m organiz\u0101cij\u0101m.<\/p>\r\n<p>&nbsp;<\/p>\r\n<p><strong>Datu subjekta ties\u012bbas:<\/strong> Datu subjekta ties\u012bbas nosaka un regul\u0113 Visp\u0101r\u012bg\u0101 datu aizsardz\u012bbas regula, t.sk., bet ne tikai, piepras\u012bt p\u0101rzinim piek\u013cuvi saviem personas datiem un to labo\u0161anu vai dz\u0113\u0161anu, vai apstr\u0101des ierobe\u017eo\u0161anu attiec\u012bb\u0101 uz sevi, vai ties\u012bbas iebilst pret apstr\u0101di, k\u0101 ar\u012b ties\u012bbas uz datu p\u0101rnesam\u012bbu; atsaukt piekri\u0161anu, neietekm\u0113jot t\u0101das apstr\u0101des likum\u012bgumu, kuras pamat\u0101 ir pirms atsaukuma sniegta piekri\u0161ana; ties\u012bbas kontakt\u0113ties un iesniegt s\u016bdz\u012bbu Datu aizsardz\u012bbas speci\u0101listam vai Datu valsts inspekcijai.<\/p>\r\n<p>&nbsp;<\/p>\r\n<p><strong>L\u0113mumu pie\u0146em\u0161ana:<\/strong> Personas datu apstr\u0101d\u0113 netiek automatiz\u0113ta l\u0113mumu pie\u0146em\u0161ana, tostarp profil\u0113\u0161ana.<\/p>\r\n","protected":false},"excerpt":{"rendered":"<p>Datu priv\u0101tuma politika Balvu Valsts \u0123imn\u0101zija sav\u0101 darb\u012bb\u0101 iev\u0113ro Visp\u0101r\u012bg\u0101s datu aizsardz\u012bbas regulas, Fizisko personu datu apstr\u0101des likuma un citos normat\u012bvajos aktos noteikt\u0101s pras\u012bbas attiec\u012bb\u0101 uz personas datu apstr\u0101des likum\u012bgumu un aizsardz\u012bbu. &nbsp; Datu priv\u0101tuma politikas m\u0113r\u0137is ir sniegt inform\u0101ciju &hellip; <a href=\"https:\/\/bvg.lv\/?page_id=3\">Turpiniet las\u012bt <span class=\"meta-nav\">&rarr;<\/span><\/a><\/p>\n","protected":false},"author":1,"featured_media":0,"parent":0,"menu_order":0,"comment_status":"closed","ping_status":"open","template":"","meta":{"ngg_post_thumbnail":0,"footnotes":""},"class_list":["post-3","page","type-page","status-publish","hentry"],"_links":{"self":[{"href":"https:\/\/bvg.lv\/index.php?rest_route=\/wp\/v2\/pages\/3","targetHints":{"allow":["GET"]}}],"collection":[{"href":"https:\/\/bvg.lv\/index.php?rest_route=\/wp\/v2\/pages"}],"about":[{"href":"https:\/\/bvg.lv\/index.php?rest_route=\/wp\/v2\/types\/page"}],"author":[{"embeddable":true,"href":"https:\/\/bvg.lv\/index.php?rest_route=\/wp\/v2\/users\/1"}],"replies":[{"embeddable":true,"href":"https:\/\/bvg.lv\/index.php?rest_route=%2Fwp%2Fv2%2Fcomments&post=3"}],"version-history":[{"count":2,"href":"https:\/\/bvg.lv\/index.php?rest_route=\/wp\/v2\/pages\/3\/revisions"}],"predecessor-version":[{"id":53,"href":"https:\/\/bvg.lv\/index.php?rest_route=\/wp\/v2\/pages\/3\/revisions\/53"}],"wp:attachment":[{"href":"https:\/\/bvg.lv\/index.php?rest_route=%2Fwp%2Fv2%2Fmedia&parent=3"}],"curies":[{"name":"wp","href":"https:\/\/api.w.org\/{rel}","templated":true}]}}