{"id":2854,"date":"2024-11-15T12:04:37","date_gmt":"2024-11-15T10:04:37","guid":{"rendered":"https:\/\/bvg.lv\/?page_id=2854"},"modified":"2024-11-15T12:04:37","modified_gmt":"2024-11-15T10:04:37","slug":"vesture-latviesu-valoda","status":"publish","type":"page","link":"https:\/\/bvg.lv\/?page_id=2854","title":{"rendered":"V\u0113sture, Latvie\u0161u valoda"},"content":{"rendered":"\n<p><a href=\"https:\/\/bvg.lv\/wp-content\/uploads\/2024\/11\/Darba-lapa_Sakarto-seciba_Tas-jazina-katram-par-savu-pilsetu.pdf\" target=\"_blank\" rel=\"noreferrer noopener\">Darba lapa, Sak\u0101rto sec\u012bb\u0101, Tas j\u0101zina katram par savu pils\u0113tu<\/a><\/p>\n\n\n\n<p><a href=\"https:\/\/bvg.lv\/wp-content\/uploads\/2024\/11\/Darba-lapa_Statini_Tas-jazina-katram-par-savu-pilsetu.pdf\" target=\"_blank\" rel=\"noreferrer noopener\">Darba lapa, St\u0101sti\u0146i, Tas j\u0101zina katram par savu pils\u0113tu<\/a><\/p>\n\n\n\n<p><a href=\"https:\/\/bvg.lv\/wp-content\/uploads\/2024\/11\/Prezentacija_Tas-jazina-katram-par-savu-pilsetu.pdf\" target=\"_blank\" rel=\"noreferrer noopener\">Prezent\u0101cija, Tas j\u0101zina katram par savu pils\u0113tu<\/a><\/p>\n\n\n\n<p><a href=\"https:\/\/bvg.lv\/wp-content\/uploads\/2024\/11\/Stundas-plans_Tas-jazina-katram-par-savu-pilsetu.pdf\" target=\"_blank\" rel=\"noreferrer noopener\">Stundas pl\u0101ns, Tas j\u0101zina katram par savu pils\u0113tu<\/a><\/p>\n\n\n\n<p><\/p>\n","protected":false},"excerpt":{"rendered":"<p>Darba lapa, Sak\u0101rto sec\u012bb\u0101, Tas j\u0101zina katram par savu pils\u0113tu Darba lapa, St\u0101sti\u0146i, Tas j\u0101zina katram par savu pils\u0113tu Prezent\u0101cija, Tas j\u0101zina katram par savu pils\u0113tu Stundas pl\u0101ns, Tas j\u0101zina katram par savu pils\u0113tu<\/p>\n","protected":false},"author":1,"featured_media":0,"parent":0,"menu_order":0,"comment_status":"closed","ping_status":"closed","template":"","meta":{"ngg_post_thumbnail":0,"footnotes":""},"class_list":["post-2854","page","type-page","status-publish","hentry"],"_links":{"self":[{"href":"https:\/\/bvg.lv\/index.php?rest_route=\/wp\/v2\/pages\/2854","targetHints":{"allow":["GET"]}}],"collection":[{"href":"https:\/\/bvg.lv\/index.php?rest_route=\/wp\/v2\/pages"}],"about":[{"href":"https:\/\/bvg.lv\/index.php?rest_route=\/wp\/v2\/types\/page"}],"author":[{"embeddable":true,"href":"https:\/\/bvg.lv\/index.php?rest_route=\/wp\/v2\/users\/1"}],"replies":[{"embeddable":true,"href":"https:\/\/bvg.lv\/index.php?rest_route=%2Fwp%2Fv2%2Fcomments&post=2854"}],"version-history":[{"count":1,"href":"https:\/\/bvg.lv\/index.php?rest_route=\/wp\/v2\/pages\/2854\/revisions"}],"predecessor-version":[{"id":2859,"href":"https:\/\/bvg.lv\/index.php?rest_route=\/wp\/v2\/pages\/2854\/revisions\/2859"}],"wp:attachment":[{"href":"https:\/\/bvg.lv\/index.php?rest_route=%2Fwp%2Fv2%2Fmedia&parent=2854"}],"curies":[{"name":"wp","href":"https:\/\/api.w.org\/{rel}","templated":true}]}}