{"id":2840,"date":"2024-11-15T11:57:36","date_gmt":"2024-11-15T09:57:36","guid":{"rendered":"https:\/\/bvg.lv\/?page_id=2840"},"modified":"2024-11-15T11:57:36","modified_gmt":"2024-11-15T09:57:36","slug":"vesture-literatura-2","status":"publish","type":"page","link":"https:\/\/bvg.lv\/?page_id=2840","title":{"rendered":"V\u0113sture, Literat\u016bra"},"content":{"rendered":"\n<p><a href=\"https:\/\/bvg.lv\/wp-content\/uploads\/2024\/11\/Darba-lapa_1_Aspazija-fenimisma-ciltsmate-Latvija.pdf\" target=\"_blank\" rel=\"noreferrer noopener\">Darba lapa 1 Aspazija-feminisma ciltsm\u0101te Latvij\u0101<\/a><\/p>\n\n\n\n<p><a href=\"https:\/\/bvg.lv\/wp-content\/uploads\/2024\/11\/Darba-lapa_2_Aspazija-feminisma-ciltsmate-Latvija.pdf\" target=\"_blank\" rel=\"noreferrer noopener\">Darba lapa 2 Aspazija-feminisma ciltsm\u0101te Latvij\u0101<\/a><\/p>\n\n\n\n<p><a href=\"https:\/\/bvg.lv\/wp-content\/uploads\/2024\/11\/Darba-lapa_3_dzeja_Aspazija-feminisma-ciltsmate-Latvija.pdf\" target=\"_blank\" rel=\"noreferrer noopener\">Darba lapa 3 dzeja Aspazija-feminisma ciltsm\u0101te Latvij\u0101<\/a><\/p>\n\n\n\n<p><a href=\"https:\/\/bvg.lv\/wp-content\/uploads\/2024\/11\/Darba-lapa_4_saliec-teikumus_Aspazija-feminisma-ciltsmate-Latvija.pdf\" target=\"_blank\" rel=\"noreferrer noopener\">Darba lapa 4 saliec teikumus Aspazija-feminisma ciltsm\u0101te Latvij\u0101<\/a><\/p>\n\n\n\n<p><a href=\"https:\/\/bvg.lv\/wp-content\/uploads\/2024\/11\/Darba-lapa_Aspazija-feminisma-ciltsmate-Latvija.pdf\" target=\"_blank\" rel=\"noreferrer noopener\">Darba lapa Aspazija-feminisma ciltsm\u0101te Latvij\u0101<\/a><\/p>\n\n\n\n<p><a href=\"https:\/\/bvg.lv\/wp-content\/uploads\/2024\/11\/Prezentacija_Aspazija-feminisma-ciltsmate-Latvija.pdf\" target=\"_blank\" rel=\"noreferrer noopener\">Prezent\u0101cija Aspazija-feminisma ciltsm\u0101te Latvij\u0101<\/a><\/p>\n\n\n\n<p><a href=\"https:\/\/bvg.lv\/wp-content\/uploads\/2024\/11\/Stundas-plans_Aspazija-fenimisma-ciltsmate-Latvija.pdf\" target=\"_blank\" rel=\"noreferrer noopener\">Stundas pl\u0101ns Aspazija &#8211; feminisma ciltsm\u0101te Latvij\u0101<\/a><\/p>\n\n\n\n<p><\/p>\n","protected":false},"excerpt":{"rendered":"<p>Darba lapa 1 Aspazija-feminisma ciltsm\u0101te Latvij\u0101 Darba lapa 2 Aspazija-feminisma ciltsm\u0101te Latvij\u0101 Darba lapa 3 dzeja Aspazija-feminisma ciltsm\u0101te Latvij\u0101 Darba lapa 4 saliec teikumus Aspazija-feminisma ciltsm\u0101te Latvij\u0101 Darba lapa Aspazija-feminisma ciltsm\u0101te Latvij\u0101 Prezent\u0101cija Aspazija-feminisma ciltsm\u0101te Latvij\u0101 Stundas pl\u0101ns Aspazija &#8211; &hellip; <a href=\"https:\/\/bvg.lv\/?page_id=2840\">Turpiniet las\u012bt <span class=\"meta-nav\">&rarr;<\/span><\/a><\/p>\n","protected":false},"author":1,"featured_media":0,"parent":0,"menu_order":0,"comment_status":"closed","ping_status":"closed","template":"","meta":{"ngg_post_thumbnail":0,"footnotes":""},"class_list":["post-2840","page","type-page","status-publish","hentry"],"_links":{"self":[{"href":"https:\/\/bvg.lv\/index.php?rest_route=\/wp\/v2\/pages\/2840","targetHints":{"allow":["GET"]}}],"collection":[{"href":"https:\/\/bvg.lv\/index.php?rest_route=\/wp\/v2\/pages"}],"about":[{"href":"https:\/\/bvg.lv\/index.php?rest_route=\/wp\/v2\/types\/page"}],"author":[{"embeddable":true,"href":"https:\/\/bvg.lv\/index.php?rest_route=\/wp\/v2\/users\/1"}],"replies":[{"embeddable":true,"href":"https:\/\/bvg.lv\/index.php?rest_route=%2Fwp%2Fv2%2Fcomments&post=2840"}],"version-history":[{"count":1,"href":"https:\/\/bvg.lv\/index.php?rest_route=\/wp\/v2\/pages\/2840\/revisions"}],"predecessor-version":[{"id":2848,"href":"https:\/\/bvg.lv\/index.php?rest_route=\/wp\/v2\/pages\/2840\/revisions\/2848"}],"wp:attachment":[{"href":"https:\/\/bvg.lv\/index.php?rest_route=%2Fwp%2Fv2%2Fmedia&parent=2840"}],"curies":[{"name":"wp","href":"https:\/\/api.w.org\/{rel}","templated":true}]}}