{"id":2827,"date":"2024-11-15T11:41:45","date_gmt":"2024-11-15T09:41:45","guid":{"rendered":"https:\/\/bvg.lv\/?page_id=2827"},"modified":"2024-11-15T11:41:45","modified_gmt":"2024-11-15T09:41:45","slug":"anglu-valoda-programmesana","status":"publish","type":"page","link":"https:\/\/bvg.lv\/?page_id=2827","title":{"rendered":"Ang\u013cu valoda, Programm\u0113\u0161ana"},"content":{"rendered":"\n<p><a href=\"https:\/\/bvg.lv\/wp-content\/uploads\/2024\/11\/Darba-lapa_1_School-and-video-games_tasks.pdf\" target=\"_blank\" rel=\"noreferrer noopener\">Darba lapa 1, School and video games tasks<\/a><\/p>\n\n\n\n<p><a href=\"https:\/\/bvg.lv\/wp-content\/uploads\/2024\/11\/Darba-lapa_2_School-and-video-games_text.pdf\" target=\"_blank\" rel=\"noreferrer noopener\">Darba lapa 2, School and video games text<\/a><\/p>\n\n\n\n<p><a href=\"https:\/\/bvg.lv\/wp-content\/uploads\/2024\/11\/Prezentacija_School-and-video-games.pdf\" target=\"_blank\" rel=\"noreferrer noopener\">Prezent\u0101cija, School and video games<\/a><\/p>\n\n\n\n<p><a href=\"https:\/\/bvg.lv\/wp-content\/uploads\/2024\/11\/Stundas-plans_Dialogu-speles-izveide-izmantojot-Phyton-programmesanas-valodu.pdf\" target=\"_blank\" rel=\"noreferrer noopener\">Stundas pl\u0101ns, Dialogu sp\u0113les izveide izmantojot Python programm\u0113\u0161anas valodu<\/a><\/p>\n\n\n\n<p><a href=\"https:\/\/bvg.lv\/wp-content\/uploads\/2024\/11\/Stundas-plans_School-and-video-games.pdf\" target=\"_blank\" rel=\"noreferrer noopener\">Stundas pl\u0101ns, School and video games<\/a><\/p>\n\n\n\n<p><\/p>\n","protected":false},"excerpt":{"rendered":"<p>Darba lapa 1, School and video games tasks Darba lapa 2, School and video games text Prezent\u0101cija, School and video games Stundas pl\u0101ns, Dialogu sp\u0113les izveide izmantojot Python programm\u0113\u0161anas valodu Stundas pl\u0101ns, School and video games<\/p>\n","protected":false},"author":1,"featured_media":0,"parent":0,"menu_order":0,"comment_status":"closed","ping_status":"closed","template":"","meta":{"ngg_post_thumbnail":0,"footnotes":""},"class_list":["post-2827","page","type-page","status-publish","hentry"],"_links":{"self":[{"href":"https:\/\/bvg.lv\/index.php?rest_route=\/wp\/v2\/pages\/2827","targetHints":{"allow":["GET"]}}],"collection":[{"href":"https:\/\/bvg.lv\/index.php?rest_route=\/wp\/v2\/pages"}],"about":[{"href":"https:\/\/bvg.lv\/index.php?rest_route=\/wp\/v2\/types\/page"}],"author":[{"embeddable":true,"href":"https:\/\/bvg.lv\/index.php?rest_route=\/wp\/v2\/users\/1"}],"replies":[{"embeddable":true,"href":"https:\/\/bvg.lv\/index.php?rest_route=%2Fwp%2Fv2%2Fcomments&post=2827"}],"version-history":[{"count":1,"href":"https:\/\/bvg.lv\/index.php?rest_route=\/wp\/v2\/pages\/2827\/revisions"}],"predecessor-version":[{"id":2833,"href":"https:\/\/bvg.lv\/index.php?rest_route=\/wp\/v2\/pages\/2827\/revisions\/2833"}],"wp:attachment":[{"href":"https:\/\/bvg.lv\/index.php?rest_route=%2Fwp%2Fv2%2Fmedia&parent=2827"}],"curies":[{"name":"wp","href":"https:\/\/api.w.org\/{rel}","templated":true}]}}