{"id":2825,"date":"2024-11-15T11:33:20","date_gmt":"2024-11-15T09:33:20","guid":{"rendered":"https:\/\/bvg.lv\/?page_id=2825"},"modified":"2024-11-15T11:57:45","modified_gmt":"2024-11-15T09:57:45","slug":"10-klase","status":"publish","type":"page","link":"https:\/\/bvg.lv\/?page_id=2825","title":{"rendered":"10. klase"},"content":{"rendered":"\n<p><a href=\"https:\/\/bvg.lv\/?page_id=2827\" data-type=\"page\" data-id=\"2827\">Ang\u013cu valoda, Programm\u0113\u0161ana<\/a><\/p>\n\n\n\n<p><a href=\"https:\/\/bvg.lv\/?page_id=2837\" data-type=\"page\" data-id=\"2837\">Matem\u0101tika, Datorika<\/a><\/p>\n\n\n\n<p><a href=\"https:\/\/bvg.lv\/?page_id=2840\" data-type=\"page\" data-id=\"2840\">V\u0113sture, Literat\u016bra<\/a><\/p>\n\n\n\n<p><\/p>\n","protected":false},"excerpt":{"rendered":"<p>Ang\u013cu valoda, Programm\u0113\u0161ana Matem\u0101tika, Datorika V\u0113sture, Literat\u016bra<\/p>\n","protected":false},"author":1,"featured_media":0,"parent":0,"menu_order":0,"comment_status":"closed","ping_status":"closed","template":"","meta":{"ngg_post_thumbnail":0,"footnotes":""},"class_list":["post-2825","page","type-page","status-publish","hentry"],"_links":{"self":[{"href":"https:\/\/bvg.lv\/index.php?rest_route=\/wp\/v2\/pages\/2825","targetHints":{"allow":["GET"]}}],"collection":[{"href":"https:\/\/bvg.lv\/index.php?rest_route=\/wp\/v2\/pages"}],"about":[{"href":"https:\/\/bvg.lv\/index.php?rest_route=\/wp\/v2\/types\/page"}],"author":[{"embeddable":true,"href":"https:\/\/bvg.lv\/index.php?rest_route=\/wp\/v2\/users\/1"}],"replies":[{"embeddable":true,"href":"https:\/\/bvg.lv\/index.php?rest_route=%2Fwp%2Fv2%2Fcomments&post=2825"}],"version-history":[{"count":5,"href":"https:\/\/bvg.lv\/index.php?rest_route=\/wp\/v2\/pages\/2825\/revisions"}],"predecessor-version":[{"id":2849,"href":"https:\/\/bvg.lv\/index.php?rest_route=\/wp\/v2\/pages\/2825\/revisions\/2849"}],"wp:attachment":[{"href":"https:\/\/bvg.lv\/index.php?rest_route=%2Fwp%2Fv2%2Fmedia&parent=2825"}],"curies":[{"name":"wp","href":"https:\/\/api.w.org\/{rel}","templated":true}]}}