{"id":2818,"date":"2024-11-15T11:31:43","date_gmt":"2024-11-15T09:31:43","guid":{"rendered":"https:\/\/bvg.lv\/?page_id=2818"},"modified":"2024-11-15T11:31:43","modified_gmt":"2024-11-15T09:31:43","slug":"vizuala-maksla-biblioteka","status":"publish","type":"page","link":"https:\/\/bvg.lv\/?page_id=2818","title":{"rendered":"Vizu\u0101l\u0101 m\u0101ksla, Bibliot\u0113ka"},"content":{"rendered":"\n<p><a href=\"https:\/\/bvg.lv\/wp-content\/uploads\/2024\/11\/izstades.pdf\" target=\"_blank\" rel=\"noreferrer noopener\">Izst\u0101des<\/a><\/p>\n\n\n\n<p><a href=\"https:\/\/bvg.lv\/wp-content\/uploads\/2024\/11\/Prezentacija_Margarita-Staraste-110.pdf\" target=\"_blank\" rel=\"noreferrer noopener\">Prezent\u0101cija, Margarita St\u0101raste 110<\/a><\/p>\n\n\n\n<p><a href=\"https:\/\/bvg.lv\/wp-content\/uploads\/2024\/11\/Stundas-plans_Margaritai-Starastei-110.pdf\" target=\"_blank\" rel=\"noreferrer noopener\">Stundas pl\u0101ns, Margaritai St\u0101rastei 110<\/a><\/p>\n\n\n\n<p><\/p>\n","protected":false},"excerpt":{"rendered":"<p>Izst\u0101des Prezent\u0101cija, Margarita St\u0101raste 110 Stundas pl\u0101ns, Margaritai St\u0101rastei 110<\/p>\n","protected":false},"author":1,"featured_media":0,"parent":0,"menu_order":0,"comment_status":"closed","ping_status":"closed","template":"","meta":{"ngg_post_thumbnail":0,"footnotes":""},"class_list":["post-2818","page","type-page","status-publish","hentry"],"_links":{"self":[{"href":"https:\/\/bvg.lv\/index.php?rest_route=\/wp\/v2\/pages\/2818","targetHints":{"allow":["GET"]}}],"collection":[{"href":"https:\/\/bvg.lv\/index.php?rest_route=\/wp\/v2\/pages"}],"about":[{"href":"https:\/\/bvg.lv\/index.php?rest_route=\/wp\/v2\/types\/page"}],"author":[{"embeddable":true,"href":"https:\/\/bvg.lv\/index.php?rest_route=\/wp\/v2\/users\/1"}],"replies":[{"embeddable":true,"href":"https:\/\/bvg.lv\/index.php?rest_route=%2Fwp%2Fv2%2Fcomments&post=2818"}],"version-history":[{"count":1,"href":"https:\/\/bvg.lv\/index.php?rest_route=\/wp\/v2\/pages\/2818\/revisions"}],"predecessor-version":[{"id":2822,"href":"https:\/\/bvg.lv\/index.php?rest_route=\/wp\/v2\/pages\/2818\/revisions\/2822"}],"wp:attachment":[{"href":"https:\/\/bvg.lv\/index.php?rest_route=%2Fwp%2Fv2%2Fmedia&parent=2818"}],"curies":[{"name":"wp","href":"https:\/\/api.w.org\/{rel}","templated":true}]}}