{"id":2814,"date":"2024-11-15T11:26:08","date_gmt":"2024-11-15T09:26:08","guid":{"rendered":"https:\/\/bvg.lv\/?page_id=2814"},"modified":"2024-11-15T11:26:08","modified_gmt":"2024-11-15T09:26:08","slug":"anglu-valoda-klases-stunda","status":"publish","type":"page","link":"https:\/\/bvg.lv\/?page_id=2814","title":{"rendered":"Ang\u013cu valoda, Klases stunda"},"content":{"rendered":"\n<p><a href=\"https:\/\/bvg.lv\/wp-content\/uploads\/2024\/11\/Prezentacija_Paaudzu-sarunas.pdf\" target=\"_blank\" rel=\"noreferrer noopener\">Prezent\u0101cija, Paaud\u017eu sarunas<\/a><\/p>\n\n\n\n<p><a href=\"https:\/\/bvg.lv\/wp-content\/uploads\/2024\/11\/Stundas-plans_Paaudzu-sarunas.pdf\" target=\"_blank\" rel=\"noreferrer noopener\">Stundas pl\u0101ns, Paaud\u017eu sarunas<\/a><\/p>\n\n\n\n<p><\/p>\n","protected":false},"excerpt":{"rendered":"<p>Prezent\u0101cija, Paaud\u017eu sarunas Stundas pl\u0101ns, Paaud\u017eu sarunas<\/p>\n","protected":false},"author":1,"featured_media":0,"parent":0,"menu_order":0,"comment_status":"closed","ping_status":"closed","template":"","meta":{"ngg_post_thumbnail":0,"footnotes":""},"class_list":["post-2814","page","type-page","status-publish","hentry"],"_links":{"self":[{"href":"https:\/\/bvg.lv\/index.php?rest_route=\/wp\/v2\/pages\/2814","targetHints":{"allow":["GET"]}}],"collection":[{"href":"https:\/\/bvg.lv\/index.php?rest_route=\/wp\/v2\/pages"}],"about":[{"href":"https:\/\/bvg.lv\/index.php?rest_route=\/wp\/v2\/types\/page"}],"author":[{"embeddable":true,"href":"https:\/\/bvg.lv\/index.php?rest_route=\/wp\/v2\/users\/1"}],"replies":[{"embeddable":true,"href":"https:\/\/bvg.lv\/index.php?rest_route=%2Fwp%2Fv2%2Fcomments&post=2814"}],"version-history":[{"count":1,"href":"https:\/\/bvg.lv\/index.php?rest_route=\/wp\/v2\/pages\/2814\/revisions"}],"predecessor-version":[{"id":2817,"href":"https:\/\/bvg.lv\/index.php?rest_route=\/wp\/v2\/pages\/2814\/revisions\/2817"}],"wp:attachment":[{"href":"https:\/\/bvg.lv\/index.php?rest_route=%2Fwp%2Fv2%2Fmedia&parent=2814"}],"curies":[{"name":"wp","href":"https:\/\/api.w.org\/{rel}","templated":true}]}}