{"id":2813,"date":"2024-11-15T11:31:57","date_gmt":"2024-11-15T09:31:57","guid":{"rendered":"https:\/\/bvg.lv\/?page_id=2813"},"modified":"2024-11-15T11:31:57","modified_gmt":"2024-11-15T09:31:57","slug":"8-klase","status":"publish","type":"page","link":"https:\/\/bvg.lv\/?page_id=2813","title":{"rendered":"8. klase"},"content":{"rendered":"\n<p><a href=\"https:\/\/bvg.lv\/?page_id=2814\" data-type=\"page\" data-id=\"2814\">Ang\u013cu valoda, Klases stunda<\/a><\/p>\n\n\n\n<p><a href=\"https:\/\/bvg.lv\/?page_id=2818\" data-type=\"page\" data-id=\"2818\">Vizu\u0101l\u0101 m\u0101ksla, Bibliot\u0113ka<\/a><\/p>\n\n\n\n<p><\/p>\n","protected":false},"excerpt":{"rendered":"<p>Ang\u013cu valoda, Klases stunda Vizu\u0101l\u0101 m\u0101ksla, Bibliot\u0113ka<\/p>\n","protected":false},"author":1,"featured_media":0,"parent":0,"menu_order":0,"comment_status":"closed","ping_status":"closed","template":"","meta":{"ngg_post_thumbnail":0,"footnotes":""},"class_list":["post-2813","page","type-page","status-publish","hentry"],"_links":{"self":[{"href":"https:\/\/bvg.lv\/index.php?rest_route=\/wp\/v2\/pages\/2813","targetHints":{"allow":["GET"]}}],"collection":[{"href":"https:\/\/bvg.lv\/index.php?rest_route=\/wp\/v2\/pages"}],"about":[{"href":"https:\/\/bvg.lv\/index.php?rest_route=\/wp\/v2\/types\/page"}],"author":[{"embeddable":true,"href":"https:\/\/bvg.lv\/index.php?rest_route=\/wp\/v2\/users\/1"}],"replies":[{"embeddable":true,"href":"https:\/\/bvg.lv\/index.php?rest_route=%2Fwp%2Fv2%2Fcomments&post=2813"}],"version-history":[{"count":1,"href":"https:\/\/bvg.lv\/index.php?rest_route=\/wp\/v2\/pages\/2813\/revisions"}],"predecessor-version":[{"id":2823,"href":"https:\/\/bvg.lv\/index.php?rest_route=\/wp\/v2\/pages\/2813\/revisions\/2823"}],"wp:attachment":[{"href":"https:\/\/bvg.lv\/index.php?rest_route=%2Fwp%2Fv2%2Fmedia&parent=2813"}],"curies":[{"name":"wp","href":"https:\/\/api.w.org\/{rel}","templated":true}]}}