{"id":281,"date":"2023-01-17T12:50:38","date_gmt":"2023-01-17T10:50:38","guid":{"rendered":"http:\/\/bvg.lv\/?page_id=281"},"modified":"2025-05-09T11:26:58","modified_gmt":"2025-05-09T08:26:58","slug":"pieklustamibas-pazinojums-2","status":"publish","type":"page","link":"https:\/\/bvg.lv\/?page_id=281","title":{"rendered":"Piek\u013c\u016bstam\u012bbas pazi\u0146ojums"},"content":{"rendered":"\n<p><strong>Balvu novada pa\u0161vald\u012bbas Balvu Valsts \u0123imn\u0101zija <\/strong>saska\u0146\u0101 ar Ministru kabineta 2020. gada 14. j\u016blija noteikumiem Nr. 445 &#8220;K\u0101rt\u012bba, k\u0101d\u0101 iest\u0101des ievieto inform\u0101ciju internet\u0101&#8221; (turpm\u0101k \u2013 noteikumi Nr. 445) ap\u0146emas savu t\u012bmek\u013cvietni veidot piek\u013c\u016bstamu.<\/p>\n\n\n\n<p><strong>\u0160is piek\u013c\u016bstam\u012bbas pazi\u0146ojums attiecas uz:<\/strong><\/p>\n\n\n\n<p><strong>Balvu novada pa\u0161vald\u012bbas Balvu Valsts \u0123imn\u0101zijas ofici\u0101lo m\u0101jas lapu <\/strong>http:\/\/www.bvg.lv\/.<\/p>\n\n\n\n<p>T\u012bmek\u013cvietnei veikts vienk\u0101r\u0161otais piek\u013c\u016bstam\u012bbas izv\u0113rt\u0113jums. Izmantot\u0101 metode \u2013 VARAM sagatavot\u0101s \u201cVadl\u012bnijas iest\u0101\u017eu t\u012bmek\u013cvietn\u0113m noteikto piek\u013c\u016bstam\u012bbas pras\u012bbu iev\u0113ro\u0161anas ietekmes izv\u0113rt\u0113\u0161anai un nesam\u0113r\u012bg\u0101 sloga pamato\u0161anai\u201d.<\/p>\n\n\n\n<p><strong>Cik piek\u013c\u016bstama ir \u0161\u012b t\u012bmek\u013cvietne?<\/strong><\/p>\n\n\n\n<p><strong>Ofici\u0101l\u0101 Balvu novada pa\u0161vald\u012bbas Balvu Valsts \u0123imn\u0101zijas m\u0101jas lapa <\/strong><a href=\"http:\/\/www.bvg.lv\/\">http:\/\/www.bvg.lv\/<\/a><strong> <\/strong>da\u013c\u0113ji atbilst noteikumiem Nr.445. turpm\u0101k min\u0113to iemeslu d\u0113\u013c.<\/p>\n\n\n\n<p>Neatbilst\u012bba pras\u012bb\u0101m, kas min\u0113tas noteikumos Nr. 445:<\/p>\n\n\n\n<ul class=\"wp-block-list\">\n<li>Virsraksti nav izk\u0101roti lo\u0123isk\u0101, j\u0113gpiln\u0101 sec\u012bb\u0101 jeb hierarhij\u0101, t\u0101d\u0113j\u0101di lietot\u0101jiem var b\u016bt apgr\u016btin\u0101ta vai neiesp\u0113jama t\u012bmek\u013cvietnes strukt\u016bras uztvere.<\/li>\n\n\n\n<li>Vairumam att\u0113lu, fotogr\u0101fiju, grafiku, plak\u0101tu, ar\u012b ikon\u0101m un logotipiem tr\u016bkst alternat\u012bvie teksti, l\u012bdz ar to cilv\u0113ki, kas izmanto ekr\u0101nlas\u012bt\u0101ju nevar piek\u013c\u016bt inform\u0101cijai. Netiek izpild\u012bts MK noteikumu 22.4.punkt\u0101 min\u0113tais princips par robustuma iev\u0113ro\u0161anu. Alternat\u012bvo tekstu pievieno\u0161ana lapas att\u0113liem, fotogr\u0101fij\u0101m, grafikiem, plak\u0101tiem, ar\u012b ikon\u0101m un logotipiem tika uzs\u0101kta no 2021.gada janv\u0101ra, ta\u010du nepiecie\u0161ams piev\u0113rst uzman\u012bbu korektai ALT tekstu pievieno\u0161anai visiem vizu\u0101lajiem un audio materi\u0101liem.<\/li>\n\n\n\n<li>Video un audio materi\u0101liem nav satura apraksta, video materi\u0101liem nav pievienoti subtitri.<\/li>\n<\/ul>\n\n\n\n<p>\u0160\u012b t\u012bmek\u013cvietne p\u0113d\u0113jo reizi tika izv\u0113rt\u0113ta 19.12.2023. Izv\u0113rt\u0113\u0161anu veica Balvu novada pa\u0161vald\u012bbas Sabiedrisko attiec\u012bbu speci\u0101liste Agrita Lu\u017ea un Balvu novada pa\u0161vald\u012bbas datorsist\u0113mu un datort\u012bklu administrators Valters Ka\u0146epe.<\/p>\n\n\n\n<p><strong>Izv\u0113rt\u0113jumu apliecino\u0161s dokuments:<\/strong> <a href=\"https:\/\/bvg.lv\/wp-content\/uploads\/2024\/02\/bvg.lv_.docx\">bvg.lv izv\u0113rt\u0113juma dokuments<\/a><\/p>\n\n\n\n<p><strong>Piek\u013c\u016bstam\u012bbas alternat\u012bvas<\/strong><\/p>\n\n\n\n<p>Lai sa\u0146emtu saturu, kas \u0161obr\u012bd nav piek\u013c\u016bstams cit\u0101 form\u0101t\u0101, pied\u0101v\u0101jam sazin\u0101ties ar <strong>Balvu Valsts \u0123imn\u0101zijas atbild\u012bgo par m\u0101jas lapu<\/strong><\/p>\n\n\n\n<p>Viktors \u0160\u013cakota, <a href=\"mailto:arnis.stucka@balvi.lv\">bvg@balvi.lv<\/a>,\u00a0 +37164522053<\/p>\n\n\n\n<p><strong>Atsauksm\u0113m un sazi\u0146ai<\/strong><\/p>\n\n\n\n<p>M\u0113s nep\u0101rtraukti cen\u0161amies uzlabot \u0161\u012bs t\u012bmek\u013cvietnes piek\u013c\u016bstam\u012bbu.<\/p>\n\n\n\n<p>Ja J\u016bs konstat\u0113jat k\u0101das probl\u0113mas vai nepiln\u012bbas, kas nav min\u0113tas \u0161aj\u0101 pazi\u0146ojum\u0101 vai v\u0113laties sa\u0146emt nepiek\u013c\u016bstamo saturu cit\u0101 form\u0101t\u0101, sazinieties ar mums:<\/p>\n\n\n\n<p>E-past\u0101: <a href=\"mailto:bvg@balvi.lv\">bvg@balvi.lv<\/a><\/p>\n\n\n\n<p>Zvaniet: +37164522053<\/p>\n\n\n\n<p>Adrese: D\u0101rza iela 2, Balvi, Balvu novads<\/p>\n\n\n\n<p>M\u0113s izskat\u012bsim J\u016bsu piepras\u012bjumu un sniegsim atbildi 7 dienu laik\u0101.<\/p>\n\n\n\n<p><strong>S\u016bdz\u012bbu iesnieg\u0161ana<\/strong><\/p>\n\n\n\n<p><a>Par t\u012bmek\u013cvietnes piek\u013c\u016bstam\u012bbu m\u016bsu iest\u0101d\u0113 atbild\u012bga ir Sabiedrisko attiec\u012bbu un inform\u0101cijas tehnolo\u0123iju noda\u013ca<\/a><\/p>\n\n\n\n<p>E-past\u0101: iluta.jaunzeikare@balvi.lv<\/p>\n\n\n\n<p>Zvaniet: +37164522830<\/p>\n\n\n\n<p>Adrese: B\u0113rzpils iela 1a, Balvi, Balvu novads<\/p>\n\n\n\n<p>P\u0101rraugo\u0161aj\u0101 iest\u0101d\u0113 atbild\u012bgais ir Balvu novada pa\u0161vald\u012bbas Sabiedrisko attiec\u012bbu noda\u013cas vad\u012bt\u0101ja Iluta Jaun\u017eeikare<\/p>\n\n\n\n<p>Ja neesam atbilsto\u0161i rea\u0123\u0113ju\u0161i uz J\u016bsu iesniegumu vai s\u016bdz\u012bbu par satura piek\u013c\u016bstam\u012bbu, Jums ir iesp\u0113ja iesniegt s\u016bdz\u012bbu Latvijas Republikas Ties\u012bbsargam:<\/p>\n\n\n\n<p>Ties\u012bbsarga birojs: Bazn\u012bcas iela 25 R\u012bg\u0101, LV-1010<\/p>\n\n\n\n<p>T\u0101lrunis: +37167686768<\/p>\n\n\n\n<p>E-pasts: tiesibsargs@tiesibsargs.lv<\/p>\n\n\n\n<p><a href=\"https:\/\/www.tiesibsargs.lv\/lv\/pages\/kontaktinformacija\">https:\/\/www.tiesibsargs.lv\/lv\/pages\/kontaktinformacija<\/a><\/p>\n\n\n\n<p>Zi\u0146as par pazi\u0146ojuma sagatavo\u0161anu<\/p>\n\n\n\n<p>\u0160is pazi\u0146ojums pirmo reizi tika sagatavots 19.12.2023.<\/p>\n\n\n\n<p>\u0160o pazi\u0146ojumu apstiprin\u0101ja Iluta Jaun\u017eeikare, Balvu novada pa\u0161vald\u012bbas Sabiedrisko attiec\u012bbu noda\u013cas vad\u012bt\u0101ja Iluta Jaun\u017eeikare<\/p>\n","protected":false},"excerpt":{"rendered":"<p>Balvu novada pa\u0161vald\u012bbas Balvu Valsts \u0123imn\u0101zija saska\u0146\u0101 ar Ministru kabineta 2020. gada 14. j\u016blija noteikumiem Nr. 445 &#8220;K\u0101rt\u012bba, k\u0101d\u0101 iest\u0101des ievieto inform\u0101ciju internet\u0101&#8221; (turpm\u0101k \u2013 noteikumi Nr. 445) ap\u0146emas savu t\u012bmek\u013cvietni veidot piek\u013c\u016bstamu. \u0160is piek\u013c\u016bstam\u012bbas pazi\u0146ojums attiecas uz: Balvu novada &hellip; <a href=\"https:\/\/bvg.lv\/?page_id=281\">Turpiniet las\u012bt <span class=\"meta-nav\">&rarr;<\/span><\/a><\/p>\n","protected":false},"author":1,"featured_media":0,"parent":0,"menu_order":0,"comment_status":"closed","ping_status":"closed","template":"","meta":{"ngg_post_thumbnail":0,"footnotes":""},"class_list":["post-281","page","type-page","status-publish","hentry"],"_links":{"self":[{"href":"https:\/\/bvg.lv\/index.php?rest_route=\/wp\/v2\/pages\/281","targetHints":{"allow":["GET"]}}],"collection":[{"href":"https:\/\/bvg.lv\/index.php?rest_route=\/wp\/v2\/pages"}],"about":[{"href":"https:\/\/bvg.lv\/index.php?rest_route=\/wp\/v2\/types\/page"}],"author":[{"embeddable":true,"href":"https:\/\/bvg.lv\/index.php?rest_route=\/wp\/v2\/users\/1"}],"replies":[{"embeddable":true,"href":"https:\/\/bvg.lv\/index.php?rest_route=%2Fwp%2Fv2%2Fcomments&post=281"}],"version-history":[{"count":5,"href":"https:\/\/bvg.lv\/index.php?rest_route=\/wp\/v2\/pages\/281\/revisions"}],"predecessor-version":[{"id":4136,"href":"https:\/\/bvg.lv\/index.php?rest_route=\/wp\/v2\/pages\/281\/revisions\/4136"}],"wp:attachment":[{"href":"https:\/\/bvg.lv\/index.php?rest_route=%2Fwp%2Fv2%2Fmedia&parent=281"}],"curies":[{"name":"wp","href":"https:\/\/api.w.org\/{rel}","templated":true}]}}