{"id":2808,"date":"2024-11-15T11:20:19","date_gmt":"2024-11-15T09:20:19","guid":{"rendered":"https:\/\/bvg.lv\/?page_id=2808"},"modified":"2024-11-15T11:20:19","modified_gmt":"2024-11-15T09:20:19","slug":"vesture-literatura","status":"publish","type":"page","link":"https:\/\/bvg.lv\/?page_id=2808","title":{"rendered":"V\u0113sture, literat\u016bra"},"content":{"rendered":"\n<p><a href=\"https:\/\/bvg.lv\/wp-content\/uploads\/2024\/11\/Prezentacija_1949.gada-25.marta-deportacijas.pdf\" target=\"_blank\" rel=\"noreferrer noopener\">Prezent\u0101cija, 1949.gada 25.marta deport\u0101cijas<\/a><\/p>\n\n\n\n<p><a href=\"https:\/\/bvg.lv\/wp-content\/uploads\/2024\/11\/Stundas-plans_1949.gada-25.marta-deportacijas.pdf\" target=\"_blank\" rel=\"noreferrer noopener\">Stundas pl\u0101ns_1949.gada 25.marta deport\u0101cijas<\/a><\/p>\n\n\n\n<p><\/p>\n","protected":false},"excerpt":{"rendered":"<p>Prezent\u0101cija, 1949.gada 25.marta deport\u0101cijas Stundas pl\u0101ns_1949.gada 25.marta deport\u0101cijas<\/p>\n","protected":false},"author":1,"featured_media":0,"parent":0,"menu_order":0,"comment_status":"closed","ping_status":"closed","template":"","meta":{"ngg_post_thumbnail":0,"footnotes":""},"class_list":["post-2808","page","type-page","status-publish","hentry"],"_links":{"self":[{"href":"https:\/\/bvg.lv\/index.php?rest_route=\/wp\/v2\/pages\/2808","targetHints":{"allow":["GET"]}}],"collection":[{"href":"https:\/\/bvg.lv\/index.php?rest_route=\/wp\/v2\/pages"}],"about":[{"href":"https:\/\/bvg.lv\/index.php?rest_route=\/wp\/v2\/types\/page"}],"author":[{"embeddable":true,"href":"https:\/\/bvg.lv\/index.php?rest_route=\/wp\/v2\/users\/1"}],"replies":[{"embeddable":true,"href":"https:\/\/bvg.lv\/index.php?rest_route=%2Fwp%2Fv2%2Fcomments&post=2808"}],"version-history":[{"count":1,"href":"https:\/\/bvg.lv\/index.php?rest_route=\/wp\/v2\/pages\/2808\/revisions"}],"predecessor-version":[{"id":2811,"href":"https:\/\/bvg.lv\/index.php?rest_route=\/wp\/v2\/pages\/2808\/revisions\/2811"}],"wp:attachment":[{"href":"https:\/\/bvg.lv\/index.php?rest_route=%2Fwp%2Fv2%2Fmedia&parent=2808"}],"curies":[{"name":"wp","href":"https:\/\/api.w.org\/{rel}","templated":true}]}}