{"id":2791,"date":"2024-11-14T11:15:57","date_gmt":"2024-11-14T09:15:57","guid":{"rendered":"https:\/\/bvg.lv\/?page_id=2791"},"modified":"2024-11-14T11:15:57","modified_gmt":"2024-11-14T09:15:57","slug":"geogebras-izmantosana-planimetrija","status":"publish","type":"page","link":"https:\/\/bvg.lv\/?page_id=2791","title":{"rendered":"Geogebras izmanto\u0161ana planimetrij\u0101"},"content":{"rendered":"\n<p><a href=\"https:\/\/bvg.lv\/wp-content\/uploads\/2024\/11\/Darba-lapa_paraugs_Calculator-Suite-_GeoGebra.pdf\" target=\"_blank\" rel=\"noreferrer noopener\">Darba lapas paraugs, Calculator Suite<\/a><\/p>\n\n\n\n<p><a href=\"https:\/\/bvg.lv\/wp-content\/uploads\/2024\/11\/Darba-lapa_paraugs_rezultats.pdf\" target=\"_blank\" rel=\"noreferrer noopener\">Darba lapas paraugs, rezult\u0101ts<\/a><\/p>\n\n\n\n<p><a href=\"https:\/\/bvg.lv\/wp-content\/uploads\/2024\/11\/Darba-lapa_rezultats_Multfilmas-Abolu-maiss-varonis.pdf\" target=\"_blank\" rel=\"noreferrer noopener\">Darba lapa, rezult\u0101ts, Multfilmas \u0100bolu maiss varonis<\/a><\/p>\n\n\n\n<p><a href=\"https:\/\/bvg.lv\/wp-content\/uploads\/2024\/11\/Stundas-plans_Geogebras-izmantosana-planimetrija.pdf\" target=\"_blank\" rel=\"noreferrer noopener\">Stundas pl\u0101ns, Geogebras izmanto\u0161ana planimetrij\u0101<\/a><\/p>\n\n\n\n<p><\/p>\n","protected":false},"excerpt":{"rendered":"<p>Darba lapas paraugs, Calculator Suite Darba lapas paraugs, rezult\u0101ts Darba lapa, rezult\u0101ts, Multfilmas \u0100bolu maiss varonis Stundas pl\u0101ns, Geogebras izmanto\u0161ana planimetrij\u0101<\/p>\n","protected":false},"author":1,"featured_media":0,"parent":0,"menu_order":0,"comment_status":"closed","ping_status":"closed","template":"","meta":{"ngg_post_thumbnail":0,"footnotes":""},"class_list":["post-2791","page","type-page","status-publish","hentry"],"_links":{"self":[{"href":"https:\/\/bvg.lv\/index.php?rest_route=\/wp\/v2\/pages\/2791","targetHints":{"allow":["GET"]}}],"collection":[{"href":"https:\/\/bvg.lv\/index.php?rest_route=\/wp\/v2\/pages"}],"about":[{"href":"https:\/\/bvg.lv\/index.php?rest_route=\/wp\/v2\/types\/page"}],"author":[{"embeddable":true,"href":"https:\/\/bvg.lv\/index.php?rest_route=\/wp\/v2\/users\/1"}],"replies":[{"embeddable":true,"href":"https:\/\/bvg.lv\/index.php?rest_route=%2Fwp%2Fv2%2Fcomments&post=2791"}],"version-history":[{"count":1,"href":"https:\/\/bvg.lv\/index.php?rest_route=\/wp\/v2\/pages\/2791\/revisions"}],"predecessor-version":[{"id":2797,"href":"https:\/\/bvg.lv\/index.php?rest_route=\/wp\/v2\/pages\/2791\/revisions\/2797"}],"wp:attachment":[{"href":"https:\/\/bvg.lv\/index.php?rest_route=%2Fwp%2Fv2%2Fmedia&parent=2791"}],"curies":[{"name":"wp","href":"https:\/\/api.w.org\/{rel}","templated":true}]}}