{"id":2789,"date":"2024-11-14T11:07:20","date_gmt":"2024-11-14T09:07:20","guid":{"rendered":"https:\/\/bvg.lv\/?page_id=2789"},"modified":"2024-11-15T11:17:21","modified_gmt":"2024-11-15T09:17:21","slug":"matematika-datorika","status":"publish","type":"page","link":"https:\/\/bvg.lv\/?page_id=2789","title":{"rendered":"Matem\u0101tika, datorika"},"content":{"rendered":"\n<p><a href=\"https:\/\/bvg.lv\/?page_id=2791\" data-type=\"page\" data-id=\"2791\">Geogebras izmanto\u0161ana planimetrij\u0101<\/a><\/p>\n\n\n\n<p><a href=\"https:\/\/bvg.lv\/?page_id=2800\" data-type=\"page\" data-id=\"2800\">Line\u0101ras funkcijas grafika konstru\u0113\u0161ana<\/a><\/p>\n\n\n\n<p><\/p>\n","protected":false},"excerpt":{"rendered":"<p>Geogebras izmanto\u0161ana planimetrij\u0101 Line\u0101ras funkcijas grafika konstru\u0113\u0161ana<\/p>\n","protected":false},"author":1,"featured_media":0,"parent":0,"menu_order":0,"comment_status":"closed","ping_status":"closed","template":"","meta":{"ngg_post_thumbnail":0,"footnotes":""},"class_list":["post-2789","page","type-page","status-publish","hentry"],"_links":{"self":[{"href":"https:\/\/bvg.lv\/index.php?rest_route=\/wp\/v2\/pages\/2789","targetHints":{"allow":["GET"]}}],"collection":[{"href":"https:\/\/bvg.lv\/index.php?rest_route=\/wp\/v2\/pages"}],"about":[{"href":"https:\/\/bvg.lv\/index.php?rest_route=\/wp\/v2\/types\/page"}],"author":[{"embeddable":true,"href":"https:\/\/bvg.lv\/index.php?rest_route=\/wp\/v2\/users\/1"}],"replies":[{"embeddable":true,"href":"https:\/\/bvg.lv\/index.php?rest_route=%2Fwp%2Fv2%2Fcomments&post=2789"}],"version-history":[{"count":4,"href":"https:\/\/bvg.lv\/index.php?rest_route=\/wp\/v2\/pages\/2789\/revisions"}],"predecessor-version":[{"id":2807,"href":"https:\/\/bvg.lv\/index.php?rest_route=\/wp\/v2\/pages\/2789\/revisions\/2807"}],"wp:attachment":[{"href":"https:\/\/bvg.lv\/index.php?rest_route=%2Fwp%2Fv2%2Fmedia&parent=2789"}],"curies":[{"name":"wp","href":"https:\/\/api.w.org\/{rel}","templated":true}]}}