{"id":2779,"date":"2024-11-14T11:05:25","date_gmt":"2024-11-14T09:05:25","guid":{"rendered":"https:\/\/bvg.lv\/?page_id=2779"},"modified":"2024-11-14T11:05:25","modified_gmt":"2024-11-14T09:05:25","slug":"literatura-muzika","status":"publish","type":"page","link":"https:\/\/bvg.lv\/?page_id=2779","title":{"rendered":"Literat\u016bra, m\u016bzika"},"content":{"rendered":"\n<p><a href=\"https:\/\/bvg.lv\/wp-content\/uploads\/2024\/11\/Darba-lapa-1_dziesma_Nac-nakdamis-Meteniti.pdf\" target=\"_blank\" rel=\"noreferrer noopener\">Darba lapa 1, dziesma N\u0101c n\u0101kdamis Meten\u012bti<\/a><\/p>\n\n\n\n<p><a href=\"https:\/\/bvg.lv\/wp-content\/uploads\/2024\/11\/Darba-lapa-2_Prognozes-tabula-par-Meteniem.pdf\" target=\"_blank\" rel=\"noreferrer noopener\">Darba lapa 2, Prognozes tabula par Mete\u0146iem<\/a><\/p>\n\n\n\n<p><a href=\"https:\/\/bvg.lv\/wp-content\/uploads\/2024\/11\/Darba-lapa-3_Stundas-izvertejums.pdf\" target=\"_blank\" rel=\"noreferrer noopener\">Darba lapa 3, Stundas izv\u0113rt\u0113jums<\/a><\/p>\n\n\n\n<p><a href=\"https:\/\/bvg.lv\/wp-content\/uploads\/2024\/11\/Darba-lapa-4_teksts_Meteni.pdf\" target=\"_blank\" rel=\"noreferrer noopener\">Darba lapa 4,teksts Mete\u0146i<\/a><\/p>\n\n\n\n<p><a href=\"https:\/\/bvg.lv\/wp-content\/uploads\/2024\/11\/Darba-lapa-5_t-dz-par-Meteniem.pdf\" target=\"_blank\" rel=\"noreferrer noopener\">Darba lapa 5, tautasdziesma par Mete\u0146iem<\/a><\/p>\n\n\n\n<p><a href=\"https:\/\/bvg.lv\/wp-content\/uploads\/2024\/11\/Stundas-plans_Metendiena-latviesu-folklora.pdf\" target=\"_blank\" rel=\"noreferrer noopener\">Stundas pl\u0101ns, Mete\u0146diena latvie\u0161u folklor\u0101<\/a><\/p>\n\n\n\n<p><\/p>\n","protected":false},"excerpt":{"rendered":"<p>Darba lapa 1, dziesma N\u0101c n\u0101kdamis Meten\u012bti Darba lapa 2, Prognozes tabula par Mete\u0146iem Darba lapa 3, Stundas izv\u0113rt\u0113jums Darba lapa 4,teksts Mete\u0146i Darba lapa 5, tautasdziesma par Mete\u0146iem Stundas pl\u0101ns, Mete\u0146diena latvie\u0161u folklor\u0101<\/p>\n","protected":false},"author":1,"featured_media":0,"parent":0,"menu_order":0,"comment_status":"closed","ping_status":"closed","template":"","meta":{"ngg_post_thumbnail":0,"footnotes":""},"class_list":["post-2779","page","type-page","status-publish","hentry"],"_links":{"self":[{"href":"https:\/\/bvg.lv\/index.php?rest_route=\/wp\/v2\/pages\/2779","targetHints":{"allow":["GET"]}}],"collection":[{"href":"https:\/\/bvg.lv\/index.php?rest_route=\/wp\/v2\/pages"}],"about":[{"href":"https:\/\/bvg.lv\/index.php?rest_route=\/wp\/v2\/types\/page"}],"author":[{"embeddable":true,"href":"https:\/\/bvg.lv\/index.php?rest_route=\/wp\/v2\/users\/1"}],"replies":[{"embeddable":true,"href":"https:\/\/bvg.lv\/index.php?rest_route=%2Fwp%2Fv2%2Fcomments&post=2779"}],"version-history":[{"count":1,"href":"https:\/\/bvg.lv\/index.php?rest_route=\/wp\/v2\/pages\/2779\/revisions"}],"predecessor-version":[{"id":2787,"href":"https:\/\/bvg.lv\/index.php?rest_route=\/wp\/v2\/pages\/2779\/revisions\/2787"}],"wp:attachment":[{"href":"https:\/\/bvg.lv\/index.php?rest_route=%2Fwp%2Fv2%2Fmedia&parent=2779"}],"curies":[{"name":"wp","href":"https:\/\/api.w.org\/{rel}","templated":true}]}}