{"id":2775,"date":"2024-11-14T10:54:03","date_gmt":"2024-11-14T08:54:03","guid":{"rendered":"https:\/\/bvg.lv\/?page_id=2775"},"modified":"2024-11-14T10:54:03","modified_gmt":"2024-11-14T08:54:03","slug":"latviesu-valoda-inzenierzinatnes","status":"publish","type":"page","link":"https:\/\/bvg.lv\/?page_id=2775","title":{"rendered":"Latvie\u0161u valoda, in\u017eenierzin\u0101tnes"},"content":{"rendered":"\n<p><a href=\"https:\/\/bvg.lv\/wp-content\/uploads\/2024\/11\/Stundas-plans_Inzenierzinibas_Jumta-kopnu-razosana-Balvos.pdf\" target=\"_blank\" rel=\"noreferrer noopener\">Stundas pl\u0101ns, In\u017eenierzin\u012bbas, Jumta kop\u0146u ra\u017eo\u0161ana Balvos<\/a><\/p>\n\n\n\n<p><a href=\"https:\/\/bvg.lv\/wp-content\/uploads\/2024\/11\/Stundas-plans_Latviesu-val_Vestijums-par-jumtu-kopnu-razosanu.pdf\" target=\"_blank\" rel=\"noreferrer noopener\">Stundas pl\u0101ns, Latvie\u0161u valoda, V\u0113st\u012bjums par jumtu kop\u0146u ra\u017eo\u0161anu<\/a><\/p>\n\n\n\n<p><\/p>\n","protected":false},"excerpt":{"rendered":"<p>Stundas pl\u0101ns, In\u017eenierzin\u012bbas, Jumta kop\u0146u ra\u017eo\u0161ana Balvos Stundas pl\u0101ns, Latvie\u0161u valoda, V\u0113st\u012bjums par jumtu kop\u0146u ra\u017eo\u0161anu<\/p>\n","protected":false},"author":1,"featured_media":0,"parent":0,"menu_order":0,"comment_status":"closed","ping_status":"closed","template":"","meta":{"ngg_post_thumbnail":0,"footnotes":""},"class_list":["post-2775","page","type-page","status-publish","hentry"],"_links":{"self":[{"href":"https:\/\/bvg.lv\/index.php?rest_route=\/wp\/v2\/pages\/2775","targetHints":{"allow":["GET"]}}],"collection":[{"href":"https:\/\/bvg.lv\/index.php?rest_route=\/wp\/v2\/pages"}],"about":[{"href":"https:\/\/bvg.lv\/index.php?rest_route=\/wp\/v2\/types\/page"}],"author":[{"embeddable":true,"href":"https:\/\/bvg.lv\/index.php?rest_route=\/wp\/v2\/users\/1"}],"replies":[{"embeddable":true,"href":"https:\/\/bvg.lv\/index.php?rest_route=%2Fwp%2Fv2%2Fcomments&post=2775"}],"version-history":[{"count":1,"href":"https:\/\/bvg.lv\/index.php?rest_route=\/wp\/v2\/pages\/2775\/revisions"}],"predecessor-version":[{"id":2778,"href":"https:\/\/bvg.lv\/index.php?rest_route=\/wp\/v2\/pages\/2775\/revisions\/2778"}],"wp:attachment":[{"href":"https:\/\/bvg.lv\/index.php?rest_route=%2Fwp%2Fv2%2Fmedia&parent=2775"}],"curies":[{"name":"wp","href":"https:\/\/api.w.org\/{rel}","templated":true}]}}