{"id":2764,"date":"2024-11-14T10:35:50","date_gmt":"2024-11-14T08:35:50","guid":{"rendered":"https:\/\/bvg.lv\/?page_id=2764"},"modified":"2025-01-02T13:25:59","modified_gmt":"2025-01-02T11:25:59","slug":"7-klase","status":"publish","type":"page","link":"https:\/\/bvg.lv\/?page_id=2764","title":{"rendered":"7. klase"},"content":{"rendered":"\n<p><a href=\"https:\/\/bvg.lv\/?page_id=2775\" data-type=\"page\" data-id=\"2775\">Latvie\u0161u valoda, in\u017eenierzin\u0101tnes<\/a><\/p>\n\n\n\n<p><a href=\"https:\/\/bvg.lv\/?page_id=2779\" data-type=\"page\" data-id=\"2779\">Literat\u016bra, m\u016bzika<\/a><\/p>\n\n\n\n<p><a href=\"https:\/\/bvg.lv\/?page_id=2789\" data-type=\"page\" data-id=\"2789\">Matem\u0101tika, datorika<\/a><\/p>\n\n\n\n<p><a href=\"https:\/\/bvg.lv\/?page_id=2808\" data-type=\"page\" data-id=\"2808\">V\u0113sture, literat\u016bra<\/a><\/p>\n\n\n\n<p><\/p>\n","protected":false},"excerpt":{"rendered":"<p>Latvie\u0161u valoda, in\u017eenierzin\u0101tnes Literat\u016bra, m\u016bzika Matem\u0101tika, datorika V\u0113sture, literat\u016bra<\/p>\n","protected":false},"author":1,"featured_media":0,"parent":0,"menu_order":0,"comment_status":"closed","ping_status":"closed","template":"","meta":{"ngg_post_thumbnail":0,"footnotes":""},"class_list":["post-2764","page","type-page","status-publish","hentry"],"_links":{"self":[{"href":"https:\/\/bvg.lv\/index.php?rest_route=\/wp\/v2\/pages\/2764","targetHints":{"allow":["GET"]}}],"collection":[{"href":"https:\/\/bvg.lv\/index.php?rest_route=\/wp\/v2\/pages"}],"about":[{"href":"https:\/\/bvg.lv\/index.php?rest_route=\/wp\/v2\/types\/page"}],"author":[{"embeddable":true,"href":"https:\/\/bvg.lv\/index.php?rest_route=\/wp\/v2\/users\/1"}],"replies":[{"embeddable":true,"href":"https:\/\/bvg.lv\/index.php?rest_route=%2Fwp%2Fv2%2Fcomments&post=2764"}],"version-history":[{"count":6,"href":"https:\/\/bvg.lv\/index.php?rest_route=\/wp\/v2\/pages\/2764\/revisions"}],"predecessor-version":[{"id":3119,"href":"https:\/\/bvg.lv\/index.php?rest_route=\/wp\/v2\/pages\/2764\/revisions\/3119"}],"wp:attachment":[{"href":"https:\/\/bvg.lv\/index.php?rest_route=%2Fwp%2Fv2%2Fmedia&parent=2764"}],"curies":[{"name":"wp","href":"https:\/\/api.w.org\/{rel}","templated":true}]}}