{"id":2642,"date":"2024-10-22T10:51:12","date_gmt":"2024-10-22T07:51:12","guid":{"rendered":"https:\/\/bvg.lv\/?page_id=2642"},"modified":"2025-09-26T13:44:33","modified_gmt":"2025-09-26T10:44:33","slug":"ecoquest-exploring-sustainable-living-in-every-step","status":"publish","type":"page","link":"https:\/\/bvg.lv\/?page_id=2642","title":{"rendered":"EcoQuest: Exploring Sustainable Living in Every Step"},"content":{"rendered":"<div class=\"wp-block-image\">\n<figure class=\"alignright size-large is-resized\"><img loading=\"lazy\" decoding=\"async\" width=\"1024\" height=\"724\" src=\"https:\/\/bvg.lv\/wp-content\/uploads\/2024\/10\/logonordplus-1-1024x724.jpg\" alt=\"\" class=\"wp-image-2659\" style=\"width:279px;height:auto\" srcset=\"https:\/\/bvg.lv\/wp-content\/uploads\/2024\/10\/logonordplus-1-1024x724.jpg 1024w, https:\/\/bvg.lv\/wp-content\/uploads\/2024\/10\/logonordplus-1-300x212.jpg 300w, https:\/\/bvg.lv\/wp-content\/uploads\/2024\/10\/logonordplus-1-768x543.jpg 768w, https:\/\/bvg.lv\/wp-content\/uploads\/2024\/10\/logonordplus-1-1536x1086.jpg 1536w, https:\/\/bvg.lv\/wp-content\/uploads\/2024\/10\/logonordplus-1-2048x1448.jpg 2048w\" sizes=\"auto, (max-width: 1024px) 100vw, 1024px\" \/><\/figure>\n<\/div>\n\n\n<p><strong>Nordplus project \u201cEcoQuest: Exploring Sustainable Living in Every Step\u201d aktivit\u0101tes Balvu Valsts \u0123imn\u0101zij\u0101 no 07.10.2024. &#8211; 11.10.2024. <\/strong><\/p>\n\n\n\n<p>Nordplus projekts \u201cEcoQuest: Exploring Sustainable Living in Every Step<strong>\u201d<\/strong>, kas tiek \u012bstenots sadarb\u012bb\u0101 ar Kelm\u0117s Jono Grai\u010di\u016bno \u0123imn\u0101ziju no Lietuvas, sniedza v\u0113rt\u012bgu pieredzi un zin\u0101\u0161anas par ilgtsp\u0113j\u012bgu dz\u012bvesveidu 50 skol\u0113niem \u2013 25 no Lietuvas partnerskolas un 25 no Balvu Valsts \u0123imn\u0101zijas. Ned\u0113\u013cas garum\u0101 skol\u0113ni piedal\u012bj\u0101s da\u017e\u0101d\u0101s aktivit\u0101t\u0113s, kas apvienoja m\u0101c\u012bbas, praktiskas darbn\u012bcas un izzino\u0161as ekskursijas.<\/p>\n\n\n\n<p>Pirmdiena bija velt\u012bta iepaz\u012b\u0161an\u0101s aktivit\u0101t\u0113m \u2013 skol\u0113ni apmekl\u0113ja Balvu Valsts \u0123imn\u0101ziju un iepazina Balvu pils\u0113tu. Pirmaj\u0101 dien\u0101 vi\u0146i piedal\u012bj\u0101s ar\u012b aizraujo\u0161aj\u0101 aktivit\u0101t\u0113 <strong>\u201c<\/strong>Treasurehunt<strong>\u201d<\/strong>, kas norisin\u0101j\u0101s lietoto ap\u0123\u0113rbu veikal\u0101, rosinot dom\u0101t par ilgtsp\u0113j\u012bgu iepirk\u0161anos. Turkl\u0101t skol\u0113ni iesaist\u012bj\u0101s nodarb\u012bb\u0101 par ilgtsp\u0113jas iesp\u0113j\u0101m ikdienas dz\u012bv\u0113, diskut\u0113jot par veidiem, k\u0101 samazin\u0101t pat\u0113ri\u0146u un rad\u012bt maz\u0101k atkritumu.<\/p>\n\n\n\n<p>Otrdiena bija ekskursiju diena. Dal\u012bbnieki apmekl\u0113ja SIA <strong>\u201c<\/strong>ZAAO<strong>\u201d<\/strong> dabas un tehnolo\u0123iju parku <strong>\u201c<\/strong>Urda<strong>\u201d<\/strong>, kur notika izzino\u0161a nodarb\u012bba par ilgtsp\u0113j\u012bgu atkritumu apsaimnieko\u0161anu un ekskursija poligona teritorij\u0101. P\u0113c tam grupa dev\u0101s uz biolo\u0123isko saimniec\u012bbu <strong>\u201c<\/strong>Ozolz\u012bles<strong>\u201d<\/strong>, kur degust\u0113ja saimniec\u012bb\u0101 ra\u017eotos liofiliz\u0113tus produktus, kas \u017e\u0101v\u0113ti ar sald\u0113\u0161anas metodi. Dienas nosl\u0113gum\u0101 skol\u0113ni apmekl\u0113ja Sieti\u0146iezi, liel\u0101ko balt\u0101 smil\u0161akmens atsegumu Baltij\u0101, kur vi\u0146i las\u012bja s\u0113nes un r\u012bkoja pikniku. Ekskursija beidz\u0101s ar vieso\u0161anos Vijciema \u010diekurkalt\u0113, kur dal\u012bbnieki iepazin\u0101s ar \u010diekuru \u017e\u0101v\u0113\u0161anas procesu un s\u0113klu saglab\u0101\u0161anu.<\/p>\n\n\n\n<p>Tre\u0161dien skol\u0113ni piedal\u012bj\u0101s nodarb\u012bb\u0101 par bit\u0113m un to lomu ekosist\u0113m\u0101. P\u0113c tam vi\u0146i apmekl\u0113ja Koti\u0146us, vienu no liel\u0101kajiem s\u0113klu ra\u017eot\u0101jiem Latvij\u0101, k\u0101 ar\u012b baud\u012bja produkciju Rekavas dzirnav\u0101s. Skol\u0113ni turpin\u0101ja ar izzino\u0161u ekskursiju Vi\u013cakas pils\u0113t\u0101, apmekl\u0113jot Vi\u013cakas muzeju, tur v\u0113rojot putnu ekspoz\u012bciju, ieg\u016bstot dzi\u013c\u0101ku izpratni par dabas daudzveid\u012bbu.<\/p>\n\n\n\n<p>Ceturtdiena tika velt\u012bta Latvijas me\u017eu un dabas izp\u0113tei. Skol\u0113ni apguva zin\u0101\u0161anas par Latvijas me\u017eu daudzveid\u012bbu m\u0101c\u012bbu stund\u0101 un p\u0113c tam dev\u0101s ekskursij\u0101 uz Lub\u0101nas mitr\u0101ju, kur izbaud\u012bja Teirumn\u012bku purva takas ainavas. Par godu projekta dal\u012bbniekiem skol\u0101 norisin\u0101j\u0101s sv\u0113tku koncerts. Dienas nosl\u0113gum\u0101 vi\u0146i viesoj\u0101s Ran\u010do <strong>\u201c<\/strong>Ozolm\u0101jas<strong>\u201d<\/strong>, kur baud\u012bja viet\u0113jo virtuvi, ieskaitot gula\u0161zupu un kartupe\u013cu pank\u016bkas.<\/p>\n\n\n\n<p>Piektdiena bija projekta nosl\u0113guma diena, kas s\u0101k\u0101s ar mandalu veido\u0161anu no dabas materi\u0101liem, kas simboliz\u0113ja vienot\u012bbu ar dabu un ilgtsp\u0113j\u012bgu dz\u012bvesveidu. Rado\u0161aj\u0101 darbn\u012bc\u0101 dal\u012bbnieki no kartona veidoja dekorus k\u0101 piemi\u0146u par projekta aktivit\u0101t\u0113m, uzsverot ilgtsp\u0113jas iesp\u0113jas un nepiecie\u0161am\u012bbu dz\u012bvot harmonij\u0101 ar dabu. Nosl\u0113gum\u0101 tika pasniegti sertifik\u0101ti par dal\u012bbu projekt\u0101, un skol\u0113ni izv\u0113rt\u0113ja ned\u0113\u013cas laik\u0101 ieg\u016bto pieredzi.<\/p>\n\n\n\n<p>Projekta aktivit\u0101tes nosl\u0113dz\u0101s ar sirsn\u012bgu atvad\u012b\u0161anos, un dal\u012bbnieki ar prieku gaida n\u0101kamo tik\u0161anos apr\u012bl\u012b Lietuv\u0101, kur turpin\u0101sies <strong>\u201c<\/strong>EcoQuest<strong>\u201d<\/strong> projekta aktivit\u0101tes.<\/p>\n\n\n\nngg_shortcode_0_placeholder\n\n\n\n<p><strong>Nordplus projekta \u201eEcoQuest: Exploring Sustainable Living in every Step\u201d aktivit\u0101tes Lietuv\u0101<\/strong><\/p>\n\n\n<div class=\"wp-block-image\">\n<figure class=\"alignleft size-large is-resized\"><img loading=\"lazy\" decoding=\"async\" width=\"1024\" height=\"724\" src=\"https:\/\/bvg.lv\/wp-content\/uploads\/2025\/02\/nordplus-1024x724.png\" alt=\"\" class=\"wp-image-3386\" style=\"width:252px;height:auto\" srcset=\"https:\/\/bvg.lv\/wp-content\/uploads\/2025\/02\/nordplus-1024x724.png 1024w, https:\/\/bvg.lv\/wp-content\/uploads\/2025\/02\/nordplus-300x212.png 300w, https:\/\/bvg.lv\/wp-content\/uploads\/2025\/02\/nordplus-768x543.png 768w, https:\/\/bvg.lv\/wp-content\/uploads\/2025\/02\/nordplus-1536x1086.png 1536w, https:\/\/bvg.lv\/wp-content\/uploads\/2025\/02\/nordplus-2048x1448.png 2048w\" sizes=\"auto, (max-width: 1024px) 100vw, 1024px\" \/><\/figure>\n<\/div>\n\n\n<p>No 14. &#8211; 18. apr\u012blim divdesmit pieci Balvu Valsts \u0123imn\u0101zijas vidusskol\u0113ni un tr\u012bs skolot\u0101jas (Eva Zu\u010dika-Kuz\u0146ecova, Irina Kov\u0161ova un Sandra Mozule) dev\u0101s uz Lietuvas pils\u0113tu Kelme, kur Nordplus projekta \u201eEcoQuest: Exploring Sustainable Living in every Step\u201d ietvaros piedal\u012bj\u0101s da\u017e\u0101d\u0101s izgl\u012btojo\u0161\u0101s nodarb\u012bb\u0101s un aktivit\u0101t\u0113s, veicinot izpratni par apk\u0101rt\u0113j\u0101s vides noz\u012bmi ilgtsp\u0113j\u012bga dz\u012bvesveida populariz\u0113\u0161an\u0101 jaunie\u0161iem.<\/p>\n\n\n\n<p>Projekta otraj\u0101 dien\u0101 Kelmes Jonas Grai\u010di\u016bna \u0123imn\u0101zijas organiz\u0113taj\u0101 starptautiskaj\u0101 skol\u0113nu konferenc\u0113 &#8220;Jaunie\u0161i, NATO un ilgtsp\u0113j\u012bga n\u0101kotne: k\u0101 jaun\u0101 paaudze var veicin\u0101t dro\u0161as un atbild\u012bgas sabiedr\u012bbas veido\u0161anu&#8221; uzst\u0101j\u0101s ne tikai jaunie\u0161i no Kelmes novada skol\u0101m, bet ar\u012b Balvu Valsts \u0123imn\u0101zijas skolnieces Guntra Gibala (10.b klase) un Aleksandra Bak\u0101ne (12.b klase), prezent\u0113jot idejas par jaunie\u0161u lomu dro\u0161as un ilgtsp\u0113j\u012bgas n\u0101kotnes veido\u0161an\u0101, uzsverot katra jaunie\u0161a noz\u012bm\u012bgumu glob\u0101lo izaicin\u0101jumu risin\u0101\u0161an\u0101. <a href=\"https:\/\/www.google.lv\/url?sa=t&amp;rct=j&amp;q=&amp;esrc=s&amp;source=web&amp;cd=&amp;ved=2ahUKEwiWv7PejeyMAxUwGBAIHZpwKIMQFnoECDgQAQ&amp;url=https%3A%2F%2Frekvizitai.vz.lt%2Fimone%2Fkelmes_j_graiciuno_gimnazija%2F&amp;usg=AOvVaw0ZAFREvhjPTltoMWyiEE5J&amp;opi=89978449\"><\/a><\/p>\n\n\n\n<p>P\u0113c konferences projekta dal\u012bbnieki dev\u0101s uz Taurages un Pagyvgiai pa\u0161vald\u012bb\u0101s izveidotu v\u0113ja turb\u012bnu parku, kur izgl\u012btojo\u0161\u0101s nodarb\u012bbas &#8220;V\u0113ja kr\u0101sa ir za\u013ca&#8221; laik\u0101 izzin\u0101ja ener\u0123ijas ra\u017eo\u0161anas iesp\u0113jas, b\u016bv\u0113ja v\u0113ja turb\u012bnu mode\u013cus, k\u0101 ar\u012b , izmantojot virtu\u0101l\u0101s realit\u0101tes brilles, izp\u0113t\u012bja v\u0113ja \u0123eneratoru darb\u012bbu.<\/p>\n\n\n\n<p>Savuk\u0101rt projekta tre\u0161aj\u0101 dien\u0101 Latvijas un Lietuvas skol\u0113ni tik\u0101s ar Za\u0137eli\u0161ku dzirnavu m\u0101jas saimniekiem Tomasu un Ligitu Mitkevi\u010diem, kuri izst\u0101st\u012bja veco dzirnavu st\u0101stu un dal\u012bj\u0101s pieredz\u0113 par atp\u016btas vietas izveidi un kanoe laivu nomu biznesa iesp\u0113j\u0101m Lietuv\u0101. Kop\u0101 ar Kelmes Jonas Grai\u010di\u016bna \u0123imn\u0101zijas \u0137\u012bmijas skolot\u0101ju Jurgitu Jafimovieni un biolo\u0123ijas skolot\u0101ju Vird\u017e\u012bniju Rimkuvieni skol\u0113ni veica \u016bdens kvalit\u0101tes izp\u0113ti, nosakot \u016bdens ciet\u012bbu un t\u012br\u012bbu. T\u0101 bija lieliska iesp\u0113ja pielietot teor\u0113tisk\u0101s zin\u0101\u0161anas praks\u0113. P\u0113c izp\u0113tes pabeig\u0161anas skol\u0113ni dev\u0101s braucien\u0101 ar kanoe pa gleznaino Dubisas upi, pa ce\u013cam apl\u016bkojot iespaid\u012bgo Lyduvenai dzelzce\u013ca tiltu &#8211; augst\u0101ko \u0161\u0101da tipa tiltu Lietuv\u0101.<\/p>\n\n\n\n<p>Ceturtaj\u0101 projekta dien\u0101 skol\u0113ni apmekl\u0113ja AJJU M\u0101kslas muzeju un \u0101ra galeriju, kuru galven\u0101 v\u0113rt\u012bba ir populariz\u0113t \u0123imenes lomu un noz\u012bmi sabiedr\u012bb\u0101. Kelmes kult\u016bras centra Etnisk\u0101s kult\u016bras un amatniec\u012bbas noda\u013c\u0101 skol\u0113niem bija iesp\u0113ja ne tikai piedal\u012bties Lieldienu olu kr\u0101so\u0161anas un draudz\u012bbas p\u012bn\u012b\u0161u p\u012b\u0161anas meistarklas\u0113s, bet ar\u012b izzin\u0101t lietuvie\u0161u tautas m\u016bzikas instrumentu skan\u0113jumu, k\u0101 ar\u012b iem\u0101c\u012bties lietuvie\u0161u tautu dejas.<\/p>\n\n\n\n<p>Projekta nosl\u0113gum\u0101 skol\u0113ni demonstr\u0113ja ned\u0113\u013cas laik\u0101 izveidot\u0101s prezent\u0101cijas par neaizmirstam\u0101kajiem piedz\u012bvojumiem un iespaidiem projekta ietvaros un piedal\u012bj\u0101s Kahoot sp\u0113l\u0113 par Lietuvu.<\/p>\n\n\n\n<p>Esam lepni par paveikto, jo m\u0101jup ir atvesti ne tikai jauni iespaidi un zin\u0101\u0161anas, bet ar\u012b jaunas draudz\u012bbas un sadarb\u012bbas iesp\u0113jas n\u0101kotn\u0113.<\/p>\n\n\n\nngg_shortcode_1_placeholder\n\n\n\n<p>2025. gada 25. septembr\u012b 29 Balvu Valsts \u0123imn\u0101zijas skol\u0113ni, skolot\u0101ja Ir\u012bna Krivo\u0161ejeva un direktores vietniece audzin\u0101\u0161anas jom\u0101 Liene Pomere dev\u0101s uz R\u012bgu, lai piedal\u012btos Nordplus projekta \u201cEcoQuest: Exploring Sustainable Living in Every Step\u201d (NPJR-2024\/10398) nosl\u0113dzo\u0161aj\u0101 nodarb\u012bb\u0101.<\/p>\n\n\n\n<p>Dienas pirmaj\u0101 da\u013c\u0101 ekskursijas dal\u012bbnieki apmekl\u0113ja Latvijas Etnogr\u0101fisko br\u012bvdabas muzeju, kur piedal\u012bj\u0101s muzejpedago\u0123iskaj\u0101 nodarb\u012bb\u0101 \u201cIek\u0161zemes zvejniec\u012bba Latvijas teritorij\u0101 19. gs. un 20. gs. s\u0101kum\u0101\u201d. Nodarb\u012bbas laik\u0101 skol\u0113ni iepazin\u0101s ar iek\u0161zemes zvejniec\u012bbu k\u0101 vienu no tradicion\u0101laj\u0101m tautsaimniec\u012bbas nozar\u0113m, k\u0101 ar\u012b apmekl\u0113ja tr\u012bs muzeja zvejnieku s\u0113tas: D\u016bmistabu no Nidas ciema, \u201cC\u0113l\u0101jus\u201d no \u0100da\u017eu pagasta un \u201cLur\u0137us\u201d no Papes.<\/p>\n\n\n\n<p>Skol\u0113ni izp\u0113t\u012bja \u0161o s\u0113tu apb\u016bves \u012bpatn\u012bbas, uzzin\u0101ja par \u0113ku funkcij\u0101m, k\u0101 ar\u012b iepazin\u0101s ar v\u0113sturiskajiem zvejas r\u012bkiem un piederumiem. Nodarb\u012bbas otraj\u0101 da\u013c\u0101 dal\u012bbnieki darboj\u0101s m\u0101c\u012bbu telp\u0101, kas ier\u012bkota \u201cBe\u0137eru\u201d k\u016bt\u012b, kur apguva inform\u0101ciju par Latvij\u0101 sastopamaj\u0101m zivju sug\u0101m, un piedal\u012bj\u0101s kust\u012bbu sp\u0113l\u0113s br\u012bv\u0101 dab\u0101.<\/p>\n\n\n\n<p>P\u0113cpusdien\u0101 skol\u0113ni dev\u0101s uz Latvijas Nacion\u0101lo dabas muzeju, kur, sadaloties grup\u0101s, apmekl\u0113ja divas izzino\u0161as nodarb\u012bbas.<\/p>\n\n\n\n<p>Nodarb\u012bb\u0101 \u201cNep\u0113rc vi\u0146u dz\u012bv\u012bbas!\u201d skol\u0113ni pild\u012bja uzdevumus, izmantojot pasaules karti, lai noskaidrotu, kur\u0101s pasaules da\u013c\u0101s dz\u012bvo CITES konvencij\u0101 <em>(Va\u0161ingtonas konvencija par apdraud\u0113to savva\u013cas dz\u012bvnieku un augu sugu starptautisk\u0101s tirdzniec\u012bbas kontroli)<\/em> iek\u013caut\u0101s sugas. Balstoties uz dotajiem aprakstiem, skol\u0113ni noteica \u0161o sugu apdraud\u0113t\u012bbas pak\u0101pi, analiz\u0113ja suven\u012bru att\u0113lus, lai identific\u0113tu, no kur\u0101m sug\u0101m tie izgatavoti, k\u0101 ar\u012b apl\u016bkoja muitas dienest\u0101 konfisc\u0113tos ekspon\u0101tus. Tika p\u0101rrun\u0101tas ar\u012b probl\u0113mas, kas saist\u012btas ar neat\u013cauto suven\u012bru tirdzniec\u012bbu.<\/p>\n\n\n\n<p>Nodarb\u012bb\u0101 \u201c\u016adens pies\u0101r\u0146ojums\u201d skol\u0113ni uzzin\u0101ja par \u016bdens pies\u0101r\u0146ojuma c\u0113lo\u0146iem un ietekmi uz \u016bdens ekosist\u0113m\u0101m, k\u0101 ar\u012b mekl\u0113ja risin\u0101jumus \u016bdens kvalit\u0101tes uzlabo\u0161anai un biolo\u0123isk\u0101s daudzveid\u012bbas saglab\u0101\u0161anai.<\/p>\n\n\n\n<p>\u0160\u012b projekta aktivit\u0101te sniedza skol\u0113niem padzi\u013cin\u0101tas zin\u0101\u0161anas par ilgtsp\u0113j\u012bgu dz\u012bvesveidu un dabas aizsardz\u012bbu, k\u0101 ar\u012b veicin\u0101ja izpratni par cilv\u0113ka r\u012bc\u012bbas ietekmi uz vidi. \u012apa\u0161i j\u0101uzsver, ka visiem skol\u0113niem \u0161is bija pirmais Latvijas Etnogr\u0101fisk\u0101 br\u012bvdabas muzeja apmekl\u0113jums, kas padar\u012bja ekskursiju v\u0113l noz\u012bm\u012bg\u0101ku un v\u0113rt\u012bg\u0101ku. Ekskursijas laik\u0101 g\u016bt\u0101 pieredze tiks izmantota ne tikai k\u0101 interesants piedz\u012bvojums, bet ar\u012b k\u0101 praktisks papildin\u0101jums m\u0101c\u012bbu procesam vair\u0101kos m\u0101c\u012bbu priek\u0161metos un projekta darbu izstr\u0101d\u0113.<\/p>\n\n\n\n<p>Foto: Ir\u012bna Krivo\u0161ejeva<\/p>\n\n\n\n<p>Ar atzi\u0146\u0101m par ekskursiju dal\u012bj\u0101s projekta koordinatore Ir\u012bna Krivo\u0161ejeva<\/p>\n\n\n\nngg_shortcode_2_placeholder\n","protected":false},"excerpt":{"rendered":"<p>Nordplus project \u201cEcoQuest: Exploring Sustainable Living in Every Step\u201d aktivit\u0101tes Balvu Valsts \u0123imn\u0101zij\u0101 no 07.10.2024. &#8211; 11.10.2024. Nordplus projekts \u201cEcoQuest: Exploring Sustainable Living in Every Step\u201d, kas tiek \u012bstenots sadarb\u012bb\u0101 ar Kelm\u0117s Jono Grai\u010di\u016bno \u0123imn\u0101ziju no Lietuvas, sniedza v\u0113rt\u012bgu pieredzi &hellip; <a href=\"https:\/\/bvg.lv\/?page_id=2642\">Turpiniet las\u012bt <span class=\"meta-nav\">&rarr;<\/span><\/a><\/p>\n","protected":false},"author":1,"featured_media":0,"parent":0,"menu_order":0,"comment_status":"closed","ping_status":"closed","template":"","meta":{"ngg_post_thumbnail":0,"footnotes":""},"class_list":["post-2642","page","type-page","status-publish","hentry"],"_links":{"self":[{"href":"https:\/\/bvg.lv\/index.php?rest_route=\/wp\/v2\/pages\/2642","targetHints":{"allow":["GET"]}}],"collection":[{"href":"https:\/\/bvg.lv\/index.php?rest_route=\/wp\/v2\/pages"}],"about":[{"href":"https:\/\/bvg.lv\/index.php?rest_route=\/wp\/v2\/types\/page"}],"author":[{"embeddable":true,"href":"https:\/\/bvg.lv\/index.php?rest_route=\/wp\/v2\/users\/1"}],"replies":[{"embeddable":true,"href":"https:\/\/bvg.lv\/index.php?rest_route=%2Fwp%2Fv2%2Fcomments&post=2642"}],"version-history":[{"count":6,"href":"https:\/\/bvg.lv\/index.php?rest_route=\/wp\/v2\/pages\/2642\/revisions"}],"predecessor-version":[{"id":4584,"href":"https:\/\/bvg.lv\/index.php?rest_route=\/wp\/v2\/pages\/2642\/revisions\/4584"}],"wp:attachment":[{"href":"https:\/\/bvg.lv\/index.php?rest_route=%2Fwp%2Fv2%2Fmedia&parent=2642"}],"curies":[{"name":"wp","href":"https:\/\/api.w.org\/{rel}","templated":true}]}}