{"id":2589,"date":"2024-10-11T09:28:55","date_gmt":"2024-10-11T06:28:55","guid":{"rendered":"https:\/\/bvg.lv\/?page_id=2589"},"modified":"2024-10-11T09:28:55","modified_gmt":"2024-10-11T06:28:55","slug":"skolas-simboli","status":"publish","type":"page","link":"https:\/\/bvg.lv\/?page_id=2589","title":{"rendered":"Skolas Simboli"},"content":{"rendered":"\n<p class=\"has-text-align-center\"><strong>Balvu Valsts \u0123imn\u0101zijas himna<\/strong><\/p>\n\n\n\n<p class=\"has-text-align-right\">\u0122irts Ripa, Inga Ozola<\/p>\n\n\n\n<p class=\"has-text-align-center\">Kad smagas rudzu v\u0101rpas dz\u0113rvju k\u0101sim m\u0101j,<br>Zin&#8217; tre\u0161ais t\u0113va d\u0113ls: b\u016bs m\u0101jas j\u0101atst\u0101j.<br>No g\u0101jputniem, kas atvaddziesmas dzied,<br>Vi\u0146\u0161 sp\u0113kus l\u016bdz, jo ce\u013c\u0161 b\u016bs t\u0101ls, ko iet.<\/p>\n\n\n\n<p class=\"has-text-align-center\">Un skola sauc: tik daudz ir ziedu pasaul\u0113, kas zied,<br>Pie mana loga k\u013cavu iest\u0101diet!<\/p>\n\n\n\n<p class=\"has-text-align-center\">T\u0101 pien\u0101k pavasar&#8217;s, jau dz\u0113rves atlido,<br>Tev skola ce\u013camaizi jaunam ce\u013cam dod.<br>Lai vari dz\u012bv\u0113 citas takas iestaig\u0101t,<br>Lai vari pasauli un sevi izzin\u0101t!<\/p>\n\n\n\n<p class=\"has-text-align-center\">Un skola sauc: tik daudz ir ce\u013cu pasaul\u0113, ko iet,<br>Pie man\u0101m durv\u012bm k\u0101dreiz atn\u0101ciet!<\/p>\n\n\n\n<p class=\"has-text-align-center\">M\u0113s b\u016bsim jaun\u0101s dz\u0113rves, jaunais lidojums,<br>Bet vec\u0101s skolas m\u016bri tom\u0113r mazliet skums.<br>Tur saglab\u0101tas m\u016bsu balsis skan,<br>Un mazliet skumji paliek tev un man.<\/p>\n\n\n\n<p class=\"has-text-align-center\">Un skola sauc: tik daudz ir cilv\u0113ku, kas gar\u0101m iet,<br>Uz mana sliek\u0161\u0146a n\u0101ciet pas\u0113diet!<\/p>\n\n\n\n<p>himna uzrakst\u012bta 1994. gad\u0101, atz\u012bm\u0113jot skolas 60. izlaidumu;<br>Himnas nosaukums \u201cUn skola sauc\u2026\u201d;<br>v\u0101rdu autore &#8211; Inga\u00a0 Cimdi\u0146a \u2013 Ozola (1994. gada absolvente- 60. izlaidums);<br>m\u016bzikas autors &#8211; \u0122irts Ripa (1988. gada 8. klases absolvents).<\/p>\n\n\n\n<p class=\"has-text-align-center\"><strong>Balvu Valsts \u0123imn\u0101zijas karogs<\/strong><\/p>\n\n\n\n<figure class=\"wp-block-image size-large\"><img loading=\"lazy\" decoding=\"async\" width=\"1024\" height=\"573\" src=\"https:\/\/bvg.lv\/wp-content\/uploads\/2024\/10\/karogs-1024x573.jpeg\" alt=\"\" class=\"wp-image-2590\" srcset=\"https:\/\/bvg.lv\/wp-content\/uploads\/2024\/10\/karogs-1024x573.jpeg 1024w, https:\/\/bvg.lv\/wp-content\/uploads\/2024\/10\/karogs-300x168.jpeg 300w, https:\/\/bvg.lv\/wp-content\/uploads\/2024\/10\/karogs-768x430.jpeg 768w, https:\/\/bvg.lv\/wp-content\/uploads\/2024\/10\/karogs-1536x860.jpeg 1536w, https:\/\/bvg.lv\/wp-content\/uploads\/2024\/10\/karogs.jpeg 2021w\" sizes=\"auto, (max-width: 1024px) 100vw, 1024px\" \/><\/figure>\n\n\n\n<p>karoga kr\u0101sas &#8211;<strong> &nbsp;<\/strong>balta, tum\u0161i zila un sudraba.<strong> <\/strong>Karoga kr\u0101sas simboliz\u0113&nbsp; intelektu un zin\u0101\u0161anas. Tum\u0161i zil\u0101 kr\u0101sa simboliz\u0113 veiksmi, gudr\u012bbu, komunik\u0101ciju un rado\u0161umu, sudrabs \u2013 labkl\u0101j\u012bbu un p\u0101rtic\u012bbu. Balt\u0101 kr\u0101sa simboliz\u0113 t\u012br\u012bbu un gai\u0161as domas, optimismu. Tum\u0161i zil\u0101 mijas ar sudraba toni, kas simboliz\u0113 gara gaismu un att\u012bsta intu\u012bciju;<\/p>\n\n\n\n<p>z\u012bm\u0113jums <strong>\u2013 <\/strong>centr\u0101 p\u016bce- izgl\u012bt\u012bbas iest\u0101des logo, un skolas nosaukums. Uz sudraba fona&nbsp; balta, uzleco\u0161as r\u012bta saules gaisma, kas<strong> <\/strong>ir k\u0101 ce\u013c\u0161 no neapzin\u0101t\u0101 uz apzin\u0101to, pal\u012bdz sasniegt gar\u012bg\u0101s v\u0113rt\u012bbas, kuras rada gai\u0161as domas, optimismu un ener\u0123iju;<strong><\/strong><\/p>\n\n\n\n<p>&nbsp;karoga pamats\u2014tum\u0161i zilas kr\u0101sas josla ar izliekumu;<\/p>\n\n\n\n<p>karoga izm\u0113ri \u2013 garums 1,70 m , platums 0,95 m, pamata joslas izliekums mal\u0101s &nbsp;25 cm, vidus da\u013c\u0101 27 cm. Karoga k\u0101ta garums 2,35 m. P\u016bces augstums- 0,42 m;<\/p>\n\n\n\n<p>karogs iesv\u0113t\u012bts 2013. gada&nbsp;&nbsp; 15.mart\u0101.<\/p>\n\n\n\n<p class=\"has-text-align-center\"><strong>Balvu Valsts \u0123imn\u0101zijas logo<\/strong><\/p>\n\n\n<div class=\"wp-block-image\">\n<figure class=\"aligncenter size-large is-resized\"><img loading=\"lazy\" decoding=\"async\" width=\"520\" height=\"1024\" src=\"https:\/\/bvg.lv\/wp-content\/uploads\/2024\/10\/puce-bez-fona-520x1024.png\" alt=\"\" class=\"wp-image-2591\" style=\"width:275px;height:auto\" srcset=\"https:\/\/bvg.lv\/wp-content\/uploads\/2024\/10\/puce-bez-fona-520x1024.png 520w, https:\/\/bvg.lv\/wp-content\/uploads\/2024\/10\/puce-bez-fona-152x300.png 152w, https:\/\/bvg.lv\/wp-content\/uploads\/2024\/10\/puce-bez-fona-768x1512.png 768w, https:\/\/bvg.lv\/wp-content\/uploads\/2024\/10\/puce-bez-fona-780x1536.png 780w, https:\/\/bvg.lv\/wp-content\/uploads\/2024\/10\/puce-bez-fona-1040x2048.png 1040w, https:\/\/bvg.lv\/wp-content\/uploads\/2024\/10\/puce-bez-fona.png 1358w\" sizes=\"auto, (max-width: 520px) 100vw, 520px\" \/><\/figure>\n<\/div>\n\n\n<p>P\u016bce &#8211; gudr\u012bbas, augstsird\u012bbas, bag\u0101t\u012bbas un vieduma simbols;<\/p>\n\n\n\n<p>logo izveidots 2012. gada pavasar\u012b;<\/p>\n\n\n\n<p>idejas autore &#8211; Lauma Silauniece (2013. gada absolvente \u2013 79. izlaidums);<\/p>\n\n\n\n<p>Logo pamatkr\u0101sa &#8211; tum\u0161i zila, kas izv\u0113l\u0113ta no v\u0113sturisk\u0101s tum\u0161i zil\u0101s \u0123imn\u0101zista cepures;<\/p>\n","protected":false},"excerpt":{"rendered":"<p>Balvu Valsts \u0123imn\u0101zijas himna \u0122irts Ripa, Inga Ozola Kad smagas rudzu v\u0101rpas dz\u0113rvju k\u0101sim m\u0101j,Zin&#8217; tre\u0161ais t\u0113va d\u0113ls: b\u016bs m\u0101jas j\u0101atst\u0101j.No g\u0101jputniem, kas atvaddziesmas dzied,Vi\u0146\u0161 sp\u0113kus l\u016bdz, jo ce\u013c\u0161 b\u016bs t\u0101ls, ko iet. Un skola sauc: tik daudz ir ziedu &hellip; <a href=\"https:\/\/bvg.lv\/?page_id=2589\">Turpiniet las\u012bt <span class=\"meta-nav\">&rarr;<\/span><\/a><\/p>\n","protected":false},"author":1,"featured_media":0,"parent":0,"menu_order":0,"comment_status":"closed","ping_status":"closed","template":"","meta":{"ngg_post_thumbnail":0,"footnotes":""},"class_list":["post-2589","page","type-page","status-publish","hentry"],"_links":{"self":[{"href":"https:\/\/bvg.lv\/index.php?rest_route=\/wp\/v2\/pages\/2589","targetHints":{"allow":["GET"]}}],"collection":[{"href":"https:\/\/bvg.lv\/index.php?rest_route=\/wp\/v2\/pages"}],"about":[{"href":"https:\/\/bvg.lv\/index.php?rest_route=\/wp\/v2\/types\/page"}],"author":[{"embeddable":true,"href":"https:\/\/bvg.lv\/index.php?rest_route=\/wp\/v2\/users\/1"}],"replies":[{"embeddable":true,"href":"https:\/\/bvg.lv\/index.php?rest_route=%2Fwp%2Fv2%2Fcomments&post=2589"}],"version-history":[{"count":1,"href":"https:\/\/bvg.lv\/index.php?rest_route=\/wp\/v2\/pages\/2589\/revisions"}],"predecessor-version":[{"id":2592,"href":"https:\/\/bvg.lv\/index.php?rest_route=\/wp\/v2\/pages\/2589\/revisions\/2592"}],"wp:attachment":[{"href":"https:\/\/bvg.lv\/index.php?rest_route=%2Fwp%2Fv2%2Fmedia&parent=2589"}],"curies":[{"name":"wp","href":"https:\/\/api.w.org\/{rel}","templated":true}]}}