{"id":220,"date":"2022-12-06T09:14:35","date_gmt":"2022-12-06T07:14:35","guid":{"rendered":"http:\/\/bvg.lv\/?page_id=220"},"modified":"2026-01-27T14:10:35","modified_gmt":"2026-01-27T12:10:35","slug":"konsultaciju-saraksts","status":"publish","type":"page","link":"https:\/\/bvg.lv\/?page_id=220","title":{"rendered":"Konsult\u0101ciju grafiki"},"content":{"rendered":"\n<p><a href=\"https:\/\/bvg.lv\/wp-content\/uploads\/2026\/01\/kons_izgl.pdf\" target=\"_blank\" rel=\"noreferrer noopener\">Konsult\u0101cijas izgl\u012btojamajiem 2025.\/2026.m.g.<\/a><\/p>\n\n\n\n<p><a href=\"https:\/\/bvg.lv\/wp-content\/uploads\/2026\/01\/zpd.pdf\" target=\"_blank\" rel=\"noreferrer noopener\">Konsult\u0101cijas ZPD izstr\u0101d\u0113 2025.\/2026.m.g.<\/a><\/p>\n\n\n\n<p><a href=\"https:\/\/bvg.lv\/wp-content\/uploads\/2026\/01\/vpd.pdf\" target=\"_blank\" rel=\"noreferrer noopener\">Konsult\u0101cijas, gatavojoties VPD 2025.\/2026.m.g. 2.semestr\u012b<\/a><\/p>\n\n\n\n<p><a href=\"https:\/\/bvg.lv\/wp-content\/uploads\/2026\/01\/fakultativas.pdf\" target=\"_blank\" rel=\"noreferrer noopener\">Fakultat\u012bvo nodarb\u012bbu grafiks 2025.\/2026.m.g.<\/a><\/p>\n\n\n\n<p><a href=\"https:\/\/bvg.lv\/wp-content\/uploads\/2026\/01\/talantigie.pdf\" data-type=\"link\" data-id=\"https:\/\/bvg.lv\/wp-content\/uploads\/2026\/01\/talantigie.pdf\" target=\"_blank\" rel=\"noreferrer noopener\">Gatavo\u0161ana m\u0101c\u012bbu priek\u0161metu olimpi\u0101d\u0113m 2025.\/2026.m.g.<\/a><\/p>\n\n\n\n<p><\/p>\n","protected":false},"excerpt":{"rendered":"<p>Konsult\u0101cijas izgl\u012btojamajiem 2025.\/2026.m.g. Konsult\u0101cijas ZPD izstr\u0101d\u0113 2025.\/2026.m.g. Konsult\u0101cijas, gatavojoties VPD 2025.\/2026.m.g. 2.semestr\u012b Fakultat\u012bvo nodarb\u012bbu grafiks 2025.\/2026.m.g. Gatavo\u0161ana m\u0101c\u012bbu priek\u0161metu olimpi\u0101d\u0113m 2025.\/2026.m.g.<\/p>\n","protected":false},"author":1,"featured_media":0,"parent":0,"menu_order":0,"comment_status":"closed","ping_status":"closed","template":"","meta":{"ngg_post_thumbnail":0,"footnotes":""},"class_list":["post-220","page","type-page","status-publish","hentry"],"_links":{"self":[{"href":"https:\/\/bvg.lv\/index.php?rest_route=\/wp\/v2\/pages\/220","targetHints":{"allow":["GET"]}}],"collection":[{"href":"https:\/\/bvg.lv\/index.php?rest_route=\/wp\/v2\/pages"}],"about":[{"href":"https:\/\/bvg.lv\/index.php?rest_route=\/wp\/v2\/types\/page"}],"author":[{"embeddable":true,"href":"https:\/\/bvg.lv\/index.php?rest_route=\/wp\/v2\/users\/1"}],"replies":[{"embeddable":true,"href":"https:\/\/bvg.lv\/index.php?rest_route=%2Fwp%2Fv2%2Fcomments&post=220"}],"version-history":[{"count":24,"href":"https:\/\/bvg.lv\/index.php?rest_route=\/wp\/v2\/pages\/220\/revisions"}],"predecessor-version":[{"id":5295,"href":"https:\/\/bvg.lv\/index.php?rest_route=\/wp\/v2\/pages\/220\/revisions\/5295"}],"wp:attachment":[{"href":"https:\/\/bvg.lv\/index.php?rest_route=%2Fwp%2Fv2%2Fmedia&parent=220"}],"curies":[{"name":"wp","href":"https:\/\/api.w.org\/{rel}","templated":true}]}}