{"id":2139,"date":"2024-06-06T16:13:03","date_gmt":"2024-06-06T13:13:03","guid":{"rendered":"https:\/\/bvg.lv\/?page_id=2139"},"modified":"2026-02-18T12:11:43","modified_gmt":"2026-02-18T10:11:43","slug":"pasparvaldes-darba-plans","status":"publish","type":"page","link":"https:\/\/bvg.lv\/?page_id=2139","title":{"rendered":"Pa\u0161p\u0101rvaldes darba pl\u0101ns"},"content":{"rendered":"\n<p><a href=\"https:\/\/bvg.lv\/wp-content\/uploads\/2026\/02\/BVG_Izglitojamo_pasparvaldes_pasakumu_plans.pdf\" target=\"_blank\" rel=\"noreferrer noopener\">Balvu Valsts \u0123imn\u0101zijas izgl\u012btojamo pa\u0161p\u0101rvaldes darba pl\u0101ns 2025.\/2026. m\u0101c\u012bbu gada 2. semestrim<\/a><\/p>\n","protected":false},"excerpt":{"rendered":"<p>Balvu Valsts \u0123imn\u0101zijas izgl\u012btojamo pa\u0161p\u0101rvaldes darba pl\u0101ns 2025.\/2026. m\u0101c\u012bbu gada 2. semestrim<\/p>\n","protected":false},"author":1,"featured_media":0,"parent":0,"menu_order":0,"comment_status":"closed","ping_status":"closed","template":"","meta":{"ngg_post_thumbnail":0,"footnotes":""},"class_list":["post-2139","page","type-page","status-publish","hentry"],"_links":{"self":[{"href":"https:\/\/bvg.lv\/index.php?rest_route=\/wp\/v2\/pages\/2139","targetHints":{"allow":["GET"]}}],"collection":[{"href":"https:\/\/bvg.lv\/index.php?rest_route=\/wp\/v2\/pages"}],"about":[{"href":"https:\/\/bvg.lv\/index.php?rest_route=\/wp\/v2\/types\/page"}],"author":[{"embeddable":true,"href":"https:\/\/bvg.lv\/index.php?rest_route=\/wp\/v2\/users\/1"}],"replies":[{"embeddable":true,"href":"https:\/\/bvg.lv\/index.php?rest_route=%2Fwp%2Fv2%2Fcomments&post=2139"}],"version-history":[{"count":5,"href":"https:\/\/bvg.lv\/index.php?rest_route=\/wp\/v2\/pages\/2139\/revisions"}],"predecessor-version":[{"id":5381,"href":"https:\/\/bvg.lv\/index.php?rest_route=\/wp\/v2\/pages\/2139\/revisions\/5381"}],"wp:attachment":[{"href":"https:\/\/bvg.lv\/index.php?rest_route=%2Fwp%2Fv2%2Fmedia&parent=2139"}],"curies":[{"name":"wp","href":"https:\/\/api.w.org\/{rel}","templated":true}]}}