{"id":2133,"date":"2024-06-06T16:11:06","date_gmt":"2024-06-06T13:11:06","guid":{"rendered":"https:\/\/bvg.lv\/?page_id=2133"},"modified":"2025-12-09T09:52:24","modified_gmt":"2025-12-09T07:52:24","slug":"pasparvaldes-struktura","status":"publish","type":"page","link":"https:\/\/bvg.lv\/?page_id=2133","title":{"rendered":"Pa\u0161p\u0101rvaldes strukt\u016bra"},"content":{"rendered":"\n<figure class=\"wp-block-image size-large\"><img loading=\"lazy\" decoding=\"async\" width=\"1024\" height=\"724\" src=\"https:\/\/bvg.lv\/wp-content\/uploads\/2025\/12\/struktura-1024x724.jpg\" alt=\"\" class=\"wp-image-5088\" srcset=\"https:\/\/bvg.lv\/wp-content\/uploads\/2025\/12\/struktura-1024x724.jpg 1024w, https:\/\/bvg.lv\/wp-content\/uploads\/2025\/12\/struktura-300x212.jpg 300w, https:\/\/bvg.lv\/wp-content\/uploads\/2025\/12\/struktura-768x543.jpg 768w, https:\/\/bvg.lv\/wp-content\/uploads\/2025\/12\/struktura-1536x1086.jpg 1536w, https:\/\/bvg.lv\/wp-content\/uploads\/2025\/12\/struktura.jpg 1600w\" sizes=\"auto, (max-width: 1024px) 100vw, 1024px\" \/><\/figure>\n","protected":false},"excerpt":{"rendered":"","protected":false},"author":1,"featured_media":0,"parent":0,"menu_order":0,"comment_status":"closed","ping_status":"closed","template":"","meta":{"ngg_post_thumbnail":0,"footnotes":""},"class_list":["post-2133","page","type-page","status-publish","hentry"],"_links":{"self":[{"href":"https:\/\/bvg.lv\/index.php?rest_route=\/wp\/v2\/pages\/2133","targetHints":{"allow":["GET"]}}],"collection":[{"href":"https:\/\/bvg.lv\/index.php?rest_route=\/wp\/v2\/pages"}],"about":[{"href":"https:\/\/bvg.lv\/index.php?rest_route=\/wp\/v2\/types\/page"}],"author":[{"embeddable":true,"href":"https:\/\/bvg.lv\/index.php?rest_route=\/wp\/v2\/users\/1"}],"replies":[{"embeddable":true,"href":"https:\/\/bvg.lv\/index.php?rest_route=%2Fwp%2Fv2%2Fcomments&post=2133"}],"version-history":[{"count":3,"href":"https:\/\/bvg.lv\/index.php?rest_route=\/wp\/v2\/pages\/2133\/revisions"}],"predecessor-version":[{"id":5089,"href":"https:\/\/bvg.lv\/index.php?rest_route=\/wp\/v2\/pages\/2133\/revisions\/5089"}],"wp:attachment":[{"href":"https:\/\/bvg.lv\/index.php?rest_route=%2Fwp%2Fv2%2Fmedia&parent=2133"}],"curies":[{"name":"wp","href":"https:\/\/api.w.org\/{rel}","templated":true}]}}