{"id":2109,"date":"2024-06-06T11:02:31","date_gmt":"2024-06-06T08:02:31","guid":{"rendered":"https:\/\/bvg.lv\/?page_id=2109"},"modified":"2025-03-04T14:25:40","modified_gmt":"2025-03-04T12:25:40","slug":"karjerai-noderigi","status":"publish","type":"page","link":"https:\/\/bvg.lv\/?page_id=2109","title":{"rendered":"Karjerai noder\u012bgi"},"content":{"rendered":"\n<p><strong>Noder\u012bgas saites Tavai karjerai<\/strong><br>Tests, k\u0101ds studiju virziens tev ir vistuv\u0101kais:<br><a href=\"https:\/\/ej.uz\/84gm\">https:\/\/ej.uz\/84gm<\/a><br>Ce\u013cvedis karjeras veido\u0161an\u0101:<br><a href=\"https:\/\/www.prakse.lv\/\">https:\/\/www.prakse.lv\/<\/a><br>Studijas Biznesa augstskola Tur\u012bb\u0101, video:<br><a href=\"https:\/\/ej.uz\/go4y\">https:\/\/ej.uz\/go4y<\/a><br>Studiju programmu saturs Biznesa augstskol\u0101<br>Tur\u012bb\u0101, buklets: <a href=\"https:\/\/ej.uz\/hn6e\">https:\/\/ej.uz\/hn6e<\/a><br>Noder\u012bgais Prakse.lv pas\u0101kums &#8220;Uz\u0146\u0113mumu<br>atv\u0113rto durvju diena&#8221;, video:<a href=\" https:\/\/ej.uz\/f8x9\"> https:\/\/ej.uz\/f8x9<\/a><br>Darba dev\u0113ju nov\u0113rt\u0113t\u0101ko Studiju un Skolu Tops:<br><a href=\"https:\/\/ej.uz\/xxr1\">https:\/\/ej.uz\/xxr1<\/a><br>Profesiju un uz\u0146\u0113mumu apraksti:<br><a href=\"https:\/\/ej.uz\/ha3d\">https:\/\/ej.uz\/ha3d<\/a><\/p>\n\n\n\n<p><\/p>\n\n\n\n<div data-wp-interactive=\"core\/file\" class=\"wp-block-file\"><object data-wp-bind--hidden=\"!state.hasPdfPreview\" hidden class=\"wp-block-file__embed\" data=\"https:\/\/bvg.lv\/wp-content\/uploads\/2025\/03\/Enu-diena-2025.pdf\" type=\"application\/pdf\" style=\"width:100%;height:600px\" aria-label=\"Iegult \u0112nu diena 2025.\"><\/object><a id=\"wp-block-file--media-47a1dacc-587a-410d-904c-62f5a66c49ce\" href=\"https:\/\/bvg.lv\/wp-content\/uploads\/2025\/03\/Enu-diena-2025.pdf\">\u0112nu diena 2025<\/a><a href=\"https:\/\/bvg.lv\/wp-content\/uploads\/2025\/03\/Enu-diena-2025.pdf\" class=\"wp-block-file__button wp-element-button\" download aria-describedby=\"wp-block-file--media-47a1dacc-587a-410d-904c-62f5a66c49ce\">Lejupiel\u0101d\u0113t<\/a><\/div>\n\n\n\n<p><strong>Metodiskais materi\u0101ls skolot\u0101jiem-Aktivit\u0101tes<\/strong><\/p>\n\n\n\n<div data-wp-interactive=\"core\/file\" class=\"wp-block-file\"><object data-wp-bind--hidden=\"!state.hasPdfPreview\" hidden class=\"wp-block-file__embed\" data=\"https:\/\/bvg.lv\/wp-content\/uploads\/2024\/06\/Metod.mat_.skolot.Aktivitates.pdf\" type=\"application\/pdf\" style=\"width:100%;height:600px\" aria-label=\"Iegult Metod.mat_.skolot.Aktivitates.\"><\/object><a id=\"wp-block-file--media-5122dd80-bbea-4bbe-ad72-7ed191147126\" href=\"https:\/\/bvg.lv\/wp-content\/uploads\/2024\/06\/Metod.mat_.skolot.Aktivitates.pdf\">Metod.mat_.skolot.Aktivitates<\/a><a href=\"https:\/\/bvg.lv\/wp-content\/uploads\/2024\/06\/Metod.mat_.skolot.Aktivitates.pdf\" class=\"wp-block-file__button wp-element-button\" download aria-describedby=\"wp-block-file--media-5122dd80-bbea-4bbe-ad72-7ed191147126\">Lejupiel\u0101d\u0113t<\/a><\/div>\n","protected":false},"excerpt":{"rendered":"<p>Noder\u012bgas saites Tavai karjeraiTests, k\u0101ds studiju virziens tev ir vistuv\u0101kais:https:\/\/ej.uz\/84gmCe\u013cvedis karjeras veido\u0161an\u0101:https:\/\/www.prakse.lv\/Studijas Biznesa augstskola Tur\u012bb\u0101, video:https:\/\/ej.uz\/go4yStudiju programmu saturs Biznesa augstskol\u0101Tur\u012bb\u0101, buklets: https:\/\/ej.uz\/hn6eNoder\u012bgais Prakse.lv pas\u0101kums &#8220;Uz\u0146\u0113mumuatv\u0113rto durvju diena&#8221;, video: https:\/\/ej.uz\/f8x9Darba dev\u0113ju nov\u0113rt\u0113t\u0101ko Studiju un Skolu Tops:https:\/\/ej.uz\/xxr1Profesiju un uz\u0146\u0113mumu apraksti:https:\/\/ej.uz\/ha3d Metodiskais materi\u0101ls &hellip; <a href=\"https:\/\/bvg.lv\/?page_id=2109\">Turpiniet las\u012bt <span class=\"meta-nav\">&rarr;<\/span><\/a><\/p>\n","protected":false},"author":1,"featured_media":0,"parent":0,"menu_order":0,"comment_status":"closed","ping_status":"closed","template":"","meta":{"ngg_post_thumbnail":0,"footnotes":""},"class_list":["post-2109","page","type-page","status-publish","hentry"],"_links":{"self":[{"href":"https:\/\/bvg.lv\/index.php?rest_route=\/wp\/v2\/pages\/2109","targetHints":{"allow":["GET"]}}],"collection":[{"href":"https:\/\/bvg.lv\/index.php?rest_route=\/wp\/v2\/pages"}],"about":[{"href":"https:\/\/bvg.lv\/index.php?rest_route=\/wp\/v2\/types\/page"}],"author":[{"embeddable":true,"href":"https:\/\/bvg.lv\/index.php?rest_route=\/wp\/v2\/users\/1"}],"replies":[{"embeddable":true,"href":"https:\/\/bvg.lv\/index.php?rest_route=%2Fwp%2Fv2%2Fcomments&post=2109"}],"version-history":[{"count":4,"href":"https:\/\/bvg.lv\/index.php?rest_route=\/wp\/v2\/pages\/2109\/revisions"}],"predecessor-version":[{"id":3577,"href":"https:\/\/bvg.lv\/index.php?rest_route=\/wp\/v2\/pages\/2109\/revisions\/3577"}],"wp:attachment":[{"href":"https:\/\/bvg.lv\/index.php?rest_route=%2Fwp%2Fv2%2Fmedia&parent=2109"}],"curies":[{"name":"wp","href":"https:\/\/api.w.org\/{rel}","templated":true}]}}