{"id":2105,"date":"2024-06-06T11:02:06","date_gmt":"2024-06-06T08:02:06","guid":{"rendered":"https:\/\/bvg.lv\/?page_id=2105"},"modified":"2024-10-02T14:08:18","modified_gmt":"2024-10-02T11:08:18","slug":"bvg-karjeras-izglitibas-pasakumu-plans-2023-2024","status":"publish","type":"page","link":"https:\/\/bvg.lv\/?page_id=2105","title":{"rendered":"BV\u0122 Karjeras izgl\u012bt\u012bbas pas\u0101kumu pl\u0101ns 2024.\/2025."},"content":{"rendered":"\n<div data-wp-interactive=\"core\/file\" class=\"wp-block-file\"><object data-wp-bind--hidden=\"!state.hasPdfPreview\" hidden class=\"wp-block-file__embed\" data=\"https:\/\/bvg.lv\/wp-content\/uploads\/2024\/10\/Karjeras_konsultantes_darba_plans.pdf\" type=\"application\/pdf\" style=\"width:100%;height:600px\" aria-label=\"Iegult Karjeras_konsultantes_darba_plans.\"><\/object><a id=\"wp-block-file--media-afab9c9b-8325-45d5-a22d-529795ad4560\" href=\"https:\/\/bvg.lv\/wp-content\/uploads\/2024\/10\/Karjeras_konsultantes_darba_plans.pdf\">Karjeras_konsultantes_darba_plans<\/a><a href=\"https:\/\/bvg.lv\/wp-content\/uploads\/2024\/10\/Karjeras_konsultantes_darba_plans.pdf\" class=\"wp-block-file__button wp-element-button\" download aria-describedby=\"wp-block-file--media-afab9c9b-8325-45d5-a22d-529795ad4560\">Lejupiel\u0101d\u0113t<\/a><\/div>\n","protected":false},"excerpt":{"rendered":"","protected":false},"author":1,"featured_media":0,"parent":0,"menu_order":0,"comment_status":"closed","ping_status":"closed","template":"","meta":{"ngg_post_thumbnail":0,"footnotes":""},"class_list":["post-2105","page","type-page","status-publish","hentry"],"_links":{"self":[{"href":"https:\/\/bvg.lv\/index.php?rest_route=\/wp\/v2\/pages\/2105","targetHints":{"allow":["GET"]}}],"collection":[{"href":"https:\/\/bvg.lv\/index.php?rest_route=\/wp\/v2\/pages"}],"about":[{"href":"https:\/\/bvg.lv\/index.php?rest_route=\/wp\/v2\/types\/page"}],"author":[{"embeddable":true,"href":"https:\/\/bvg.lv\/index.php?rest_route=\/wp\/v2\/users\/1"}],"replies":[{"embeddable":true,"href":"https:\/\/bvg.lv\/index.php?rest_route=%2Fwp%2Fv2%2Fcomments&post=2105"}],"version-history":[{"count":3,"href":"https:\/\/bvg.lv\/index.php?rest_route=\/wp\/v2\/pages\/2105\/revisions"}],"predecessor-version":[{"id":2557,"href":"https:\/\/bvg.lv\/index.php?rest_route=\/wp\/v2\/pages\/2105\/revisions\/2557"}],"wp:attachment":[{"href":"https:\/\/bvg.lv\/index.php?rest_route=%2Fwp%2Fv2%2Fmedia&parent=2105"}],"curies":[{"name":"wp","href":"https:\/\/api.w.org\/{rel}","templated":true}]}}