{"id":2103,"date":"2024-06-06T11:01:50","date_gmt":"2024-06-06T08:01:50","guid":{"rendered":"https:\/\/bvg.lv\/?page_id=2103"},"modified":"2024-10-02T14:07:15","modified_gmt":"2024-10-02T11:07:15","slug":"bvg-karjeras-izglitibas-programma","status":"publish","type":"page","link":"https:\/\/bvg.lv\/?page_id=2103","title":{"rendered":"BV\u0122 Karjeras izgl\u012bt\u012bbas programma"},"content":{"rendered":"\n<div data-wp-interactive=\"core\/file\" class=\"wp-block-file\"><object data-wp-bind--hidden=\"!state.hasPdfPreview\" hidden class=\"wp-block-file__embed\" data=\"https:\/\/bvg.lv\/wp-content\/uploads\/2024\/10\/Karjeras_izglitibas_programma.pdf\" type=\"application\/pdf\" style=\"width:100%;height:600px\" aria-label=\"Iegult Karjeras_izglitibas_programma.\"><\/object><a id=\"wp-block-file--media-d5743519-305e-4754-8abd-b58592ab509b\" href=\"https:\/\/bvg.lv\/wp-content\/uploads\/2024\/10\/Karjeras_izglitibas_programma.pdf\">Karjeras_izglitibas_programma<\/a><a href=\"https:\/\/bvg.lv\/wp-content\/uploads\/2024\/10\/Karjeras_izglitibas_programma.pdf\" class=\"wp-block-file__button wp-element-button\" download aria-describedby=\"wp-block-file--media-d5743519-305e-4754-8abd-b58592ab509b\">Lejupiel\u0101d\u0113t<\/a><\/div>\n","protected":false},"excerpt":{"rendered":"","protected":false},"author":1,"featured_media":0,"parent":0,"menu_order":0,"comment_status":"closed","ping_status":"closed","template":"","meta":{"ngg_post_thumbnail":0,"footnotes":""},"class_list":["post-2103","page","type-page","status-publish","hentry"],"_links":{"self":[{"href":"https:\/\/bvg.lv\/index.php?rest_route=\/wp\/v2\/pages\/2103","targetHints":{"allow":["GET"]}}],"collection":[{"href":"https:\/\/bvg.lv\/index.php?rest_route=\/wp\/v2\/pages"}],"about":[{"href":"https:\/\/bvg.lv\/index.php?rest_route=\/wp\/v2\/types\/page"}],"author":[{"embeddable":true,"href":"https:\/\/bvg.lv\/index.php?rest_route=\/wp\/v2\/users\/1"}],"replies":[{"embeddable":true,"href":"https:\/\/bvg.lv\/index.php?rest_route=%2Fwp%2Fv2%2Fcomments&post=2103"}],"version-history":[{"count":3,"href":"https:\/\/bvg.lv\/index.php?rest_route=\/wp\/v2\/pages\/2103\/revisions"}],"predecessor-version":[{"id":2555,"href":"https:\/\/bvg.lv\/index.php?rest_route=\/wp\/v2\/pages\/2103\/revisions\/2555"}],"wp:attachment":[{"href":"https:\/\/bvg.lv\/index.php?rest_route=%2Fwp%2Fv2%2Fmedia&parent=2103"}],"curies":[{"name":"wp","href":"https:\/\/api.w.org\/{rel}","templated":true}]}}