{"id":1717,"date":"2024-03-22T08:57:05","date_gmt":"2024-03-22T06:57:05","guid":{"rendered":"https:\/\/bvg.lv\/?page_id=1717"},"modified":"2024-03-22T08:57:06","modified_gmt":"2024-03-22T06:57:06","slug":"kontakts","status":"publish","type":"page","link":"https:\/\/bvg.lv\/?page_id=1717","title":{"rendered":"&#8220;Kontakts&#8221;"},"content":{"rendered":"\n<p>Jaunatnes starptautisko programmu a\u0123ent\u016bra (JSPA) sadarb\u012bb\u0101 ar Izgl\u012bt\u012bbas un zin\u0101tnes ministriju (IZM) aicina Latvijas skolu pa\u0161p\u0101rvald\u0113m pieteikties iniciat\u012bvai izgl\u012bt\u012bbas iest\u0101\u017eu pa\u0161p\u0101rval\u017eu atbalstam \u201cKontakts\u201d.<\/p>\n\n\n\n<p>Iniciat\u012bva \u201cKontakts\u201d tiek \u012bstenota <a href=\"https:\/\/jaunatne.gov.lv\/par-agenturu\/programmas-projekti\/valsts-programma\/\">Jaunatnes politikas valsts programmas<\/a> ietvaros ar m\u0113r\u0137i stiprin\u0101t izgl\u012bt\u012bbas iest\u0101\u017eu (visp\u0101rizgl\u012btojo\u0161o skolu un profesion\u0101l\u0101s ievirzes izgl\u012bt\u012bbas iest\u0101\u017eu) pa\u0161p\u0101rval\u017eu att\u012bst\u012bbu. Iniciat\u012bvas ietvaros izgl\u012bt\u012bbas iest\u0101\u017eu pa\u0161p\u0101rval\u017eu komand\u0101m ar jaunie\u0161iem vecum\u0101 no 13 l\u012bdz 25 gadiem kop\u0101 ar atbalsta personu ir iesp\u0113jams:<\/p>\n\n\n\n<ul class=\"wp-block-list\">\n<li>piedal\u012bties tr\u012bs dienu m\u0101c\u012bb\u0101s par l\u012bdzdal\u012bbu un iniciat\u012bvu projektu rakst\u012b\u0161anu;<\/li>\n\n\n\n<li>piedal\u012bties ideju projektu konkurs\u0101 un sa\u0146emt finans\u0113jumu projektu \u012bsteno\u0161anai.<\/li>\n<\/ul>\n\n\n\n<p>Iniciat\u012bvas \u201cKontakts\u201d ietvaros tiek stiprin\u0101ts pa\u0161p\u0101rval\u017eu t\u012bkls Latvijas izgl\u012bt\u012bbas iest\u0101d\u0113s, sekm\u0113jot jaunie\u0161u akt\u012bvu pilsonisko l\u012bdzdal\u012bbu un veicinot izpratni par da\u017e\u0101du jaunie\u0161u ar ierobe\u017eot\u0101m iesp\u0113j\u0101m grup\u0101m.<\/p>\n\n\n\n<p>Iniciat\u012bvas \u201cKontakts\u201d ietvaros tiek atbalst\u012btas aktivit\u0101tes, kas veicina:<\/p>\n\n\n\n<ul class=\"wp-block-list\">\n<li>akt\u012bvu un sist\u0113misku pa\u0161p\u0101rvaldes darb\u012bbu izgl\u012bt\u012bbas iest\u0101d\u0113;<\/li>\n\n\n\n<li>jaunie\u0161u pilsonisko l\u012bdzdal\u012bbu;<\/li>\n\n\n\n<li>izpratnes veido\u0161anu par da\u017e\u0101du jaunie\u0161u ar ierobe\u017eot\u0101m iesp\u0113j\u0101m grup\u0101m un to iesaisti projekt\u0101;<\/li>\n\n\n\n<li>jaunie\u0161u finan\u0161u prat\u012bbu;<\/li>\n\n\n\n<li>komunik\u0101ciju starp skolu pa\u0161p\u0101rvald\u0113m vai pilnveido skolas iek\u0161\u0113jo komunik\u0101ciju, izce\u013cot pa\u0161p\u0101rvaldi k\u0101 kontaktu starp jaunie\u0161iem un izgl\u012bt\u012bbas iest\u0101des vad\u012bbu.<\/li>\n<\/ul>\n\n\n\n<p>Iniciat\u012bva izgl\u012bt\u012bbas iest\u0101\u017eu pa\u0161p\u0101rval\u017eu atbalstam \u201cKontakts\u201d notiek Jaunatnes politikas valsts programmas 2022.-2024. gadam ietvaros.<\/p>\n\n\n\n<p>2022.gad\u0101 iniciat\u012bvas projektu konkurs\u0101 tika apstiprin\u0101ti 52 projekti (127 skolu iniciat\u012bvas), tostarp ar\u012b Balvu Valsts \u0123imn\u0101zijas projekts \u201c\u201dKontakts\u201d Balvu novad\u0101\u201d, sekm\u0113jot jaunie\u0161u pilsonisko l\u012bdzdal\u012bbu un pa\u0161p\u0101rvaldes darb\u012bbu. Projektu dal\u012bbnieki \u012bstenoja daudzveid\u012bgas aktivit\u0101tes- r\u012bkoja p\u0101rg\u0101jienus, salied\u0113\u0161anas pas\u0101kumus un m\u0101c\u012bbas, piesaistot m\u0101c\u012bbu vad\u012bt\u0101jus un da\u017e\u0101du jomu ekspertus.<\/p>\n\n\n\n<p>Balvu Valsts \u0123imn\u0101zijas realiz\u0113t\u0101 projekta aktivit\u0101tes bija paredz\u0113tas jaunajiem Balvu Valsts \u0123imn\u0101zijas sept\u012btklasniekiem, kuri uzs\u0101ka m\u0101c\u012bbas m\u016bsu skol\u0101 2023.\/2024. m\u0101c\u012bbu gad\u0101. \u0160ie jaunie\u0161i galvenok\u0101rt ir pabeigu\u0161i 6. klasi Balvu s\u0101kumskol\u0101. Uzs\u0101kot m\u0101c\u012bbas 7. klas\u0113, tiek izveidoti jauni, nepaz\u012bstami kla\u0161u kolekt\u012bvi, un tie\u0161i \u0161ie kla\u0161u kolekt\u012bvi bija projekta m\u0113r\u0137a auditorija.<\/p>\n","protected":false},"excerpt":{"rendered":"<p>Jaunatnes starptautisko programmu a\u0123ent\u016bra (JSPA) sadarb\u012bb\u0101 ar Izgl\u012bt\u012bbas un zin\u0101tnes ministriju (IZM) aicina Latvijas skolu pa\u0161p\u0101rvald\u0113m pieteikties iniciat\u012bvai izgl\u012bt\u012bbas iest\u0101\u017eu pa\u0161p\u0101rval\u017eu atbalstam \u201cKontakts\u201d. Iniciat\u012bva \u201cKontakts\u201d tiek \u012bstenota Jaunatnes politikas valsts programmas ietvaros ar m\u0113r\u0137i stiprin\u0101t izgl\u012bt\u012bbas iest\u0101\u017eu (visp\u0101rizgl\u012btojo\u0161o skolu un &hellip; <a href=\"https:\/\/bvg.lv\/?page_id=1717\">Turpiniet las\u012bt <span class=\"meta-nav\">&rarr;<\/span><\/a><\/p>\n","protected":false},"author":1,"featured_media":0,"parent":0,"menu_order":0,"comment_status":"closed","ping_status":"closed","template":"","meta":{"ngg_post_thumbnail":0,"footnotes":""},"class_list":["post-1717","page","type-page","status-publish","hentry"],"_links":{"self":[{"href":"https:\/\/bvg.lv\/index.php?rest_route=\/wp\/v2\/pages\/1717","targetHints":{"allow":["GET"]}}],"collection":[{"href":"https:\/\/bvg.lv\/index.php?rest_route=\/wp\/v2\/pages"}],"about":[{"href":"https:\/\/bvg.lv\/index.php?rest_route=\/wp\/v2\/types\/page"}],"author":[{"embeddable":true,"href":"https:\/\/bvg.lv\/index.php?rest_route=\/wp\/v2\/users\/1"}],"replies":[{"embeddable":true,"href":"https:\/\/bvg.lv\/index.php?rest_route=%2Fwp%2Fv2%2Fcomments&post=1717"}],"version-history":[{"count":1,"href":"https:\/\/bvg.lv\/index.php?rest_route=\/wp\/v2\/pages\/1717\/revisions"}],"predecessor-version":[{"id":1718,"href":"https:\/\/bvg.lv\/index.php?rest_route=\/wp\/v2\/pages\/1717\/revisions\/1718"}],"wp:attachment":[{"href":"https:\/\/bvg.lv\/index.php?rest_route=%2Fwp%2Fv2%2Fmedia&parent=1717"}],"curies":[{"name":"wp","href":"https:\/\/api.w.org\/{rel}","templated":true}]}}