{"id":111,"date":"2022-11-01T11:20:52","date_gmt":"2022-11-01T09:20:52","guid":{"rendered":"http:\/\/bvg.lv\/?page_id=111"},"modified":"2026-02-19T15:57:43","modified_gmt":"2026-02-19T13:57:43","slug":"skolas-dokumenti","status":"publish","type":"page","link":"https:\/\/bvg.lv\/?page_id=111","title":{"rendered":"Skolas dokumenti"},"content":{"rendered":"\n<p><a href=\"https:\/\/bvg.lv\/wp-content\/uploads\/2026\/02\/Pasakumu-plans.pdf\" target=\"_blank\" rel=\"noreferrer noopener\">Balvu Valsts \u0123imn\u0101zijas pas\u0101kumu pl\u0101ns 2025.\/2026.m.g. 2.semestrim<\/a><\/p>\n\n\n\n<p><a href=\"https:\/\/bvg.lv\/wp-content\/uploads\/2026\/01\/Izglitojamo-macibu-snieguma-vertesanas-kartiba.pdf\" target=\"_blank\" rel=\"noreferrer noopener\">Izgl\u012btojamo m\u0101c\u012bbu snieguma v\u0113rt\u0113\u0161anas k\u0101rt\u012bba Balvu Valsts \u0123imn\u0101zij\u0101<\/a><\/p>\n\n\n\n<p><a href=\"https:\/\/bvg.lv\/wp-content\/uploads\/2025\/10\/BVG_pasnovertejums_2024_2025.pdf\" target=\"_blank\" rel=\"noreferrer noopener\">Balvu Valsts \u0123imn\u0101zijas pa\u0161nov\u0113rt\u0113juma zi\u0146ojums 2024.\/2025.m\u0101c\u012bbu gads<\/a><\/p>\n\n\n\n<p><a href=\"https:\/\/bvg.lv\/wp-content\/uploads\/2026\/02\/BVG_int_izgl_nodarbibu_grafiks.pdf\" target=\"_blank\" rel=\"noreferrer noopener\">Balvu Valsts \u0123imn\u0101zijas intere\u0161u izgl\u012bt\u012bbas nodarb\u012bbu grafiks 2025.\/2026.m.g. 2.semestrim<\/a><\/p>\n\n\n\n<p><a href=\"https:\/\/bvg.lv\/wp-content\/uploads\/2025\/04\/BVG_Uznemsanas_noteikumi_2025.pdf\" target=\"_blank\" rel=\"noreferrer noopener\">Uz\u0146em\u0161anas noteikumi Balvu Valsts \u0123imn\u0101zij\u0101 2025.\/2026.m.g.<\/a><\/p>\n\n\n\n<p><a href=\"https:\/\/bvg.lv\/wp-content\/uploads\/2024\/09\/Videonoverosanas_sistemu_ieksejas_kartibas_noteikumi_29082024.pdf\" data-type=\"link\" data-id=\"https:\/\/bvg.lv\/wp-content\/uploads\/2024\/09\/Videonoverosanas_sistemu_ieksejas_kartibas_noteikumi_29082024.pdf\" target=\"_blank\" rel=\"noreferrer noopener\">Videonov\u0113ro\u0161anas sist\u0113mu iek\u0161\u0113j\u0101s k\u0101rt\u012bbas noteikumi<\/a><\/p>\n\n\n\n<p><a href=\"https:\/\/bvg.lv\/wp-content\/uploads\/2024\/09\/BVG_Ricibas-plans_atkaribas_27032024.pdf\" target=\"_blank\" rel=\"noreferrer noopener\">R\u012bc\u012bbas pl\u0101ns par atkar\u012bbu izraiso\u0161u vielu ieg\u0101d\u0101\u0161anos, iene\u0161anu, lieto\u0161anu, glab\u0101\u0161anu, izplat\u012b\u0161anu vai pamudin\u0101\u0161anu lietot \u0123imn\u0101zij\u0101, t\u0101s teritorij\u0101 vai izgl\u012bt\u012bbas iest\u0101des organiz\u0113tajos vai atbalst\u012btajos pas\u0101kumos<\/a><\/p>\n\n\n\n<p><a href=\"https:\/\/bvg.lv\/wp-content\/uploads\/2025\/10\/BVG_27032024_Drosibas_noteikumi_ar_grozijumiem.pdf\" target=\"_blank\" rel=\"noreferrer noopener\">Balvu Valsts \u0123imn\u0101zijas dro\u0161\u012bbas noteikumi<\/a><\/p>\n\n\n\n<p><a href=\"https:\/\/bvg.lv\/wp-content\/uploads\/2024\/09\/Bibliotekas_ieksejas_kartibas_noteikumi_27032024.pdf\" target=\"_blank\" rel=\"noreferrer noopener\">Balvu Valsts \u0123imn\u0101zijas bibliot\u0113kas iek\u0161\u0113j\u0101s k\u0101rt\u012bbas noteikumi<\/a><\/p>\n\n\n\n<p><a href=\"https:\/\/bvg.lv\/wp-content\/uploads\/2023\/10\/BVG_attistibas_plans.pdf\" data-type=\"link\" target=\"_blank\" data-id=\"https:\/\/bvg.lv\/wp-content\/uploads\/2023\/10\/BVG_attistibas_plans.pdf\" rel=\"noopener\">Balvu Valsts \u0123imn\u0101zijas att\u012bst\u012bbas pl\u0101ns 2023.\/2024.m.g. &#8211; 2025.\/2026.m.g.<\/a><\/p>\n\n\n\n<p><a href=\"https:\/\/bvg.lv\/wp-content\/uploads\/2025\/10\/BVG_Ieksejas_kartibas_noteikumi_29082025.pdf\" target=\"_blank\" rel=\"noreferrer noopener\">Balvu Valsts \u0123imn\u0101zijas iek\u0161\u0113j\u0101s k\u0101rt\u012bbas noteikumi<\/a><\/p>\n\n\n\n<p><a href=\"https:\/\/bvg.lv\/wp-content\/uploads\/2024\/02\/BVG_metodiska_centra_darba_reglaments_31082023.pdf\" target=\"_blank\" rel=\"noopener\">Balvu Valsts \u0123imn\u0101zijas metodisk\u0101 centra darba reglaments<\/a><\/p>\n\n\n\n<p><a href=\"https:\/\/bvg.lv\/wp-content\/uploads\/2024\/09\/BVG_kavejumu_uzskaites_kartiba_29082024.pdf\" target=\"_blank\" rel=\"noopener\">Balvu Valsts \u0123imn\u0101zijas izgl\u012btojamo kav\u0113jumu un uzved\u012bbas p\u0101rk\u0101pumu uzskaites un administr\u0113\u0161anas k\u0101rt\u012bba<\/a><\/p>\n\n\n\n<p><a href=\"https:\/\/bvg.lv\/wp-content\/uploads\/2024\/09\/BVG_personu_uzturesanas_kartiba_27032024.pdf\" target=\"_blank\" rel=\"noopener\">Izgl\u012btojamo likumisko p\u0101rst\u0101vju un citu personu uztur\u0113\u0161an\u0101s k\u0101rt\u012bba Balvu Valsts \u0123imn\u0101zij\u0101<\/a><\/p>\n\n\n\n<p><a href=\"https:\/\/bvg.lv\/wp-content\/uploads\/2024\/09\/BVG_izglitojamo_pasparvaldes_reglaments_31082023_grozitais.pdf\" target=\"_blank\" rel=\"noopener\">Balvu Valsts \u0123imn\u0101zijas Izgl\u012btojamo pa\u0161p\u0101rvaldes reglaments<\/a><\/p>\n\n\n\n<p><a href=\"https:\/\/bvg.lv\/wp-content\/uploads\/2024\/09\/BVG_draudi_savai_vai_citu_dzivibai_27032024.pdf\" target=\"_blank\" rel=\"noopener\">R\u012bc\u012bbas pl\u0101ns, ja \u0123imn\u0101zij\u0101 vai t\u0101s organiz\u0113taj\u0101 vai atbalst\u012btaj\u0101 pas\u0101kum\u0101 izgl\u012btojamais k\u0101das personas darb\u012bb\u0101 saskata draudus savai vai citu personu dro\u0161\u012bbai, tostarp vardarb\u012bbu<\/a><\/p>\n\n\n\n<p><a href=\"https:\/\/bvg.lv\/wp-content\/uploads\/2023\/11\/Pasnovertejuma_zinojums_par_2022_2023.m.g.pdf\" target=\"_blank\" rel=\"noopener\">Balvu Valsts \u0123imn\u0101zijas pa\u0161nov\u0113rt\u0113juma zi\u0146ojums<\/a><\/p>\n\n\n\n<p><a href=\"https:\/\/bvg.lv\/wp-content\/uploads\/2024\/09\/Macibu_kursa_VAM_izglitojamo_macibu_snieguma_vertesanas_kartiba.pdf\" target=\"_blank\" rel=\"noopener\">M\u0101c\u012bbu kursa \u201cValsts aizsardz\u012bbas m\u0101c\u012bba\u201d izgl\u012btojamo m\u0101c\u012bbu snieguma v\u0113rt\u0113\u0161anas k\u0101rt\u012bba<\/a><\/p>\n\n\n\n<p><\/p>\n","protected":false},"excerpt":{"rendered":"<p>Balvu Valsts \u0123imn\u0101zijas pas\u0101kumu pl\u0101ns 2025.\/2026.m.g. 2.semestrim Izgl\u012btojamo m\u0101c\u012bbu snieguma v\u0113rt\u0113\u0161anas k\u0101rt\u012bba Balvu Valsts \u0123imn\u0101zij\u0101 Balvu Valsts \u0123imn\u0101zijas pa\u0161nov\u0113rt\u0113juma zi\u0146ojums 2024.\/2025.m\u0101c\u012bbu gads Balvu Valsts \u0123imn\u0101zijas intere\u0161u izgl\u012bt\u012bbas nodarb\u012bbu grafiks 2025.\/2026.m.g. 2.semestrim Uz\u0146em\u0161anas noteikumi Balvu Valsts \u0123imn\u0101zij\u0101 2025.\/2026.m.g. Videonov\u0113ro\u0161anas sist\u0113mu iek\u0161\u0113j\u0101s &hellip; <a href=\"https:\/\/bvg.lv\/?page_id=111\">Turpiniet las\u012bt <span class=\"meta-nav\">&rarr;<\/span><\/a><\/p>\n","protected":false},"author":1,"featured_media":0,"parent":0,"menu_order":0,"comment_status":"closed","ping_status":"closed","template":"","meta":{"ngg_post_thumbnail":0,"footnotes":""},"class_list":["post-111","page","type-page","status-publish","hentry"],"_links":{"self":[{"href":"https:\/\/bvg.lv\/index.php?rest_route=\/wp\/v2\/pages\/111","targetHints":{"allow":["GET"]}}],"collection":[{"href":"https:\/\/bvg.lv\/index.php?rest_route=\/wp\/v2\/pages"}],"about":[{"href":"https:\/\/bvg.lv\/index.php?rest_route=\/wp\/v2\/types\/page"}],"author":[{"embeddable":true,"href":"https:\/\/bvg.lv\/index.php?rest_route=\/wp\/v2\/users\/1"}],"replies":[{"embeddable":true,"href":"https:\/\/bvg.lv\/index.php?rest_route=%2Fwp%2Fv2%2Fcomments&post=111"}],"version-history":[{"count":50,"href":"https:\/\/bvg.lv\/index.php?rest_route=\/wp\/v2\/pages\/111\/revisions"}],"predecessor-version":[{"id":5397,"href":"https:\/\/bvg.lv\/index.php?rest_route=\/wp\/v2\/pages\/111\/revisions\/5397"}],"wp:attachment":[{"href":"https:\/\/bvg.lv\/index.php?rest_route=%2Fwp%2Fv2%2Fmedia&parent=111"}],"curies":[{"name":"wp","href":"https:\/\/api.w.org\/{rel}","templated":true}]}}